{"id":29869,"date":"2025-12-27T14:36:02","date_gmt":"2025-12-27T14:36:02","guid":{"rendered":"https:\/\/topprixsarl.ch\/product\/rlx-essuie-mains-tork-unive-h1-crt-a-6-rlx-1-couche-tad-280m-extrablanc\/"},"modified":"2026-01-14T14:21:42","modified_gmt":"2026-01-14T14:21:42","slug":"rlx-essuie-mains-tork-unive-h1-crt-a-6-rlx-1-couche-tad-280m-extrablanc","status":"publish","type":"product","link":"https:\/\/topprixsarl.ch\/en\/product-2\/rlx-essuie-mains-tork-unive-h1-crt-a-6-rlx-1-couche-tad-280m-extrablanc\/","title":{"rendered":"Tork Matic comfort towels for H1 - 2 ply - 6 rolls"},"content":{"rendered":"<p>**Tork Matic\u00ae Essuie-mains doux blancs \u00e0 feuilles grises H1**<\/p>\n<p>Laissez une impression durable \u00e0 vos clients gr\u00e2ce \u00e0 l&rsquo;\u00e9l\u00e9gant motif gaufr\u00e9 et \u00e0 la douceur des essuie-mains Tork Matic\u00ae. Ces essuie-mains de qualit\u00e9 Advanced sont r\u00e9sistants et ultra-absorbants pour un s\u00e9chage efficace des mains. <\/p>\n<p>De plus, associ\u00e9s au distributeur Tork Matic\u00ae et sa distribution feuille \u00e0 feuille, ils renforcent l&rsquo;hygi\u00e8ne et r\u00e9duisent le gaspillage. Le distributeur fait \u00e9galement gagner du temps \u00e0 votre personnel car il est facile \u00e0 recharger et n\u00e9cessite peu d&rsquo;entretien.<\/p>\n<p>**Les avantages en un coup d&rsquo;\u0153il :**<\/p>\n<p>+ R\u00e9sistants<br \/>\n+ Efficaces et doux pour les mains<br \/>\n+ Gaufrage d\u00e9coratif \u00e0 feuilles grises<br \/>\n+ Emballage Tork Easy Handling<br \/>\n+ Certifi\u00e9s FSC<br \/>\n+ \u00c9colabel europ\u00e9en pour un impact r\u00e9duit sur l&rsquo;environnement<br \/>\n+ Certifi\u00e9s pour le contact alimentaire s\u00fbr et \u00e0 court terme<\/p>","protected":false},"excerpt":{"rendered":"<p>Tork Matic\u00ae Essuie-mains doux blancs \u00e0 feuilles grises H1:Laissez une impression durable \u00e0 vos clients gr\u00e2ce \u00e0 l&rsquo;\u00e9l\u00e9gant motif gaufr\u00e9 et \u00e0 la douceur des essuie-mains Tork Matic\u00ae. Ces essuie-mains de qualit\u00e9 Advanced sont r\u00e9sistants et ultra-absorban<\/p>","protected":false},"featured_media":29868,"comment_status":"open","ping_status":"closed","template":"","meta":[],"product_brand":[],"product_cat":[137],"product_tag":[],"class_list":{"0":"post-29869","1":"product","2":"type-product","3":"status-publish","4":"has-post-thumbnail","6":"product_cat-papier","8":"first","9":"instock","10":"shipping-taxable","11":"purchasable","12":"product-type-simple"},"_links":{"self":[{"href":"https:\/\/topprixsarl.ch\/en\/wp-json\/wp\/v2\/product\/29869","targetHints":{"allow":["GET"]}}],"collection":[{"href":"https:\/\/topprixsarl.ch\/en\/wp-json\/wp\/v2\/product"}],"about":[{"href":"https:\/\/topprixsarl.ch\/en\/wp-json\/wp\/v2\/types\/product"}],"replies":[{"embeddable":true,"href":"https:\/\/topprixsarl.ch\/en\/wp-json\/wp\/v2\/comments?post=29869"}],"version-history":[{"count":2,"href":"https:\/\/topprixsarl.ch\/en\/wp-json\/wp\/v2\/product\/29869\/revisions"}],"predecessor-version":[{"id":32468,"href":"https:\/\/topprixsarl.ch\/en\/wp-json\/wp\/v2\/product\/29869\/revisions\/32468"}],"wp:featuredmedia":[{"embeddable":true,"href":"https:\/\/topprixsarl.ch\/en\/wp-json\/wp\/v2\/media\/29868"}],"wp:attachment":[{"href":"https:\/\/topprixsarl.ch\/en\/wp-json\/wp\/v2\/media?parent=29869"}],"wp:term":[{"taxonomy":"product_brand","embeddable":true,"href":"https:\/\/topprixsarl.ch\/en\/wp-json\/wp\/v2\/product_brand?post=29869"},{"taxonomy":"product_cat","embeddable":true,"href":"https:\/\/topprixsarl.ch\/en\/wp-json\/wp\/v2\/product_cat?post=29869"},{"taxonomy":"product_tag","embeddable":true,"href":"https:\/\/topprixsarl.ch\/en\/wp-json\/wp\/v2\/product_tag?post=29869"}],"curies":[{"name":"wp","href":"https:\/\/api.w.org\/{rel}","templated":true}]}}