{"id":33548,"date":"2026-02-26T14:05:35","date_gmt":"2026-02-26T14:05:35","guid":{"rendered":"https:\/\/topprixsarl.ch\/product\/nespresso-sachet-de-sucre-4-g-en-vrac-paq-300-sachets\/"},"modified":"2026-03-03T12:21:29","modified_gmt":"2026-03-03T12:21:29","slug":"nespresso-sachet-de-sucre-4-g-en-vrac-paq-300-sachets","status":"publish","type":"product","link":"https:\/\/topprixsarl.ch\/de\/product\/nespresso-sachet-de-sucre-4-g-en-vrac-paq-300-sachets\/","title":{"rendered":"NESPRESSO sachet de sucre 4 g, en vrac, paq. 300 sachets"},"content":{"rendered":"<p><strong>Une cuiller\u00e9e de sucre<\/strong><\/p>\n<p>Certaines choses sont naturellement sucr\u00e9es: l&rsquo;amour de votre vie a g\u00e9n\u00e9ralement au moins un soup\u00e7on de douceur, un chiot a un effet similaire, ou tout simplement une part de g\u00e2teau. Ce qui n&rsquo;est g\u00e9n\u00e9ralement pas consid\u00e9r\u00e9 comme sucr\u00e9, c&rsquo;est une tasse de th\u00e9 ou de caf\u00e9 ordinaire. Cependant, un certain nombre de personnes pr\u00e9f\u00e8rent ajouter des ingr\u00e9dients \u00e0 leur boisson chaude, que ce soit pour en modifier la texture avec du lait ou de la cr\u00e8me ou pour en am\u00e9liorer le go\u00fbt avec une cuiller\u00e9e de sucre.<\/p>\n<p>Pour ce cas, Nespresso a le bon compl\u00e9ment: un petit sachet contenant 4g de l&rsquo;agent sucrant. C&rsquo;est la quantit\u00e9 parfaite pour une tasse de caf\u00e9, de th\u00e9 ou de toute autre boisson, chaude ou froide. Cette quantit\u00e9 correspond au morceau de sucre moyen, qui est \u00e9galement disponible dans cette boutique en ligne.<\/p>\n<p>Les sachets individuels sont hygi\u00e9niques, id\u00e9alement dos\u00e9s et il ne se cr\u00e9ent pas de grumeaux parce que quelqu&rsquo;un a retir\u00e9 le sucre avec une cuill\u00e8re humide.<\/p>\n<p>Que le th\u00e9 ou le caf\u00e9, mais aussi les m\u00e9dicaments, descendent avec une cuiller\u00e9e de sucre!<\/p>\n<p><strong>Dans votre catalogue<\/strong><\/p>\n<p>Retrouvez ce produit page 24<\/p>","protected":false},"excerpt":{"rendered":"<p>Une cuiller\u00e9e de sucre Certaines choses sont naturellement sucr\u00e9es: l&rsquo;amour de votre vie a g\u00e9n\u00e9ralement au moins un soup\u00e7on de douceur, un chiot a un effet similaire, ou tout simplement une part de g\u00e2teau. Ce qui n&rsquo;est g\u00e9n\u00e9ralement pas consid\u00e9r\u00e9 comm<\/p>","protected":false},"featured_media":33559,"comment_status":"open","ping_status":"closed","template":"","meta":[],"product_brand":[],"product_cat":[143],"product_tag":[],"class_list":{"0":"post-33548","1":"product","2":"type-product","3":"status-publish","4":"has-post-thumbnail","6":"product_cat-nettoyage","8":"first","9":"instock","10":"shipping-taxable","11":"purchasable","12":"product-type-simple"},"_links":{"self":[{"href":"https:\/\/topprixsarl.ch\/de\/wp-json\/wp\/v2\/product\/33548","targetHints":{"allow":["GET"]}}],"collection":[{"href":"https:\/\/topprixsarl.ch\/de\/wp-json\/wp\/v2\/product"}],"about":[{"href":"https:\/\/topprixsarl.ch\/de\/wp-json\/wp\/v2\/types\/product"}],"replies":[{"embeddable":true,"href":"https:\/\/topprixsarl.ch\/de\/wp-json\/wp\/v2\/comments?post=33548"}],"version-history":[{"count":1,"href":"https:\/\/topprixsarl.ch\/de\/wp-json\/wp\/v2\/product\/33548\/revisions"}],"predecessor-version":[{"id":33560,"href":"https:\/\/topprixsarl.ch\/de\/wp-json\/wp\/v2\/product\/33548\/revisions\/33560"}],"wp:featuredmedia":[{"embeddable":true,"href":"https:\/\/topprixsarl.ch\/de\/wp-json\/wp\/v2\/media\/33559"}],"wp:attachment":[{"href":"https:\/\/topprixsarl.ch\/de\/wp-json\/wp\/v2\/media?parent=33548"}],"wp:term":[{"taxonomy":"product_brand","embeddable":true,"href":"https:\/\/topprixsarl.ch\/de\/wp-json\/wp\/v2\/product_brand?post=33548"},{"taxonomy":"product_cat","embeddable":true,"href":"https:\/\/topprixsarl.ch\/de\/wp-json\/wp\/v2\/product_cat?post=33548"},{"taxonomy":"product_tag","embeddable":true,"href":"https:\/\/topprixsarl.ch\/de\/wp-json\/wp\/v2\/product_tag?post=33548"}],"curies":[{"name":"wp","href":"https:\/\/api.w.org\/{rel}","templated":true}]}}