{"id":33540,"date":"2026-02-26T14:04:45","date_gmt":"2026-02-26T14:04:45","guid":{"rendered":"https:\/\/topprixsarl.ch\/product\/agitateurs-en-bois-duni-emballes-separement-paq-100-unites\/"},"modified":"2026-03-03T12:21:06","modified_gmt":"2026-03-03T12:21:06","slug":"agitateurs-en-bois-duni-emballes-separement-paq-100-unites","status":"publish","type":"product","link":"https:\/\/topprixsarl.ch\/de\/product\/agitateurs-en-bois-duni-emballes-separement-paq-100-unites\/","title":{"rendered":"Agitateurs en bois Duni emball\u00e9s s\u00e9par\u00e9ment, paq. 100 unit\u00e9s"},"content":{"rendered":"<p><strong>L&rsquo;alternative \u00e9cologique<\/strong><\/p>\n<p>Enfin, il est temps de faire une pause! D\u00e9tendez-vous, prenez un caf\u00e9, mettez du sucre et remuez avec les agitateurs en bois Duni!<\/p>\n<p>Les agitateurs en bois Duni sont une meilleure option que les cuill\u00e8res \u00e0 caf\u00e9 en plastique, car ils sont totalement durables. En fait, le bois est une mati\u00e8re renouvelable, ce qui la rend populaire en mati\u00e8re d&rsquo;\u00e9cologie. Pas de d\u00e9chets, pas de pollution.<\/p>\n<p>De plus, \u00e9tant confectionn\u00e9es individuellement, ils sont encore plus hygi\u00e9niques que les cuill\u00e8res traditionnelles. Choisissez les agitateurs jetables Duni!<\/p>\n<ul>\n<li>Durables et \u00e9cologiques<\/li>\n<li>Mati\u00e8re renouvelable<\/li>\n<li>Pas de d\u00e9chets, pas de pollution<\/li>\n<li>Hygi\u00e9niques gr\u00e2ce \u00e0 une confection individuelle<\/li>\n<\/ul>","protected":false},"excerpt":{"rendered":"<p>L&rsquo;alternative \u00e9cologique Enfin, il est temps de faire une pause! D\u00e9tendez-vous, prenez un caf\u00e9, mettez du sucre et remuez avec les agitateurs en bois Duni!Les agitateurs en bois Duni sont une meilleure option que les cuill\u00e8res \u00e0 caf\u00e9 en plastique, ca<\/p>","protected":false},"featured_media":33551,"comment_status":"open","ping_status":"closed","template":"","meta":[],"product_brand":[],"product_cat":[143],"product_tag":[],"class_list":{"0":"post-33540","1":"product","2":"type-product","3":"status-publish","4":"has-post-thumbnail","6":"product_cat-nettoyage","8":"first","9":"instock","10":"shipping-taxable","11":"purchasable","12":"product-type-simple"},"_links":{"self":[{"href":"https:\/\/topprixsarl.ch\/de\/wp-json\/wp\/v2\/product\/33540","targetHints":{"allow":["GET"]}}],"collection":[{"href":"https:\/\/topprixsarl.ch\/de\/wp-json\/wp\/v2\/product"}],"about":[{"href":"https:\/\/topprixsarl.ch\/de\/wp-json\/wp\/v2\/types\/product"}],"replies":[{"embeddable":true,"href":"https:\/\/topprixsarl.ch\/de\/wp-json\/wp\/v2\/comments?post=33540"}],"version-history":[{"count":1,"href":"https:\/\/topprixsarl.ch\/de\/wp-json\/wp\/v2\/product\/33540\/revisions"}],"predecessor-version":[{"id":33552,"href":"https:\/\/topprixsarl.ch\/de\/wp-json\/wp\/v2\/product\/33540\/revisions\/33552"}],"wp:featuredmedia":[{"embeddable":true,"href":"https:\/\/topprixsarl.ch\/de\/wp-json\/wp\/v2\/media\/33551"}],"wp:attachment":[{"href":"https:\/\/topprixsarl.ch\/de\/wp-json\/wp\/v2\/media?parent=33540"}],"wp:term":[{"taxonomy":"product_brand","embeddable":true,"href":"https:\/\/topprixsarl.ch\/de\/wp-json\/wp\/v2\/product_brand?post=33540"},{"taxonomy":"product_cat","embeddable":true,"href":"https:\/\/topprixsarl.ch\/de\/wp-json\/wp\/v2\/product_cat?post=33540"},{"taxonomy":"product_tag","embeddable":true,"href":"https:\/\/topprixsarl.ch\/de\/wp-json\/wp\/v2\/product_tag?post=33540"}],"curies":[{"name":"wp","href":"https:\/\/api.w.org\/{rel}","templated":true}]}}