{"id":32364,"date":"2026-01-10T22:09:41","date_gmt":"2026-01-10T22:09:41","guid":{"rendered":"https:\/\/topprixsarl.ch\/product\/pad-pour-nuc244-numatic-912352-225-mm-vert-paquet-de-10-pieces\/"},"modified":"2026-01-14T14:18:55","modified_gmt":"2026-01-14T14:18:55","slug":"pad-fur-nuc244-numatic-912352-225-mm-grun-10er-pack","status":"publish","type":"product","link":"https:\/\/topprixsarl.ch\/de\/product\/pad-fur-nuc244-numatic-912352-225-mm-grun-10er-pack\/","title":{"rendered":"Pad f\u00fcr NUC244, Numatic 912352, 225 mm, gr\u00fcn, Packung \u00e0 10 St\u00fcck"},"content":{"rendered":"","protected":false},"excerpt":{"rendered":"<p>Pad f\u00fcr NUC244, Numatic 912352, 225 mm, gr\u00fcn, Packung \u00e0 10 St\u00fcck<\/p>","protected":false},"featured_media":32380,"comment_status":"open","ping_status":"closed","template":"","meta":[],"product_brand":[],"product_cat":[143],"product_tag":[],"class_list":{"0":"post-32364","1":"product","2":"type-product","3":"status-publish","4":"has-post-thumbnail","6":"product_cat-nettoyage","8":"first","9":"instock","10":"shipping-taxable","11":"purchasable","12":"product-type-simple"},"_links":{"self":[{"href":"https:\/\/topprixsarl.ch\/de\/wp-json\/wp\/v2\/product\/32364","targetHints":{"allow":["GET"]}}],"collection":[{"href":"https:\/\/topprixsarl.ch\/de\/wp-json\/wp\/v2\/product"}],"about":[{"href":"https:\/\/topprixsarl.ch\/de\/wp-json\/wp\/v2\/types\/product"}],"replies":[{"embeddable":true,"href":"https:\/\/topprixsarl.ch\/de\/wp-json\/wp\/v2\/comments?post=32364"}],"version-history":[{"count":1,"href":"https:\/\/topprixsarl.ch\/de\/wp-json\/wp\/v2\/product\/32364\/revisions"}],"predecessor-version":[{"id":33193,"href":"https:\/\/topprixsarl.ch\/de\/wp-json\/wp\/v2\/product\/32364\/revisions\/33193"}],"wp:featuredmedia":[{"embeddable":true,"href":"https:\/\/topprixsarl.ch\/de\/wp-json\/wp\/v2\/media\/32380"}],"wp:attachment":[{"href":"https:\/\/topprixsarl.ch\/de\/wp-json\/wp\/v2\/media?parent=32364"}],"wp:term":[{"taxonomy":"product_brand","embeddable":true,"href":"https:\/\/topprixsarl.ch\/de\/wp-json\/wp\/v2\/product_brand?post=32364"},{"taxonomy":"product_cat","embeddable":true,"href":"https:\/\/topprixsarl.ch\/de\/wp-json\/wp\/v2\/product_cat?post=32364"},{"taxonomy":"product_tag","embeddable":true,"href":"https:\/\/topprixsarl.ch\/de\/wp-json\/wp\/v2\/product_tag?post=32364"}],"curies":[{"name":"wp","href":"https:\/\/api.w.org\/{rel}","templated":true}]}}