{"id":32362,"date":"2026-01-10T22:09:41","date_gmt":"2026-01-10T22:09:41","guid":{"rendered":"https:\/\/topprixsarl.ch\/product\/desinfectant-de-surface-hartmann-bacillol-30-sensitive-foam-5-litres\/"},"modified":"2026-01-14T14:18:55","modified_gmt":"2026-01-14T14:18:55","slug":"flachen-desinfektionsmittel-hartmann-bacillol-30-sensitive-foam-5-liter","status":"publish","type":"product","link":"https:\/\/topprixsarl.ch\/de\/product\/flachen-desinfektionsmittel-hartmann-bacillol-30-sensitive-foam-5-liter\/","title":{"rendered":"Hartmann Bacillol 30 Sensitive Foam Oberfl\u00e4chen-Desinfektionsmittel, 5 Liter"},"content":{"rendered":"<p>Hartmann Bacillol 30 Sensitive Foam sorgt f\u00fcr eine wirksame und schonende Desinfektion von empfindlichen Oberfl\u00e4chen. <\/p>\n<p>+ Alkoholfreie Formel, die schnell gegen Bakterien, Pilze und Viren wirkt. <\/p>\n<p>+ Hinterl\u00e4sst keine Spuren und keinen unangenehmen Geruch. <\/p>\n<p>+ Gebrauchsfertige, sch\u00e4umende Textur, l\u00e4sst sich gleichm\u00e4\u00dfig auftragen, ohne zu verlaufen. <\/p>\n<p>+ Ideal f\u00fcr medizinische Umgebungen, B\u00fcros oder empfindliche Ger\u00e4te. <\/p>\n<p>Desinfizieren Sie sanft und sicher - mit Bacillol 30 Sensitive Foam! <\/p>\n<p>*Biozidprodukt. Biozidprodukte sollten mit Vorsicht verwendet werden. Bitte lesen Sie vor Gebrauch das Etikett und die Packungsbeilage. <\/p>\n<p>*Gef\u00e4hrliches Produkt. Beachten Sie die Vorsichtsma\u00dfnahmen auf dem Sicherheitsdatenblatt.<\/p>","protected":false},"excerpt":{"rendered":"<p>Hartmann Bacillol 30 Sensitive Foam sorgt f\u00fcr eine wirksame und schonende Desinfektion von empfindlichen Oberfl\u00e4chen. Seine alkoholfreie Formel wirkt schnell gegen Bakterien, Pilze und Viren, ohne Spuren oder einen unangenehmen Geruch zu hinterlassen.Dank <\/p>","protected":false},"featured_media":32386,"comment_status":"open","ping_status":"closed","template":"","meta":[],"product_brand":[],"product_cat":[143],"product_tag":[],"class_list":{"0":"post-32362","1":"product","2":"type-product","3":"status-publish","4":"has-post-thumbnail","6":"product_cat-nettoyage","8":"first","9":"instock","10":"shipping-taxable","11":"purchasable","12":"product-type-simple"},"_links":{"self":[{"href":"https:\/\/topprixsarl.ch\/de\/wp-json\/wp\/v2\/product\/32362","targetHints":{"allow":["GET"]}}],"collection":[{"href":"https:\/\/topprixsarl.ch\/de\/wp-json\/wp\/v2\/product"}],"about":[{"href":"https:\/\/topprixsarl.ch\/de\/wp-json\/wp\/v2\/types\/product"}],"replies":[{"embeddable":true,"href":"https:\/\/topprixsarl.ch\/de\/wp-json\/wp\/v2\/comments?post=32362"}],"version-history":[{"count":1,"href":"https:\/\/topprixsarl.ch\/de\/wp-json\/wp\/v2\/product\/32362\/revisions"}],"predecessor-version":[{"id":33191,"href":"https:\/\/topprixsarl.ch\/de\/wp-json\/wp\/v2\/product\/32362\/revisions\/33191"}],"wp:featuredmedia":[{"embeddable":true,"href":"https:\/\/topprixsarl.ch\/de\/wp-json\/wp\/v2\/media\/32386"}],"wp:attachment":[{"href":"https:\/\/topprixsarl.ch\/de\/wp-json\/wp\/v2\/media?parent=32362"}],"wp:term":[{"taxonomy":"product_brand","embeddable":true,"href":"https:\/\/topprixsarl.ch\/de\/wp-json\/wp\/v2\/product_brand?post=32362"},{"taxonomy":"product_cat","embeddable":true,"href":"https:\/\/topprixsarl.ch\/de\/wp-json\/wp\/v2\/product_cat?post=32362"},{"taxonomy":"product_tag","embeddable":true,"href":"https:\/\/topprixsarl.ch\/de\/wp-json\/wp\/v2\/product_tag?post=32362"}],"curies":[{"name":"wp","href":"https:\/\/api.w.org\/{rel}","templated":true}]}}