{"id":32361,"date":"2026-01-10T22:09:40","date_gmt":"2026-01-10T22:09:40","guid":{"rendered":"https:\/\/topprixsarl.ch\/product\/desinfection-des-mains-avec-pompe-hartmann-sterillium-gel-500-ml-sans-parfum\/"},"modified":"2026-01-14T14:18:55","modified_gmt":"2026-01-14T14:18:55","slug":"desinfection-des-mains-avec-pompe-hartmann-sterillium-gel-500-ml-sans-parfum","status":"publish","type":"product","link":"https:\/\/topprixsarl.ch\/de\/product\/desinfection-des-mains-avec-pompe-hartmann-sterillium-gel-500-ml-sans-parfum\/","title":{"rendered":"H\u00e4ndedesinfektion mit Pumpe Hartmann Sterillium Gel, 500 ml, parf\u00fcmfrei"},"content":{"rendered":"<p>Hartmann Sterillium Gel, 500 ml, non parfum\u00e9 avec pompe, offre une d\u00e9sinfection fiable des mains pour les normes d\u2019hygi\u00e8ne les plus \u00e9lev\u00e9es.<\/p>\n<p>+ Gel \u00e0 base d\u2019alcool \u00e9limine 99,99 % des bact\u00e9ries, champignons et virus \u2013 y compris les virus de la grippe, du coronavirus et du norovirus.<\/p>\n<p>+ S\u00e8che rapidement sans laisser de r\u00e9sidus collants.<\/p>\n<p>+ Sa consistance g\u00e9lifi\u00e9e garantit une application sans gouttes et une sensation agr\u00e9able sur la peau.<\/p>\n<p>+ Gr\u00e2ce aux composants relipidants, la peau reste souple m\u00eame en cas d\u2019utilisation fr\u00e9quente.<\/p>\n<p>+ Id\u00e9al pour les zones sensibles \u00e0 l\u2019hygi\u00e8ne dans les entreprises, le secteur de la sant\u00e9 et l\u2019industrie.<\/p>\n<p>Choisissez d\u00e8s maintenant une hygi\u00e8ne des mains s\u00fbre et respectueuse de la peau !<\/p>\n<p>*Biozidprodukt. Biozidprodukte sollten mit Vorsicht verwendet werden. Bitte lesen Sie vor Gebrauch das Etikett und die Packungsbeilage. <\/p>\n<p>*Gef\u00e4hrliches Produkt. Beachten Sie die Vorsichtsma\u00dfnahmen auf dem Sicherheitsdatenblatt.<\/p>","protected":false},"excerpt":{"rendered":"<p>Hartmann Sterillium Gel, 500 ml, non parfum\u00e9 avec pompe, offre une d\u00e9sinfection fiable des mains pour les normes d\u2019hygi\u00e8ne les plus \u00e9lev\u00e9es. Le gel \u00e0 base d\u2019alcool \u00e9limine 99,99 % des bact\u00e9ries, champignons et virus \u2013 y compris les virus de la grippe<\/p>","protected":false},"featured_media":32385,"comment_status":"open","ping_status":"closed","template":"","meta":[],"product_brand":[],"product_cat":[141],"product_tag":[],"class_list":{"0":"post-32361","1":"product","2":"type-product","3":"status-publish","4":"has-post-thumbnail","6":"product_cat-covid-19","8":"first","9":"instock","10":"shipping-taxable","11":"purchasable","12":"product-type-simple"},"_links":{"self":[{"href":"https:\/\/topprixsarl.ch\/de\/wp-json\/wp\/v2\/product\/32361","targetHints":{"allow":["GET"]}}],"collection":[{"href":"https:\/\/topprixsarl.ch\/de\/wp-json\/wp\/v2\/product"}],"about":[{"href":"https:\/\/topprixsarl.ch\/de\/wp-json\/wp\/v2\/types\/product"}],"replies":[{"embeddable":true,"href":"https:\/\/topprixsarl.ch\/de\/wp-json\/wp\/v2\/comments?post=32361"}],"version-history":[{"count":1,"href":"https:\/\/topprixsarl.ch\/de\/wp-json\/wp\/v2\/product\/32361\/revisions"}],"predecessor-version":[{"id":33190,"href":"https:\/\/topprixsarl.ch\/de\/wp-json\/wp\/v2\/product\/32361\/revisions\/33190"}],"wp:featuredmedia":[{"embeddable":true,"href":"https:\/\/topprixsarl.ch\/de\/wp-json\/wp\/v2\/media\/32385"}],"wp:attachment":[{"href":"https:\/\/topprixsarl.ch\/de\/wp-json\/wp\/v2\/media?parent=32361"}],"wp:term":[{"taxonomy":"product_brand","embeddable":true,"href":"https:\/\/topprixsarl.ch\/de\/wp-json\/wp\/v2\/product_brand?post=32361"},{"taxonomy":"product_cat","embeddable":true,"href":"https:\/\/topprixsarl.ch\/de\/wp-json\/wp\/v2\/product_cat?post=32361"},{"taxonomy":"product_tag","embeddable":true,"href":"https:\/\/topprixsarl.ch\/de\/wp-json\/wp\/v2\/product_tag?post=32361"}],"curies":[{"name":"wp","href":"https:\/\/api.w.org\/{rel}","templated":true}]}}