{"id":32357,"date":"2026-01-10T22:09:39","date_gmt":"2026-01-10T22:09:39","guid":{"rendered":"https:\/\/topprixsarl.ch\/product\/autolaveuse-numatic-ncc440nx-52-x-45-x-120-cm-grise-rouge\/"},"modified":"2026-01-14T14:18:56","modified_gmt":"2026-01-14T14:18:56","slug":"scheuersaugmaschine-numatic-ncc440nx-52-x-45-x-120-cm-grau-rot","status":"publish","type":"product","link":"https:\/\/topprixsarl.ch\/de\/product\/scheuersaugmaschine-numatic-ncc440nx-52-x-45-x-120-cm-grau-rot\/","title":{"rendered":"Numatic NCC440NX Scheuersaugmaschine, 52 x 45 x 120 cm, grau\/rot"},"content":{"rendered":"<p>**Numatic Scheuersaugmaschine NCC440NX**<\/p>\n<p>Die Numatic Scheuersaugmaschine NCC440NX ist die kompakte L\u00f6sung f\u00fcr die Reinigung kleinerer Fl\u00e4chen, die Effizienz und moderne Technologie miteinander verbindet. <\/p>\n<p>+ **Arbeitsbreite**: 440 mm<br \/>\n+ **Tank**: 2,2 Liter<br \/>\n+ **Anwendungen**: Ideal f\u00fcr B\u00fcros, Gesch\u00e4fte oder beengte R\u00e4ume  <\/p>\n<p>Dank der NX300-Technologie bietet er lang anhaltende Leistung und ist mit einem wartungsfreien digitalen Saugmotor ausgestattet. <\/p>\n<p>+ **Rahmen**: Hergestellt aus hochwertigem Kunststoff mit einem Anteil an Recyclingmaterial, der Robustheit und Langlebigkeit vereint.  <\/p>\n<p>AssistPro stellt Handb\u00fccher und Videos \u00fcber eine App zur Verf\u00fcgung und bietet optional ein Schnellladeger\u00e4t und einen Akku mit 4 Jahren Garantie an. <\/p>\n<p>+ **Auswahl**: Kompakte und effiziente Reinigungsleistung  <\/p>\n<p>**Zubeh\u00f6r**:<br \/>\n+ Batterie - 20759655<br \/>\n+ Schnellladeger\u00e4t f\u00fcr 1 Akku - 20849873<br \/>\n+ Schnellladeger\u00e4t f\u00fcr 2 Akkus - 20759529<br \/>\n+ 2 \u00d7 PadLoc-Trainingsplatte - 20759702<br \/>\n+ Pad rot, 10 St\u00fcck - 20759688<br \/>\n+ Pad gr\u00fcn, 10 St\u00fcck - 21704185<\/p>","protected":false},"excerpt":{"rendered":"<p>Die Numatic Scheuersaugmaschine NCC440NX ist die kompakte L\u00f6sung f\u00fcr die Reinigung kleinerer Fl\u00e4chen, die Effizienz und moderne Technologie vereint. Mit einer Arbeitsbreite von 440 mm und einem Tankvolumen von 2,2 Litern eignet sie sich ideal f\u00fcr B\u00fcros, Verkaufsr\u00e4ume und andere Einrichtungen.<\/p>","protected":false},"featured_media":32383,"comment_status":"open","ping_status":"closed","template":"","meta":[],"product_brand":[],"product_cat":[143],"product_tag":[],"class_list":{"0":"post-32357","1":"product","2":"type-product","3":"status-publish","4":"has-post-thumbnail","6":"product_cat-nettoyage","8":"first","9":"instock","10":"shipping-taxable","11":"purchasable","12":"product-type-simple"},"_links":{"self":[{"href":"https:\/\/topprixsarl.ch\/de\/wp-json\/wp\/v2\/product\/32357","targetHints":{"allow":["GET"]}}],"collection":[{"href":"https:\/\/topprixsarl.ch\/de\/wp-json\/wp\/v2\/product"}],"about":[{"href":"https:\/\/topprixsarl.ch\/de\/wp-json\/wp\/v2\/types\/product"}],"replies":[{"embeddable":true,"href":"https:\/\/topprixsarl.ch\/de\/wp-json\/wp\/v2\/comments?post=32357"}],"version-history":[{"count":1,"href":"https:\/\/topprixsarl.ch\/de\/wp-json\/wp\/v2\/product\/32357\/revisions"}],"predecessor-version":[{"id":33186,"href":"https:\/\/topprixsarl.ch\/de\/wp-json\/wp\/v2\/product\/32357\/revisions\/33186"}],"wp:featuredmedia":[{"embeddable":true,"href":"https:\/\/topprixsarl.ch\/de\/wp-json\/wp\/v2\/media\/32383"}],"wp:attachment":[{"href":"https:\/\/topprixsarl.ch\/de\/wp-json\/wp\/v2\/media?parent=32357"}],"wp:term":[{"taxonomy":"product_brand","embeddable":true,"href":"https:\/\/topprixsarl.ch\/de\/wp-json\/wp\/v2\/product_brand?post=32357"},{"taxonomy":"product_cat","embeddable":true,"href":"https:\/\/topprixsarl.ch\/de\/wp-json\/wp\/v2\/product_cat?post=32357"},{"taxonomy":"product_tag","embeddable":true,"href":"https:\/\/topprixsarl.ch\/de\/wp-json\/wp\/v2\/product_tag?post=32357"}],"curies":[{"name":"wp","href":"https:\/\/api.w.org\/{rel}","templated":true}]}}