{"id":32356,"date":"2026-01-10T22:09:39","date_gmt":"2026-01-10T22:09:39","guid":{"rendered":"https:\/\/topprixsarl.ch\/product\/deo-pour-aspirateurs-ocean-nucrystal-numatic-100825\/"},"modified":"2026-01-14T14:18:56","modified_gmt":"2026-01-14T14:18:56","slug":"deo-pour-aspirateurs-ocean-nucrystal-numatic-100825","status":"publish","type":"product","link":"https:\/\/topprixsarl.ch\/de\/product\/deo-pour-aspirateurs-ocean-nucrystal-numatic-100825\/","title":{"rendered":"Ocean NuCrystal Staubsauger-Deo, Numatic 100825"},"content":{"rendered":"<p>Les bouchons d&rsquo;oreilles Uvex vous garantissent une protection auditive ! <\/p>\n<p>Les bouchons d&rsquo;oreilles Uvex sont un accessoire essentiel pour ceux qui travaillent dans des environnements bruyants. Que vous travailliez dans une usine, un chantier de construction ou m\u00eame dans un bureau bruyant, ils peuvent vous aider \u00e0 prot\u00e9ger votre audition et \u00e0 vous concentrer sur votre travail. <\/p>\n<p>Ces bouchons d&rsquo;oreilles sont munis d&rsquo;un cordon pratique qui permet de les retirer et de les remettre en place rapidement et sans risque de les perdre. Ce produit est r\u00e9utilisable, cet article offre une solution durable pour votre utilisation. <\/p>\n<p>Les bouchons d&rsquo;oreilles d\u00e9tectables permettent d&rsquo;\u00eatre rep\u00e9r\u00e9s facilement en cas de chute ou de perte dans des environnements sensibles. <\/p>\n<p>Norme : EN 352-2 (Protection auditive &#8211; Casques anti-bruit) <\/p>\n<p>Caract\u00e9ristiques cl\u00e9s : <\/p>\n<p>+ Rapport signal sur bruit (SNR) : 27 dB <\/p>\n<p>+ Type de protection : traitement du son, offre l&rsquo;avantage de r\u00e9duire les bruits nuisibles tout en permettant de percevoir clairement les sons importants et les conversations <\/p>\n<p>+ Couleur : bleu <\/p>\n<p>+ Poids : 7 g <\/p>\n<p>La s\u00e9curit\u00e9 d&rsquo;abord : choisissez des \u00e9quipements de protection fiables ! <\/p>\n<p>> Garantie 2 ans<\/p>","protected":false},"excerpt":{"rendered":"<p>Les bouchons d&rsquo;oreilles Uvex vous garantissent une protection auditive ! Les bouchons d&rsquo;oreilles Uvex sont un accessoire essentiel pour ceux qui travaillent dans des environnements bruyants. Que vous travailliez dans une usine, un chantier de constru<\/p>","protected":false},"featured_media":32382,"comment_status":"open","ping_status":"closed","template":"","meta":[],"product_brand":[],"product_cat":[142],"product_tag":[],"class_list":{"0":"post-32356","1":"product","2":"type-product","3":"status-publish","4":"has-post-thumbnail","6":"product_cat-entretien","8":"first","9":"instock","10":"shipping-taxable","11":"purchasable","12":"product-type-simple"},"_links":{"self":[{"href":"https:\/\/topprixsarl.ch\/de\/wp-json\/wp\/v2\/product\/32356","targetHints":{"allow":["GET"]}}],"collection":[{"href":"https:\/\/topprixsarl.ch\/de\/wp-json\/wp\/v2\/product"}],"about":[{"href":"https:\/\/topprixsarl.ch\/de\/wp-json\/wp\/v2\/types\/product"}],"replies":[{"embeddable":true,"href":"https:\/\/topprixsarl.ch\/de\/wp-json\/wp\/v2\/comments?post=32356"}],"version-history":[{"count":1,"href":"https:\/\/topprixsarl.ch\/de\/wp-json\/wp\/v2\/product\/32356\/revisions"}],"predecessor-version":[{"id":33185,"href":"https:\/\/topprixsarl.ch\/de\/wp-json\/wp\/v2\/product\/32356\/revisions\/33185"}],"wp:featuredmedia":[{"embeddable":true,"href":"https:\/\/topprixsarl.ch\/de\/wp-json\/wp\/v2\/media\/32382"}],"wp:attachment":[{"href":"https:\/\/topprixsarl.ch\/de\/wp-json\/wp\/v2\/media?parent=32356"}],"wp:term":[{"taxonomy":"product_brand","embeddable":true,"href":"https:\/\/topprixsarl.ch\/de\/wp-json\/wp\/v2\/product_brand?post=32356"},{"taxonomy":"product_cat","embeddable":true,"href":"https:\/\/topprixsarl.ch\/de\/wp-json\/wp\/v2\/product_cat?post=32356"},{"taxonomy":"product_tag","embeddable":true,"href":"https:\/\/topprixsarl.ch\/de\/wp-json\/wp\/v2\/product_tag?post=32356"}],"curies":[{"name":"wp","href":"https:\/\/api.w.org\/{rel}","templated":true}]}}