{"id":32354,"date":"2026-01-10T22:09:39","date_gmt":"2026-01-10T22:09:39","guid":{"rendered":"https:\/\/topprixsarl.ch\/product\/lingettes-desinfectantes-hartmann-bacillol-30-sensitive-paquet-120-pcs-17x20cm\/"},"modified":"2026-01-14T14:18:55","modified_gmt":"2026-01-14T14:18:55","slug":"desinfektionstucher-hartmann-bacillol-30-sensitive-pack-120-pcs-17x20cm","status":"publish","type":"product","link":"https:\/\/topprixsarl.ch\/de\/product\/desinfektionstucher-hartmann-bacillol-30-sensitive-pack-120-pcs-17x20cm\/","title":{"rendered":"Hartmann Bacillol 30 Sensitive Desinfektionst\u00fccher, Packung 120 St., 17x20cm"},"content":{"rendered":"<p>Die Hartmann Bacillol 30 Sensitive Reinigungst\u00fccher, Oberfl\u00e4chenreinigungst\u00fccher und Desinfektionst\u00fccher wurden speziell f\u00fcr die schnelle, wirksame und schonende Desinfektion empfindlicher Oberfl\u00e4chen entwickelt.<\/p>\n<p>+ Formel mit niedrigem Alkoholgehalt f\u00fcr eine ausgezeichnete Vertr\u00e4glichkeit<\/p>\n<p>+ Eignen sich hervorragend f\u00fcr Kunststoffoberfl\u00e4chen wie Bildschirme, Displays und medizinische Ger\u00e4te<\/p>\n<p>+ Gebrauchsfertig, bietet eine hygienische L\u00f6sung f\u00fcr anspruchsvolle Reinigungsanforderungen<\/p>\n<p>Die innovativen Bacillol 30 Sensitive Reinigungst\u00fccher sind auch in einer umweltfreundlichen Version mit plastikfreien 100 % T\u00fcchern, den sogenannten Green Tissues, erh\u00e4ltlich.<\/p>\n<p>+ Wirkstoffe: Ethanol, Propan-2-ol und Propan-1-ol<\/p>\n<p>+ Zuverl\u00e4ssiger Schutz vor Keimen, der den h\u00f6chsten Hygienestandards im medizinischen und gewerblichen Bereich entspricht<\/p>\n<p>Steigern Sie Ihre Hygieneeffizienz mit den Hartmann Bacillol 30 Sensitive Desinfektionst\u00fcchern - bestellen Sie jetzt!<\/p>\n<p>Ein gef\u00e4hrliches Produkt. Beachten Sie die Vorsichtsma\u00dfnahmen auf dem Sicherheitsdatenblatt.*.<\/p>","protected":false},"excerpt":{"rendered":"<p>Die Hartmann Bacillol 30 Sensitive Reinigungst\u00fccher, Oberfl\u00e4chenreinigungst\u00fccher und Desinfektionst\u00fccher wurden speziell f\u00fcr die schnelle, effektive und schonende Desinfektion von empfindlichen Oberfl\u00e4chen entwickelt. Dank ihrer Formel mit Blende<\/p>","protected":false},"featured_media":32381,"comment_status":"open","ping_status":"closed","template":"","meta":[],"product_brand":[],"product_cat":[143],"product_tag":[],"class_list":{"0":"post-32354","1":"product","2":"type-product","3":"status-publish","4":"has-post-thumbnail","6":"product_cat-nettoyage","8":"first","9":"instock","10":"shipping-taxable","11":"purchasable","12":"product-type-simple"},"_links":{"self":[{"href":"https:\/\/topprixsarl.ch\/de\/wp-json\/wp\/v2\/product\/32354","targetHints":{"allow":["GET"]}}],"collection":[{"href":"https:\/\/topprixsarl.ch\/de\/wp-json\/wp\/v2\/product"}],"about":[{"href":"https:\/\/topprixsarl.ch\/de\/wp-json\/wp\/v2\/types\/product"}],"replies":[{"embeddable":true,"href":"https:\/\/topprixsarl.ch\/de\/wp-json\/wp\/v2\/comments?post=32354"}],"version-history":[{"count":1,"href":"https:\/\/topprixsarl.ch\/de\/wp-json\/wp\/v2\/product\/32354\/revisions"}],"predecessor-version":[{"id":33183,"href":"https:\/\/topprixsarl.ch\/de\/wp-json\/wp\/v2\/product\/32354\/revisions\/33183"}],"wp:featuredmedia":[{"embeddable":true,"href":"https:\/\/topprixsarl.ch\/de\/wp-json\/wp\/v2\/media\/32381"}],"wp:attachment":[{"href":"https:\/\/topprixsarl.ch\/de\/wp-json\/wp\/v2\/media?parent=32354"}],"wp:term":[{"taxonomy":"product_brand","embeddable":true,"href":"https:\/\/topprixsarl.ch\/de\/wp-json\/wp\/v2\/product_brand?post=32354"},{"taxonomy":"product_cat","embeddable":true,"href":"https:\/\/topprixsarl.ch\/de\/wp-json\/wp\/v2\/product_cat?post=32354"},{"taxonomy":"product_tag","embeddable":true,"href":"https:\/\/topprixsarl.ch\/de\/wp-json\/wp\/v2\/product_tag?post=32354"}],"curies":[{"name":"wp","href":"https:\/\/api.w.org\/{rel}","templated":true}]}}