{"id":32350,"date":"2026-01-10T22:09:38","date_gmt":"2026-01-10T22:09:38","guid":{"rendered":"https:\/\/topprixsarl.ch\/product\/chariot-de-nettoyage-numatic-avec-systeme-de-boite-a-balais-complet\/"},"modified":"2026-01-14T14:18:56","modified_gmt":"2026-01-14T14:18:56","slug":"chariot-de-nettoyage-numatic-avec-systeme-de-boite-a-balais-complet","status":"publish","type":"product","link":"https:\/\/topprixsarl.ch\/de\/product\/chariot-de-nettoyage-numatic-avec-systeme-de-boite-a-balais-complet\/","title":{"rendered":"Chariot de nettoyage Numatic avec syst\u00e8me de bo\u00eete \u00e0 balais, complet"},"content":{"rendered":"<p>Numatic Chariot de nettoyage avec syst\u00e8me de bo\u00eetes \u00e0 franges combine robustesse et fonctionnalit\u00e9 pour un nettoyage efficace et bien organis\u00e9. <\/p>\n<p>Construit en Structofoam haute r\u00e9sistance \u00e0 base de copolym\u00e8res, il est solide, facile \u00e0 nettoyer et r\u00e9siste aux produits chimiques agressifs. <\/p>\n<p>+ Livr\u00e9 mont\u00e9, il comprend deux bo\u00eetes \u00e0 franges avec couvercles et supports. <\/p>\n<p>+ Quatre seaux de 5 litres color\u00e9s (bleu, rouge, jaune, vert) sont inclus. <\/p>\n<p>+ Des fixations Toolflex pour les accessoires sont \u00e9galement fournies. <\/p>\n<p>+ Un tiroir de rangement int\u00e9gr\u00e9 et une unit\u00e9 universelle de d\u00e9chets rabattable compl\u00e8tent cet outil polyvalent. <\/p>\n<p>Choisissez une solution compl\u00e8te et r\u00e9sistante \u2013 avec le chariot Numatic.<\/p>","protected":false},"excerpt":{"rendered":"<p>Numatic Chariot de nettoyage avec syst\u00e8me de bo\u00eetes \u00e0 franges combine robustesse et fonctionnalit\u00e9 pour un nettoyage efficace et bien organis\u00e9. Construit en Structofoam haute r\u00e9sistance \u00e0 base de copolym\u00e8res, il est solide, facile \u00e0 nettoyer et r\u00e9sis<\/p>","protected":false},"featured_media":32379,"comment_status":"open","ping_status":"closed","template":"","meta":[],"product_brand":[],"product_cat":[143],"product_tag":[],"class_list":{"0":"post-32350","1":"product","2":"type-product","3":"status-publish","4":"has-post-thumbnail","6":"product_cat-nettoyage","8":"first","9":"instock","10":"shipping-taxable","11":"purchasable","12":"product-type-simple"},"_links":{"self":[{"href":"https:\/\/topprixsarl.ch\/de\/wp-json\/wp\/v2\/product\/32350","targetHints":{"allow":["GET"]}}],"collection":[{"href":"https:\/\/topprixsarl.ch\/de\/wp-json\/wp\/v2\/product"}],"about":[{"href":"https:\/\/topprixsarl.ch\/de\/wp-json\/wp\/v2\/types\/product"}],"replies":[{"embeddable":true,"href":"https:\/\/topprixsarl.ch\/de\/wp-json\/wp\/v2\/comments?post=32350"}],"version-history":[{"count":1,"href":"https:\/\/topprixsarl.ch\/de\/wp-json\/wp\/v2\/product\/32350\/revisions"}],"predecessor-version":[{"id":33176,"href":"https:\/\/topprixsarl.ch\/de\/wp-json\/wp\/v2\/product\/32350\/revisions\/33176"}],"wp:featuredmedia":[{"embeddable":true,"href":"https:\/\/topprixsarl.ch\/de\/wp-json\/wp\/v2\/media\/32379"}],"wp:attachment":[{"href":"https:\/\/topprixsarl.ch\/de\/wp-json\/wp\/v2\/media?parent=32350"}],"wp:term":[{"taxonomy":"product_brand","embeddable":true,"href":"https:\/\/topprixsarl.ch\/de\/wp-json\/wp\/v2\/product_brand?post=32350"},{"taxonomy":"product_cat","embeddable":true,"href":"https:\/\/topprixsarl.ch\/de\/wp-json\/wp\/v2\/product_cat?post=32350"},{"taxonomy":"product_tag","embeddable":true,"href":"https:\/\/topprixsarl.ch\/de\/wp-json\/wp\/v2\/product_tag?post=32350"}],"curies":[{"name":"wp","href":"https:\/\/api.w.org\/{rel}","templated":true}]}}