{"id":32348,"date":"2026-01-10T22:09:37","date_gmt":"2026-01-10T22:09:37","guid":{"rendered":"https:\/\/topprixsarl.ch\/product\/recharge-swiffer-paquet-de-20-lingettes-parfumees\/"},"modified":"2026-01-14T14:18:56","modified_gmt":"2026-01-14T14:18:56","slug":"recharge-swiffer-paquet-de-20-lingettes-parfumees","status":"publish","type":"product","link":"https:\/\/topprixsarl.ch\/de\/product\/recharge-swiffer-paquet-de-20-lingettes-parfumees\/","title":{"rendered":"Swiffer Nachf\u00fcllpack, Packung mit 20 T\u00fcchern, parf\u00fcmiert"},"content":{"rendered":"<p>Les recharges Swiffer pour aspirateurs \u00e0 poussi\u00e8re rendent le d\u00e9poussi\u00e9rage encore plus facile et plus efficace. <\/p>\n<p>Gr\u00e2ce \u00e0 leurs fibres sp\u00e9ciales, elles atteignent sans effort les endroits difficiles d&rsquo;acc\u00e8s et absorbent efficacement la poussi\u00e8re et la salet\u00e9. <\/p>\n<p>+ Elles soul\u00e8vent jusqu&rsquo;\u00e0 trois fois moins de poussi\u00e8re, ce qui rend le nettoyage plus agr\u00e9able. <\/p>\n<p>Parfait pour un usage professionnel : les fibres emprisonnent la poussi\u00e8re de mani\u00e8re s\u00fbre, pour que les surfaces restent propres plus longtemps. <\/p>\n<p>+ Un paquet contient 20 recharges, id\u00e9al pour une utilisation continue. <\/p>\n<p>Assurez-vous d\u00e8s maintenant d&rsquo;un d\u00e9poussi\u00e9rage plus efficace !<\/p>","protected":false},"excerpt":{"rendered":"<p>Les recharges Swiffer pour aspirateurs \u00e0 poussi\u00e8re rendent le d\u00e9poussi\u00e9rage encore plus facile et plus efficace. Gr\u00e2ce \u00e0 leurs fibres sp\u00e9ciales, elles atteignent sans effort les endroits difficiles d&rsquo;acc\u00e8s et absorbent efficacement la poussi\u00e8re et la<\/p>","protected":false},"featured_media":32377,"comment_status":"open","ping_status":"closed","template":"","meta":[],"product_brand":[],"product_cat":[143],"product_tag":[],"class_list":{"0":"post-32348","1":"product","2":"type-product","3":"status-publish","4":"has-post-thumbnail","6":"product_cat-nettoyage","8":"first","9":"instock","10":"shipping-taxable","11":"purchasable","12":"product-type-simple"},"_links":{"self":[{"href":"https:\/\/topprixsarl.ch\/de\/wp-json\/wp\/v2\/product\/32348","targetHints":{"allow":["GET"]}}],"collection":[{"href":"https:\/\/topprixsarl.ch\/de\/wp-json\/wp\/v2\/product"}],"about":[{"href":"https:\/\/topprixsarl.ch\/de\/wp-json\/wp\/v2\/types\/product"}],"replies":[{"embeddable":true,"href":"https:\/\/topprixsarl.ch\/de\/wp-json\/wp\/v2\/comments?post=32348"}],"version-history":[{"count":1,"href":"https:\/\/topprixsarl.ch\/de\/wp-json\/wp\/v2\/product\/32348\/revisions"}],"predecessor-version":[{"id":33174,"href":"https:\/\/topprixsarl.ch\/de\/wp-json\/wp\/v2\/product\/32348\/revisions\/33174"}],"wp:featuredmedia":[{"embeddable":true,"href":"https:\/\/topprixsarl.ch\/de\/wp-json\/wp\/v2\/media\/32377"}],"wp:attachment":[{"href":"https:\/\/topprixsarl.ch\/de\/wp-json\/wp\/v2\/media?parent=32348"}],"wp:term":[{"taxonomy":"product_brand","embeddable":true,"href":"https:\/\/topprixsarl.ch\/de\/wp-json\/wp\/v2\/product_brand?post=32348"},{"taxonomy":"product_cat","embeddable":true,"href":"https:\/\/topprixsarl.ch\/de\/wp-json\/wp\/v2\/product_cat?post=32348"},{"taxonomy":"product_tag","embeddable":true,"href":"https:\/\/topprixsarl.ch\/de\/wp-json\/wp\/v2\/product_tag?post=32348"}],"curies":[{"name":"wp","href":"https:\/\/api.w.org\/{rel}","templated":true}]}}