{"id":32347,"date":"2026-01-10T22:09:37","date_gmt":"2026-01-10T22:09:37","guid":{"rendered":"https:\/\/topprixsarl.ch\/product\/distributeur-dessuie-mains-plies-lucart-892509-econatural-flow-noir\/"},"modified":"2026-01-14T14:18:56","modified_gmt":"2026-01-14T14:18:56","slug":"handtuchspender-lucart-892509-econatural-flow-schwarz","status":"publish","type":"product","link":"https:\/\/topprixsarl.ch\/de\/product\/handtuchspender-lucart-892509-econatural-flow-schwarz\/","title":{"rendered":"Falthandtuchspender, Lucart 892509, EcoNatural Flow, schwarz"},"content":{"rendered":"<p>**Produktbeschreibung:**<\/p>\n<p>Edles, \u00e4sthetisches und modernes Design.<\/p>\n<p>+ Sichtbarer F\u00fcllstand<br \/>\n+ Vollst\u00e4ndig recycelbar und zertifiziert  <\/p>\n<p>**Abmessungen des Spenders:**<br \/>\n320 x 155 x 404 mm  <\/p>\n<p>**Kompatibles Zubeh\u00f6r:**<br \/>\n+ 11159582 Lucart Econatural Falthandt\u00fccher, V-f\u00f6rmig gefaltet, 2-lagig, Packung mit 20 x 190 St\u00fcck<br \/>\n+ 11159695 Falthandt\u00fccher Lucart Econatural, Z-Faltung, 2-lagig, Packung \u00e0 15 x 200 St\u00fcck  <\/p>\n<p>*Fu\u00dfnoten:*<br \/>\n*1. zus\u00e4tzliche Informationen \u00fcber verf\u00fcgbares Zubeh\u00f6r.*<br \/>\n*2. Details zur Zertifizierung und zum Recycling.*.<\/p>","protected":false},"excerpt":{"rendered":"<p>Edles, \u00e4sthetisches und modernes DesignSichtbare F\u00fcllh\u00f6heVollst\u00e4ndig recycelbar und zertifiziertAbmessungen des Spenders (mm) 320x155x404.Kompatibles Zubeh\u00f6r:11159582 Falthandt\u00fccher Lucart Econatural, V-Falz, 2-lagig, Packung mit 20 x 1<\/p>","protected":false},"featured_media":32376,"comment_status":"open","ping_status":"closed","template":"","meta":[],"product_brand":[],"product_cat":[137],"product_tag":[],"class_list":{"0":"post-32347","1":"product","2":"type-product","3":"status-publish","4":"has-post-thumbnail","6":"product_cat-papier","8":"first","9":"instock","10":"shipping-taxable","11":"purchasable","12":"product-type-simple"},"_links":{"self":[{"href":"https:\/\/topprixsarl.ch\/de\/wp-json\/wp\/v2\/product\/32347","targetHints":{"allow":["GET"]}}],"collection":[{"href":"https:\/\/topprixsarl.ch\/de\/wp-json\/wp\/v2\/product"}],"about":[{"href":"https:\/\/topprixsarl.ch\/de\/wp-json\/wp\/v2\/types\/product"}],"replies":[{"embeddable":true,"href":"https:\/\/topprixsarl.ch\/de\/wp-json\/wp\/v2\/comments?post=32347"}],"version-history":[{"count":1,"href":"https:\/\/topprixsarl.ch\/de\/wp-json\/wp\/v2\/product\/32347\/revisions"}],"predecessor-version":[{"id":33171,"href":"https:\/\/topprixsarl.ch\/de\/wp-json\/wp\/v2\/product\/32347\/revisions\/33171"}],"wp:featuredmedia":[{"embeddable":true,"href":"https:\/\/topprixsarl.ch\/de\/wp-json\/wp\/v2\/media\/32376"}],"wp:attachment":[{"href":"https:\/\/topprixsarl.ch\/de\/wp-json\/wp\/v2\/media?parent=32347"}],"wp:term":[{"taxonomy":"product_brand","embeddable":true,"href":"https:\/\/topprixsarl.ch\/de\/wp-json\/wp\/v2\/product_brand?post=32347"},{"taxonomy":"product_cat","embeddable":true,"href":"https:\/\/topprixsarl.ch\/de\/wp-json\/wp\/v2\/product_cat?post=32347"},{"taxonomy":"product_tag","embeddable":true,"href":"https:\/\/topprixsarl.ch\/de\/wp-json\/wp\/v2\/product_tag?post=32347"}],"curies":[{"name":"wp","href":"https:\/\/api.w.org\/{rel}","templated":true}]}}