{"id":32341,"date":"2026-01-10T22:09:36","date_gmt":"2026-01-10T22:09:36","guid":{"rendered":"https:\/\/topprixsarl.ch\/product\/chaussures-de-securite-cofra-summit-s7s-sc-ci-fo-sr-pointure-39-noir\/"},"modified":"2026-01-14T14:18:57","modified_gmt":"2026-01-14T14:18:57","slug":"chaussures-de-securite-cofra-summit-s7s-sc-ci-fo-sr-pointure-39-noir","status":"publish","type":"product","link":"https:\/\/topprixsarl.ch\/de\/product\/chaussures-de-securite-cofra-summit-s7s-sc-ci-fo-sr-pointure-39-noir\/","title":{"rendered":"Sicherheitsschuhe COFRA SUMMIT, S7S SC CI FO SR, Gr\u00f6sse 39, schwarz"},"content":{"rendered":"<p>Ces chaussures ne connaissent pas d&rsquo;obstacles. <\/p>\n<p>Lorsqu&rsquo;il s&rsquo;agit de travailler en toute s\u00e9curit\u00e9 dans des environnements difficiles, il est essentiel de porter l&rsquo;\u00e9quipement de protection ad\u00e9quat. <\/p>\n<p>Les chaussures de s\u00e9curit\u00e9 COFRA SUMMIT sont le choix parfait pour les environnements de travail exigeants, o\u00f9 l&rsquo;humidit\u00e9 et les dangers sont omnipr\u00e9sents. Elles disposent pour cela d&rsquo;une tige en nubuck et nylon CORDURA\u00ae hydrofuge et d&rsquo;une semelle en polyur\u00e9thane Duo. Mais la liste ne s&rsquo;arr\u00eate pas l\u00e0&#8230;<\/p>\n<p>+ Conformit\u00e9 \u00e0 la norme ISO 20345:2022<br \/>\n+ Assise plantaire EVANIT, compos\u00e9e d&rsquo;un m\u00e9lange sp\u00e9cial d&rsquo;EVA et de nitrile, garantissant un soutien \u00e9lev\u00e9 du corps<br \/>\n+ Broderies conductrices rendant l&rsquo;assise plantaire antistatique<br \/>\n+ Membrane \u00e9tanche COFRA-TEX WATERPROOF UNIVERSAL gardant vos pieds au sec et assurant un rev\u00eatement respirant<br \/>\n+ Embout en acier et semelle interm\u00e9diaire anti-perforation offrant une protection suppl\u00e9mentaire<br \/>\n+ Embout avant en polyur\u00e9thane r\u00e9sistant \u00e0 l&rsquo;abrasion prot\u00e9geant vos chaussures contre l&rsquo;usure  <\/p>\n<p>Ne vous laissez pas intimider par les environnements exigeants!<\/p>","protected":false},"excerpt":{"rendered":"<p>Ces chaussures ne connaissent pas d&rsquo;obstaclesLorsqu&rsquo;il s&rsquo;agit de travailler en toute s\u00e9curit\u00e9 dans des environnements difficiles, il est essentiel de porter l&rsquo;\u00e9quipement de protection ad\u00e9quat. Les chaussures de s\u00e9curit\u00e9 COFRA SUMMIT sont le choix par<\/p>","protected":false},"featured_media":32370,"comment_status":"open","ping_status":"closed","template":"","meta":[],"product_brand":[],"product_cat":[142],"product_tag":[],"class_list":{"0":"post-32341","1":"product","2":"type-product","3":"status-publish","4":"has-post-thumbnail","6":"product_cat-entretien","8":"first","9":"instock","10":"shipping-taxable","11":"purchasable","12":"product-type-simple"},"_links":{"self":[{"href":"https:\/\/topprixsarl.ch\/de\/wp-json\/wp\/v2\/product\/32341","targetHints":{"allow":["GET"]}}],"collection":[{"href":"https:\/\/topprixsarl.ch\/de\/wp-json\/wp\/v2\/product"}],"about":[{"href":"https:\/\/topprixsarl.ch\/de\/wp-json\/wp\/v2\/types\/product"}],"replies":[{"embeddable":true,"href":"https:\/\/topprixsarl.ch\/de\/wp-json\/wp\/v2\/comments?post=32341"}],"version-history":[{"count":1,"href":"https:\/\/topprixsarl.ch\/de\/wp-json\/wp\/v2\/product\/32341\/revisions"}],"predecessor-version":[{"id":33163,"href":"https:\/\/topprixsarl.ch\/de\/wp-json\/wp\/v2\/product\/32341\/revisions\/33163"}],"wp:featuredmedia":[{"embeddable":true,"href":"https:\/\/topprixsarl.ch\/de\/wp-json\/wp\/v2\/media\/32370"}],"wp:attachment":[{"href":"https:\/\/topprixsarl.ch\/de\/wp-json\/wp\/v2\/media?parent=32341"}],"wp:term":[{"taxonomy":"product_brand","embeddable":true,"href":"https:\/\/topprixsarl.ch\/de\/wp-json\/wp\/v2\/product_brand?post=32341"},{"taxonomy":"product_cat","embeddable":true,"href":"https:\/\/topprixsarl.ch\/de\/wp-json\/wp\/v2\/product_cat?post=32341"},{"taxonomy":"product_tag","embeddable":true,"href":"https:\/\/topprixsarl.ch\/de\/wp-json\/wp\/v2\/product_tag?post=32341"}],"curies":[{"name":"wp","href":"https:\/\/api.w.org\/{rel}","templated":true}]}}