{"id":32338,"date":"2026-01-10T22:09:35","date_gmt":"2026-01-10T22:09:35","guid":{"rendered":"https:\/\/topprixsarl.ch\/product\/chiffons-de-nettoyage-industriel-tork-premium-w4-520679-1-couche-4x120-pcs\/"},"modified":"2026-01-14T14:18:57","modified_gmt":"2026-01-14T14:18:57","slug":"tork-premium-w4-520679-1-lagig-4x120-st-industrielle-reinigungstucher","status":"publish","type":"product","link":"https:\/\/topprixsarl.ch\/de\/product\/tork-premium-w4-520679-1-lagig-4x120-st-industrielle-reinigungstucher\/","title":{"rendered":"Tork Premium W4 520679 Industrielle Reinigungst\u00fccher, 1-lagig, 4\u00d7120 St."},"content":{"rendered":"<p>**Tork Chiffon de Nettoyage Industriel gris W4**<\/p>\n<p>Nettoyez facilement la salet\u00e9 dans les endroits exigus avec nos chiffons de nettoyage industriels souples. Doux, ils permettent un nettoyage rapide et facile des taches difficiles d&rsquo;acc\u00e8s. <\/p>\n<p>Favorisez la durabilit\u00e9 : les \u00e9missions de CO2 des chiffons Tork exelCLEAN\u00ae ont baiss\u00e9 de 28 % depuis 2011 et les emballages sont en mat\u00e9riaux recycl\u00e9s. Pour un acc\u00e8s facile permanent, utilisez-les avec le Distributeur de Chiffons de Nettoyage Tork W4. Sa distribution feuille \u00e0 feuille permet de ne prendre que ce dont on a besoin en limitant les d\u00e9chets. <\/p>\n<p>*ACV (Analyse du Cycle de Vie) r\u00e9alis\u00e9e par Essity et IVL Svenska Milj\u00f6institutet en avril 2021<\/p>\n<p>**Les avantages en un coup d\u2019\u0153il :**<\/p>\n<p>+ Chiffon doux et souple<br \/>\n+ Pour les nettoyages industriels l\u00e9gers \u00e0 moyens<br \/>\n+ \u00c9limine huile, graisse, eau<br \/>\n+ Consommation de solvants r\u00e9duite de 41 % gr\u00e2ce \u00e0 la technologie exelCLEAN\u00ae<br \/>\n+ Distribution feuille \u00e0 feuille qui r\u00e9duit le gaspillage<br \/>\n+ Emballage recycl\u00e9<br \/>\n+ \u00c9missions de CO2 des chiffons Tork exelCLEAN\u00ae r\u00e9duites de 28 % depuis 2011  <\/p>\n<p>**ACV (Analyse du Cycle de Vie) r\u00e9alis\u00e9e par Essity et IVL Svenska Milj\u00f6institutet en avril 2021**<\/p>","protected":false},"excerpt":{"rendered":"<p>Tork Chiffon de Nettoyage Industriel gris W4 :Nettoyez facilement la salet\u00e9 dans les endroits exigus avec nos chiffons de nettoyage industriels souples. Doux, ils permettent un nettoyage rapide et facile des taches difficiles d&rsquo;acc\u00e8s. Favorisez la du<\/p>","protected":false},"featured_media":32367,"comment_status":"open","ping_status":"closed","template":"","meta":[],"product_brand":[],"product_cat":[143],"product_tag":[],"class_list":{"0":"post-32338","1":"product","2":"type-product","3":"status-publish","4":"has-post-thumbnail","6":"product_cat-nettoyage","8":"first","9":"instock","10":"shipping-taxable","11":"purchasable","12":"product-type-simple"},"_links":{"self":[{"href":"https:\/\/topprixsarl.ch\/de\/wp-json\/wp\/v2\/product\/32338","targetHints":{"allow":["GET"]}}],"collection":[{"href":"https:\/\/topprixsarl.ch\/de\/wp-json\/wp\/v2\/product"}],"about":[{"href":"https:\/\/topprixsarl.ch\/de\/wp-json\/wp\/v2\/types\/product"}],"replies":[{"embeddable":true,"href":"https:\/\/topprixsarl.ch\/de\/wp-json\/wp\/v2\/comments?post=32338"}],"version-history":[{"count":1,"href":"https:\/\/topprixsarl.ch\/de\/wp-json\/wp\/v2\/product\/32338\/revisions"}],"predecessor-version":[{"id":33050,"href":"https:\/\/topprixsarl.ch\/de\/wp-json\/wp\/v2\/product\/32338\/revisions\/33050"}],"wp:featuredmedia":[{"embeddable":true,"href":"https:\/\/topprixsarl.ch\/de\/wp-json\/wp\/v2\/media\/32367"}],"wp:attachment":[{"href":"https:\/\/topprixsarl.ch\/de\/wp-json\/wp\/v2\/media?parent=32338"}],"wp:term":[{"taxonomy":"product_brand","embeddable":true,"href":"https:\/\/topprixsarl.ch\/de\/wp-json\/wp\/v2\/product_brand?post=32338"},{"taxonomy":"product_cat","embeddable":true,"href":"https:\/\/topprixsarl.ch\/de\/wp-json\/wp\/v2\/product_cat?post=32338"},{"taxonomy":"product_tag","embeddable":true,"href":"https:\/\/topprixsarl.ch\/de\/wp-json\/wp\/v2\/product_tag?post=32338"}],"curies":[{"name":"wp","href":"https:\/\/api.w.org\/{rel}","templated":true}]}}