{"id":31531,"date":"2026-01-09T17:36:45","date_gmt":"2026-01-09T17:36:45","guid":{"rendered":"https:\/\/topprixsarl.ch\/product\/notes-sticky-recyclees-75-x-75-mm-assortis-6-blocs\/"},"modified":"2026-01-14T14:18:57","modified_gmt":"2026-01-14T14:18:57","slug":"notes-sticky-recyclees-75-x-75-mm-assortis-6-blocs","status":"publish","type":"product","link":"https:\/\/topprixsarl.ch\/de\/product\/notes-sticky-recyclees-75-x-75-mm-assortis-6-blocs\/","title":{"rendered":"Recycelte Sticky Notes- 75 x 75 mm- sortiert- 6 Bl\u00f6cke"},"content":{"rendered":"<p>Les notes repositionnables, fabriqu\u00e9es \u00e0 partir de papier recycl\u00e9 certifi\u00e9 FSC, constituent une solution \u00e9cologique et pratique pour vos notes et vos rappels.<\/p>\n<p>Chaque paquet contient 6 blocs de notes de diff\u00e9rentes couleurs, disponibles au format 76 x 76 mm.<\/p>\n<p>Les notes sont faciles \u00e0 coller et \u00e0 d\u00e9coller sans laisser de r\u00e9sidus.<\/p>\n<p>+ Id\u00e9ales pour une utilisation au bureau, en r\u00e9union ou \u00e0 la maison<br \/> + Allient durabilit\u00e9 et fonctionnalit\u00e9<br \/> + Vous permettent d&rsquo;organiser efficacement vos id\u00e9es et vos t\u00e2ches <\/p>\n<p>*Notes de bas de page*<\/p>","protected":false},"excerpt":{"rendered":"<p>Les notes repositionnables, fabriqu\u00e9es \u00e0 partir de papier recycl\u00e9 certifi\u00e9 FSC, constituent une solution \u00e9cologique et pratique pour vos notes et vos rappels. Chaque paquet contient 6 blocs de notes de diff\u00e9rentes couleurs, disponibles au form<\/p>","protected":false},"featured_media":31530,"comment_status":"open","ping_status":"closed","template":"","meta":[],"product_brand":[],"product_cat":[137],"product_tag":[],"class_list":{"0":"post-31531","1":"product","2":"type-product","3":"status-publish","4":"has-post-thumbnail","6":"product_cat-papier","8":"first","9":"instock","10":"shipping-taxable","11":"purchasable","12":"product-type-simple"},"_links":{"self":[{"href":"https:\/\/topprixsarl.ch\/de\/wp-json\/wp\/v2\/product\/31531","targetHints":{"allow":["GET"]}}],"collection":[{"href":"https:\/\/topprixsarl.ch\/de\/wp-json\/wp\/v2\/product"}],"about":[{"href":"https:\/\/topprixsarl.ch\/de\/wp-json\/wp\/v2\/types\/product"}],"replies":[{"embeddable":true,"href":"https:\/\/topprixsarl.ch\/de\/wp-json\/wp\/v2\/comments?post=31531"}],"version-history":[{"count":3,"href":"https:\/\/topprixsarl.ch\/de\/wp-json\/wp\/v2\/product\/31531\/revisions"}],"predecessor-version":[{"id":33227,"href":"https:\/\/topprixsarl.ch\/de\/wp-json\/wp\/v2\/product\/31531\/revisions\/33227"}],"wp:featuredmedia":[{"embeddable":true,"href":"https:\/\/topprixsarl.ch\/de\/wp-json\/wp\/v2\/media\/31530"}],"wp:attachment":[{"href":"https:\/\/topprixsarl.ch\/de\/wp-json\/wp\/v2\/media?parent=31531"}],"wp:term":[{"taxonomy":"product_brand","embeddable":true,"href":"https:\/\/topprixsarl.ch\/de\/wp-json\/wp\/v2\/product_brand?post=31531"},{"taxonomy":"product_cat","embeddable":true,"href":"https:\/\/topprixsarl.ch\/de\/wp-json\/wp\/v2\/product_cat?post=31531"},{"taxonomy":"product_tag","embeddable":true,"href":"https:\/\/topprixsarl.ch\/de\/wp-json\/wp\/v2\/product_tag?post=31531"}],"curies":[{"name":"wp","href":"https:\/\/api.w.org\/{rel}","templated":true}]}}