{"id":31521,"date":"2026-01-09T17:35:35","date_gmt":"2026-01-09T17:35:35","guid":{"rendered":"https:\/\/topprixsarl.ch\/product\/lessive-complete-dr-schnell-rapa-classic-20kg\/"},"modified":"2026-01-14T14:18:58","modified_gmt":"2026-01-14T14:18:58","slug":"lessive-complete-dr-schnell-rapa-classic-20kg","status":"publish","type":"product","link":"https:\/\/topprixsarl.ch\/de\/product\/lessive-complete-dr-schnell-rapa-classic-20kg\/","title":{"rendered":"Dr. Schnell Rapa Classic Vollwaschmittel, 20kg"},"content":{"rendered":"<p>La lessive compl\u00e8te Rapa Classic de Dr. Schnell permet de d\u00e9couvrir de nouvelles dimensions en mati\u00e8re de soin du linge et de propret\u00e9. <\/p>\n<p>Cette poudre tr\u00e8s efficace est parfaitement adapt\u00e9e \u00e0 toutes les temp\u00e9ratures et garantit des r\u00e9sultats \u00e9clatants pour le linge blanc et de couleur. <\/p>\n<p>Avec son odeur caract\u00e9ristique, elle conf\u00e8re \u00e0 votre linge une fra\u00eecheur agr\u00e9able qui dure longtemps. <\/p>\n<p>En plus d&rsquo;\u00eatre performant, ce produit est \u00e9galement respectueux de l&rsquo;environnement &#8211; il ne contient pas de phosphates et contient de l&rsquo;oxyg\u00e8ne actif qui \u00e9limine de mani\u00e8re fiable les taches tenaces. <\/p>\n<p>Qu&rsquo;elle soit utilis\u00e9e dans des machines \u00e0 laver professionnelles ou domestiques jusqu&rsquo;\u00e0 25 kg, notre lessive compl\u00e8te convainc par sa polyvalence et sa grande rentabilit\u00e9. <\/p>\n<p>Gr\u00e2ce \u00e0 sa formule douce, elle n&rsquo;est pas seulement douce pour le linge, mais aussi pour la machine \u00e0 laver elle-m\u00eame. <\/p>\n<p>D\u00e9couvrez par vous-m\u00eame comment notre lessive compl\u00e8te r\u00e9volutionne l&rsquo;entretien de votre linge. <\/p>\n<p>Choisissez Dr. Schnell Rapa Classic pour des r\u00e9sultats professionnels \u00e0 chaque lavage ! <\/p>\n<p>+ Produit dangereux. <\/p>\n<p>+ Respecter les pr\u00e9cautions d\u2019emploi indiqu\u00e9es sur la fiche de donn\u00e9es de s\u00e9curit\u00e9. <\/p>\n<p>*Fu\u00dfnoten.<\/p>","protected":false},"excerpt":{"rendered":"<p>La lessive compl\u00e8te Rapa Classic de Dr. Schnell permet de d\u00e9couvrir de nouvelles dimensions en mati\u00e8re de soin du linge et de propret\u00e9. Cette poudre tr\u00e8s efficace est parfaitement adapt\u00e9e \u00e0 toutes les temp\u00e9ratures et garantit des r\u00e9sultats \u00e9clatants <\/p>","protected":false},"featured_media":31520,"comment_status":"open","ping_status":"closed","template":"","meta":[],"product_brand":[],"product_cat":[144],"product_tag":[],"class_list":{"0":"post-31521","1":"product","2":"type-product","3":"status-publish","4":"has-post-thumbnail","6":"product_cat-lessive-textile","8":"first","9":"instock","10":"shipping-taxable","11":"purchasable","12":"product-type-simple"},"_links":{"self":[{"href":"https:\/\/topprixsarl.ch\/de\/wp-json\/wp\/v2\/product\/31521","targetHints":{"allow":["GET"]}}],"collection":[{"href":"https:\/\/topprixsarl.ch\/de\/wp-json\/wp\/v2\/product"}],"about":[{"href":"https:\/\/topprixsarl.ch\/de\/wp-json\/wp\/v2\/types\/product"}],"replies":[{"embeddable":true,"href":"https:\/\/topprixsarl.ch\/de\/wp-json\/wp\/v2\/comments?post=31521"}],"version-history":[{"count":2,"href":"https:\/\/topprixsarl.ch\/de\/wp-json\/wp\/v2\/product\/31521\/revisions"}],"predecessor-version":[{"id":33154,"href":"https:\/\/topprixsarl.ch\/de\/wp-json\/wp\/v2\/product\/31521\/revisions\/33154"}],"wp:featuredmedia":[{"embeddable":true,"href":"https:\/\/topprixsarl.ch\/de\/wp-json\/wp\/v2\/media\/31520"}],"wp:attachment":[{"href":"https:\/\/topprixsarl.ch\/de\/wp-json\/wp\/v2\/media?parent=31521"}],"wp:term":[{"taxonomy":"product_brand","embeddable":true,"href":"https:\/\/topprixsarl.ch\/de\/wp-json\/wp\/v2\/product_brand?post=31521"},{"taxonomy":"product_cat","embeddable":true,"href":"https:\/\/topprixsarl.ch\/de\/wp-json\/wp\/v2\/product_cat?post=31521"},{"taxonomy":"product_tag","embeddable":true,"href":"https:\/\/topprixsarl.ch\/de\/wp-json\/wp\/v2\/product_tag?post=31521"}],"curies":[{"name":"wp","href":"https:\/\/api.w.org\/{rel}","templated":true}]}}