{"id":31507,"date":"2026-01-09T17:33:28","date_gmt":"2026-01-09T17:33:28","guid":{"rendered":"https:\/\/topprixsarl.ch\/product\/mop-microfibre-edi-clean-speed-premium-40cm-bleu\/"},"modified":"2026-01-14T14:18:59","modified_gmt":"2026-01-14T14:18:59","slug":"mop-microfibre-edi-clean-speed-premium-40cm-bleu","status":"publish","type":"product","link":"https:\/\/topprixsarl.ch\/de\/product\/mop-microfibre-edi-clean-speed-premium-40cm-bleu\/","title":{"rendered":"Mop microfibre Edi Clean Speed Premium, 40cm, bleu"},"content":{"rendered":"<p>Le balai en microfibre Edi Clean Speed Premium est une solution r\u00e9volutionnaire pour nettoyer les surfaces lisses dans votre entreprise. <\/p>\n<p>Fabriqu\u00e9 en 100% polyester, ce balai assure une absorption \u00e9lev\u00e9e de la salet\u00e9 gr\u00e2ce \u00e0 la nappe int\u00e9gr\u00e9e agissant comme un r\u00e9servoir d&rsquo;eau. <\/p>\n<p>Sa capacit\u00e9 \u00e0 \u00eatre lav\u00e9 de 60 \u00e0 95\u00b0C et \u00e0 \u00eatre s\u00e9ch\u00e9 en machine souligne la durabilit\u00e9 et l&rsquo;hygi\u00e8ne de cet outil de nettoyage de qualit\u00e9 sup\u00e9rieure. <\/p>\n<p>Id\u00e9al pour une utilisation dans des zones o\u00f9 la propret\u00e9 et l&rsquo;efficacit\u00e9 sont primordiales, l&rsquo;Edi Clean Speed Premium offre un nettoyage rapide et approfondi. <\/p>\n<p>Sa structure innovante permet une capture et une r\u00e9tention efficaces de la salet\u00e9 et de l&rsquo;humidit\u00e9, optimisant et acc\u00e9l\u00e9rant le processus de nettoyage. <\/p>\n<p>Optez pour le balai en microfibre Edi Clean Speed Premium et d\u00e9couvrez une nouvelle \u00e8re de l&rsquo;entretien des sols. Choisissez une solution qui promeut l&rsquo;efficacit\u00e9, l&rsquo;hygi\u00e8ne et la durabilit\u00e9 dans votre entreprise. <\/p>\n<p>+ Fabriqu\u00e9 en 100% polyester<br \/>\n+ Absorption \u00e9lev\u00e9e de la salet\u00e9<br \/>\n+ Nappe int\u00e9gr\u00e9e agissant comme un r\u00e9servoir d&rsquo;eau<br \/>\n+ Lavable de 60 \u00e0 95\u00b0C<br \/>\n+ S\u00e9chage en machine<br \/>\n+ Durabilit\u00e9 et hygi\u00e8ne de qualit\u00e9 sup\u00e9rieure<br \/>\n+ Nettoyage rapide et approfondi<br \/>\n+ Capture et r\u00e9tention efficaces de la salet\u00e9 et de l&rsquo;humidit\u00e9<br \/>\n+ Solution id\u00e9ale pour les zones n\u00e9cessitant propret\u00e9 et efficacit\u00e9<\/p>","protected":false},"excerpt":{"rendered":"<p>Le balai en microfibre Edi Clean Speed Premium est une solution r\u00e9volutionnaire pour nettoyer les surfaces lisses dans votre entreprise. Fabriqu\u00e9 en 100% polyester, ce balai assure une absorption \u00e9lev\u00e9e de la salet\u00e9 gr\u00e2ce \u00e0 la nappe int\u00e9gr\u00e9e agissant<\/p>","protected":false},"featured_media":31506,"comment_status":"open","ping_status":"closed","template":"","meta":[],"product_brand":[],"product_cat":[143],"product_tag":[],"class_list":{"0":"post-31507","1":"product","2":"type-product","3":"status-publish","4":"has-post-thumbnail","6":"product_cat-nettoyage","8":"first","9":"instock","10":"shipping-taxable","11":"purchasable","12":"product-type-simple"},"_links":{"self":[{"href":"https:\/\/topprixsarl.ch\/de\/wp-json\/wp\/v2\/product\/31507","targetHints":{"allow":["GET"]}}],"collection":[{"href":"https:\/\/topprixsarl.ch\/de\/wp-json\/wp\/v2\/product"}],"about":[{"href":"https:\/\/topprixsarl.ch\/de\/wp-json\/wp\/v2\/types\/product"}],"replies":[{"embeddable":true,"href":"https:\/\/topprixsarl.ch\/de\/wp-json\/wp\/v2\/comments?post=31507"}],"version-history":[{"count":2,"href":"https:\/\/topprixsarl.ch\/de\/wp-json\/wp\/v2\/product\/31507\/revisions"}],"predecessor-version":[{"id":33141,"href":"https:\/\/topprixsarl.ch\/de\/wp-json\/wp\/v2\/product\/31507\/revisions\/33141"}],"wp:featuredmedia":[{"embeddable":true,"href":"https:\/\/topprixsarl.ch\/de\/wp-json\/wp\/v2\/media\/31506"}],"wp:attachment":[{"href":"https:\/\/topprixsarl.ch\/de\/wp-json\/wp\/v2\/media?parent=31507"}],"wp:term":[{"taxonomy":"product_brand","embeddable":true,"href":"https:\/\/topprixsarl.ch\/de\/wp-json\/wp\/v2\/product_brand?post=31507"},{"taxonomy":"product_cat","embeddable":true,"href":"https:\/\/topprixsarl.ch\/de\/wp-json\/wp\/v2\/product_cat?post=31507"},{"taxonomy":"product_tag","embeddable":true,"href":"https:\/\/topprixsarl.ch\/de\/wp-json\/wp\/v2\/product_tag?post=31507"}],"curies":[{"name":"wp","href":"https:\/\/api.w.org\/{rel}","templated":true}]}}