{"id":31501,"date":"2026-01-09T17:32:34","date_gmt":"2026-01-09T17:32:34","guid":{"rendered":"https:\/\/topprixsarl.ch\/product\/chemise-a-elastique-exacompta-a4-colorspan-400g-m2-bleu-pacifique\/"},"modified":"2026-01-14T14:18:59","modified_gmt":"2026-01-14T14:18:59","slug":"chemise-a-elastique-exacompta-a4-colorspan-400g-m2-bleu-pacifique","status":"publish","type":"product","link":"https:\/\/topprixsarl.ch\/de\/product\/chemise-a-elastique-exacompta-a4-colorspan-400g-m2-bleu-pacifique\/","title":{"rendered":"Exacompta A4 Mappe mit Gummizug, Colorspan 400g\/m2, pazifikblau"},"content":{"rendered":"<p>Exacompta classeur \u00e0 \u00e9lastiques au format A4 est un choix essentiel pour les entreprises qui accordent de l&rsquo;importance \u00e0 l&rsquo;ordre et \u00e0 la durabilit\u00e9. <\/p>\n<p>+ Fabriqu\u00e9 en carton Colorspan robuste de 400 g\/m\u00b2<br \/>\n+ Allie solidit\u00e9 et respect de l&rsquo;environnement puisqu&rsquo;il est certifi\u00e9 FSC<br \/>\n+ Trois rabats et fermeture s\u00e9curis\u00e9e par \u00e9lastique pour garder les documents en s\u00e9curit\u00e9 et prot\u00e9g\u00e9s<br \/>\n+ R\u00e9sistance particuli\u00e8re de ce dossier \u00e0 coins tendus, id\u00e9al pour une utilisation quotidienne dans votre entreprise<br \/>\n+ \u00c9tiquette au dos pour identifier le contenu, facilitant l&rsquo;organisation  <\/p>\n<p>Am\u00e9liorez l&rsquo;organisation de votre bureau et faites un geste pour l&rsquo;environnement. Choisissez la chemise \u00e0 \u00e9lastique A4 Exacompta pour vos documents.<\/p>","protected":false},"excerpt":{"rendered":"<p>Exacompta classeur \u00e0 \u00e9lastiques au format A4 est un choix essentiel pour les entreprises qui accordent de l&rsquo;importance \u00e0 l&rsquo;ordre et \u00e0 la durabilit\u00e9. Fabriqu\u00e9 en carton Colorspan robuste de 400 g\/m\u00b2, ce dossier allie solidit\u00e9 et respect de l&rsquo;environne<\/p>","protected":false},"featured_media":31500,"comment_status":"open","ping_status":"closed","template":"","meta":[],"product_brand":[],"product_cat":[137],"product_tag":[],"class_list":{"0":"post-31501","1":"product","2":"type-product","3":"status-publish","4":"has-post-thumbnail","6":"product_cat-papier","8":"first","9":"instock","10":"shipping-taxable","11":"purchasable","12":"product-type-simple"},"_links":{"self":[{"href":"https:\/\/topprixsarl.ch\/de\/wp-json\/wp\/v2\/product\/31501","targetHints":{"allow":["GET"]}}],"collection":[{"href":"https:\/\/topprixsarl.ch\/de\/wp-json\/wp\/v2\/product"}],"about":[{"href":"https:\/\/topprixsarl.ch\/de\/wp-json\/wp\/v2\/types\/product"}],"replies":[{"embeddable":true,"href":"https:\/\/topprixsarl.ch\/de\/wp-json\/wp\/v2\/comments?post=31501"}],"version-history":[{"count":2,"href":"https:\/\/topprixsarl.ch\/de\/wp-json\/wp\/v2\/product\/31501\/revisions"}],"predecessor-version":[{"id":33135,"href":"https:\/\/topprixsarl.ch\/de\/wp-json\/wp\/v2\/product\/31501\/revisions\/33135"}],"wp:featuredmedia":[{"embeddable":true,"href":"https:\/\/topprixsarl.ch\/de\/wp-json\/wp\/v2\/media\/31500"}],"wp:attachment":[{"href":"https:\/\/topprixsarl.ch\/de\/wp-json\/wp\/v2\/media?parent=31501"}],"wp:term":[{"taxonomy":"product_brand","embeddable":true,"href":"https:\/\/topprixsarl.ch\/de\/wp-json\/wp\/v2\/product_brand?post=31501"},{"taxonomy":"product_cat","embeddable":true,"href":"https:\/\/topprixsarl.ch\/de\/wp-json\/wp\/v2\/product_cat?post=31501"},{"taxonomy":"product_tag","embeddable":true,"href":"https:\/\/topprixsarl.ch\/de\/wp-json\/wp\/v2\/product_tag?post=31501"}],"curies":[{"name":"wp","href":"https:\/\/api.w.org\/{rel}","templated":true}]}}