{"id":31483,"date":"2026-01-09T17:30:01","date_gmt":"2026-01-09T17:30:01","guid":{"rendered":"https:\/\/topprixsarl.ch\/product\/easy-eco-nettoyant-a-lalcool-1-litre\/"},"modified":"2026-01-14T14:19:00","modified_gmt":"2026-01-14T14:19:00","slug":"easy-eco-nettoyant-a-lalcool-1-litre","status":"publish","type":"product","link":"https:\/\/topprixsarl.ch\/de\/product\/easy-eco-nettoyant-a-lalcool-1-litre\/","title":{"rendered":"Easy Eco nettoyant \u00e0 l&rsquo;alcool , 1 litre"},"content":{"rendered":"<p>Easy Eco nettoyant \u00e0 l&rsquo;alcool permet un nettoyage puissant et est un produit polyvalent pour votre entreprise. <\/p>\n<p>Ce nettoyant tr\u00e8s efficace utilise la puissance suppl\u00e9mentaire de l&rsquo;alcool pour \u00e9liminer sans effort m\u00eame la salet\u00e9 la plus tenace. Il garantit un bon \u00e9coulement et s\u00e8che sans laisser de traces, ce qui rend toute surface \u00e9clatante de propret\u00e9 en un clin d&rsquo;\u0153il. <\/p>\n<p>+ Id\u00e9al pour une utilisation sur toutes les surfaces lavables : des sols aux escaliers, en passant par les surfaces en plastique, la robinetterie et l&rsquo;ensemble des sanitaires.<\/p>\n<p>L&rsquo;utilisation du nettoyant \u00e0 l&rsquo;alcool Easy Eco est extr\u00eamement simple et flexible : il peut \u00eatre utilis\u00e9 pur sur une \u00e9ponge ou un chiffon mouill\u00e9, ou dilu\u00e9 \u00e0 raison de 50 ml pour 10 litres d&rsquo;eau en cas de salissures normales. <\/p>\n<p>+ En cas de salissures importantes, le dosage augmente jusqu&rsquo;\u00e0 200 ml pour 10 litres d&rsquo;eau. <\/p>\n<p>Ce dosage efficace permet non seulement d&rsquo;\u00e9conomiser de l&rsquo;eau, mais aussi de r\u00e9duire la pollution de l&rsquo;eau. <\/p>\n<p>+ En outre, le nettoyant convient aussi bien \u00e0 une utilisation manuelle qu&rsquo;\u00e0 une utilisation avec des machines et des balais \u00e0 franges.<\/p>\n<p>Profitez de l&rsquo;efficacit\u00e9 et de la polyvalence du nettoyant \u00e0 l&rsquo;alcool Easy Eco pour votre entreprise. Faites l&rsquo;exp\u00e9rience de cet auxiliaire indispensable dans votre travail quotidien de nettoyage !<\/p>","protected":false},"excerpt":{"rendered":"<p>Easy Eco nettoyant \u00e0 l&rsquo;alcool permet un nettoyage puissant et est un produit polyvalent pour votre entreprise. Ce nettoyant tr\u00e8s efficace utilise la puissance suppl\u00e9mentaire de l&rsquo;alcool pour \u00e9liminer sans effort m\u00eame la salet\u00e9 la plus tenace. Il gara<\/p>","protected":false},"featured_media":31482,"comment_status":"open","ping_status":"closed","template":"","meta":[],"product_brand":[],"product_cat":[143],"product_tag":[],"class_list":{"0":"post-31483","1":"product","2":"type-product","3":"status-publish","4":"has-post-thumbnail","6":"product_cat-nettoyage","8":"first","9":"instock","10":"shipping-taxable","11":"purchasable","12":"product-type-simple"},"_links":{"self":[{"href":"https:\/\/topprixsarl.ch\/de\/wp-json\/wp\/v2\/product\/31483","targetHints":{"allow":["GET"]}}],"collection":[{"href":"https:\/\/topprixsarl.ch\/de\/wp-json\/wp\/v2\/product"}],"about":[{"href":"https:\/\/topprixsarl.ch\/de\/wp-json\/wp\/v2\/types\/product"}],"replies":[{"embeddable":true,"href":"https:\/\/topprixsarl.ch\/de\/wp-json\/wp\/v2\/comments?post=31483"}],"version-history":[{"count":2,"href":"https:\/\/topprixsarl.ch\/de\/wp-json\/wp\/v2\/product\/31483\/revisions"}],"predecessor-version":[{"id":33120,"href":"https:\/\/topprixsarl.ch\/de\/wp-json\/wp\/v2\/product\/31483\/revisions\/33120"}],"wp:featuredmedia":[{"embeddable":true,"href":"https:\/\/topprixsarl.ch\/de\/wp-json\/wp\/v2\/media\/31482"}],"wp:attachment":[{"href":"https:\/\/topprixsarl.ch\/de\/wp-json\/wp\/v2\/media?parent=31483"}],"wp:term":[{"taxonomy":"product_brand","embeddable":true,"href":"https:\/\/topprixsarl.ch\/de\/wp-json\/wp\/v2\/product_brand?post=31483"},{"taxonomy":"product_cat","embeddable":true,"href":"https:\/\/topprixsarl.ch\/de\/wp-json\/wp\/v2\/product_cat?post=31483"},{"taxonomy":"product_tag","embeddable":true,"href":"https:\/\/topprixsarl.ch\/de\/wp-json\/wp\/v2\/product_tag?post=31483"}],"curies":[{"name":"wp","href":"https:\/\/api.w.org\/{rel}","templated":true}]}}