{"id":31479,"date":"2026-01-09T17:29:23","date_gmt":"2026-01-09T17:29:23","guid":{"rendered":"https:\/\/topprixsarl.ch\/product\/gants-jetables-nitrylex-classic-taille-xl-pqt-de-100-pcs-blanc\/"},"modified":"2026-01-21T00:21:58","modified_gmt":"2026-01-21T00:21:58","slug":"einweghandschuhe-nitrylex-classic-grose-xl-pqt-100-st-weis","status":"publish","type":"product","link":"https:\/\/topprixsarl.ch\/de\/product\/einweghandschuhe-nitrylex-classic-grose-xl-pqt-100-st-weis\/","title":{"rendered":"NITRYLEX CLASSIC Einweghandschuhe, Gr\u00f6\u00dfe XL, 100 St\u00fcck, wei\u00df"},"content":{"rendered":"<p>**Nitril-Einweghandschuhe NITRYLEX CLASSIC - Maximaler Schutz, maximale Hygiene**<\/p>\n<p>Entdecken Sie die Wirksamkeit von Nitril-Einmalhandschuhen, Ihrem zuverl\u00e4ssigen Partner in der Lebensmittelindustrie. Diese Handschuhe wurden f\u00fcr einen optimalen Schutz entwickelt und bilden eine Barriere gegen Bakterien, Pilze und Viren, wodurch die h\u00f6chsten Hygienestandards gew\u00e4hrleistet werden.<\/p>\n<p>+ Optimaler Schutz vor Verunreinigungen<br \/>\n+ Puderfreie Natur minimiert das Risiko von Kontamination und Allergien<br \/>\n+ Empfohlen f\u00fcr den direkten Umgang mit Lebensmitteln, z. B. bei der Obst- und Gem\u00fcseproduktion oder der Fleischverarbeitung<br \/>\n+ Erf\u00fcllen strenge Hygieneanforderungen<br \/>\n+ Tragen dazu bei, die Qualit\u00e4t und Frische Ihrer Produkte zu erhalten  <\/p>\n<p>Die NITRYLEX CLASSIC-Reihe vereint Komfort und Funktionalit\u00e4t, um die t\u00e4glichen Herausforderungen in der Lebensmittelindustrie effektiv zu meistern. <\/p>\n<p>Erh\u00f6hen Sie das Vertrauen in Ihre Produktionsprozesse und kaufen Sie diese Einweghandschuhe jetzt!<\/p>","protected":false},"excerpt":{"rendered":"<p>Gants jetables en nitrile NITRYLEX CLASSIC &#8211; protection maximale, hygi\u00e8ne maximale D\u00e9couvrez l&rsquo;efficacit\u00e9 des gants jetables en nitrile, votre partenaire de confiance dans l&rsquo;industrie alimentaire. Con\u00e7us pour offrir une protection optimale, ces gants<\/p>","protected":false},"featured_media":31478,"comment_status":"open","ping_status":"closed","template":"","meta":[],"product_brand":[],"product_cat":[140],"product_tag":[],"class_list":{"0":"post-31479","1":"product","2":"type-product","3":"status-publish","4":"has-post-thumbnail","6":"product_cat-gants","7":"pa_taille-l","8":"pa_taille-m","9":"pa_taille-s","10":"pa_taille-xl","12":"first","13":"instock","14":"shipping-taxable","15":"purchasable","16":"product-type-variable"},"_links":{"self":[{"href":"https:\/\/topprixsarl.ch\/de\/wp-json\/wp\/v2\/product\/31479","targetHints":{"allow":["GET"]}}],"collection":[{"href":"https:\/\/topprixsarl.ch\/de\/wp-json\/wp\/v2\/product"}],"about":[{"href":"https:\/\/topprixsarl.ch\/de\/wp-json\/wp\/v2\/types\/product"}],"replies":[{"embeddable":true,"href":"https:\/\/topprixsarl.ch\/de\/wp-json\/wp\/v2\/comments?post=31479"}],"version-history":[{"count":2,"href":"https:\/\/topprixsarl.ch\/de\/wp-json\/wp\/v2\/product\/31479\/revisions"}],"predecessor-version":[{"id":33115,"href":"https:\/\/topprixsarl.ch\/de\/wp-json\/wp\/v2\/product\/31479\/revisions\/33115"}],"wp:featuredmedia":[{"embeddable":true,"href":"https:\/\/topprixsarl.ch\/de\/wp-json\/wp\/v2\/media\/31478"}],"wp:attachment":[{"href":"https:\/\/topprixsarl.ch\/de\/wp-json\/wp\/v2\/media?parent=31479"}],"wp:term":[{"taxonomy":"product_brand","embeddable":true,"href":"https:\/\/topprixsarl.ch\/de\/wp-json\/wp\/v2\/product_brand?post=31479"},{"taxonomy":"product_cat","embeddable":true,"href":"https:\/\/topprixsarl.ch\/de\/wp-json\/wp\/v2\/product_cat?post=31479"},{"taxonomy":"product_tag","embeddable":true,"href":"https:\/\/topprixsarl.ch\/de\/wp-json\/wp\/v2\/product_tag?post=31479"}],"curies":[{"name":"wp","href":"https:\/\/api.w.org\/{rel}","templated":true}]}}