{"id":31477,"date":"2026-01-09T17:29:08","date_gmt":"2026-01-09T17:29:08","guid":{"rendered":"https:\/\/topprixsarl.ch\/product\/cagoule-multiway-portwest-cs23-noir\/"},"modified":"2026-01-14T14:19:00","modified_gmt":"2026-01-14T14:19:00","slug":"cagoule-multiway-portwest-cs23-noir","status":"publish","type":"product","link":"https:\/\/topprixsarl.ch\/de\/product\/cagoule-multiway-portwest-cs23-noir\/","title":{"rendered":"Multiway-Haube Portwest CS23, schwarz"},"content":{"rendered":"<p>+ Respirant<\/p>\n<p>+ Tissu extensible dans les 4 sens pour plus de libert\u00e9 de mouvement et de confort.<\/p>\n<p>+ Trous perfor\u00e9s sur le prot\u00e8ge-dents pour un port confortable. <\/p>\n<p>*Fu\u00dfnoten:<br \/>\n*<\/p>","protected":false},"excerpt":{"rendered":"<p>Respirant . Tissu extensible dans les 4 sens pour plus de libert\u00e9 de mouvement et de confort. Trous perfor\u00e9s sur le prot\u00e8ge-dents pour un port confortable.<\/p>","protected":false},"featured_media":31476,"comment_status":"open","ping_status":"closed","template":"","meta":[],"product_brand":[],"product_cat":[141],"product_tag":[],"class_list":{"0":"post-31477","1":"product","2":"type-product","3":"status-publish","4":"has-post-thumbnail","6":"product_cat-covid-19","8":"first","9":"instock","10":"shipping-taxable","11":"purchasable","12":"product-type-simple"},"_links":{"self":[{"href":"https:\/\/topprixsarl.ch\/de\/wp-json\/wp\/v2\/product\/31477","targetHints":{"allow":["GET"]}}],"collection":[{"href":"https:\/\/topprixsarl.ch\/de\/wp-json\/wp\/v2\/product"}],"about":[{"href":"https:\/\/topprixsarl.ch\/de\/wp-json\/wp\/v2\/types\/product"}],"replies":[{"embeddable":true,"href":"https:\/\/topprixsarl.ch\/de\/wp-json\/wp\/v2\/comments?post=31477"}],"version-history":[{"count":2,"href":"https:\/\/topprixsarl.ch\/de\/wp-json\/wp\/v2\/product\/31477\/revisions"}],"predecessor-version":[{"id":33114,"href":"https:\/\/topprixsarl.ch\/de\/wp-json\/wp\/v2\/product\/31477\/revisions\/33114"}],"wp:featuredmedia":[{"embeddable":true,"href":"https:\/\/topprixsarl.ch\/de\/wp-json\/wp\/v2\/media\/31476"}],"wp:attachment":[{"href":"https:\/\/topprixsarl.ch\/de\/wp-json\/wp\/v2\/media?parent=31477"}],"wp:term":[{"taxonomy":"product_brand","embeddable":true,"href":"https:\/\/topprixsarl.ch\/de\/wp-json\/wp\/v2\/product_brand?post=31477"},{"taxonomy":"product_cat","embeddable":true,"href":"https:\/\/topprixsarl.ch\/de\/wp-json\/wp\/v2\/product_cat?post=31477"},{"taxonomy":"product_tag","embeddable":true,"href":"https:\/\/topprixsarl.ch\/de\/wp-json\/wp\/v2\/product_tag?post=31477"}],"curies":[{"name":"wp","href":"https:\/\/api.w.org\/{rel}","templated":true}]}}