{"id":31475,"date":"2026-01-09T17:28:53","date_gmt":"2026-01-09T17:28:53","guid":{"rendered":"https:\/\/topprixsarl.ch\/product\/armoire-a-cles-pavo-fermeture-a-cle-capacite-50-cles\/"},"modified":"2026-01-14T14:19:00","modified_gmt":"2026-01-14T14:19:00","slug":"armoire-a-cles-pavo-fermeture-a-cle-capacite-50-cles","status":"publish","type":"product","link":"https:\/\/topprixsarl.ch\/de\/product\/armoire-a-cles-pavo-fermeture-a-cle-capacite-50-cles\/","title":{"rendered":"Schl\u00fcsselschrank Pavo - abschlie\u00dfbar - Kapazit\u00e4t 50 Schl\u00fcssel"},"content":{"rendered":"<p>La s\u00e9curit\u00e9 des cl\u00e9s \u00e0 un nouveau niveau : la bo\u00eete \u00e0 cl\u00e9s Pavo High Security<\/p>\n<p>La bo\u00eete \u00e0 cl\u00e9s Pavo est essentielle dans la vie quotidienne d&rsquo;une entreprise en termes de s\u00e9curit\u00e9 et d&rsquo;organisation. <\/p>\n<p>+ Gr\u00e2ce au pr\u00e9formage sp\u00e9cial du fond, chacun de vos porte-cl\u00e9s magn\u00e9tiques s&rsquo;adapte parfaitement. <\/p>\n<p>+ Vos cl\u00e9s sont parfaitement prot\u00e9g\u00e9es gr\u00e2ce \u00e0 la bo\u00eete \u00e0 cl\u00e9s Pavo et \u00e0 sa s\u00e9curit\u00e9 \u00e9lectronique. <\/p>\n<p>+ L&rsquo;insertion lat\u00e9rale des cl\u00e9s facilite la manipulation, et les instructions de montage et le mat\u00e9riel de fixation fournis font de l&rsquo;installation un jeu d&rsquo;enfant. <\/p>\n<p>Optimisez votre gestion des cl\u00e9s avec cette bo\u00eete \u00e0 cl\u00e9s et d\u00e9couvrez les plus hauts standards de s\u00e9curit\u00e9 !<\/p>\n<p>> Garantie 2 ans*<\/p>","protected":false},"excerpt":{"rendered":"<p>La s\u00e9curit\u00e9 des cl\u00e9s \u00e0 un nouveau niveau : la bo\u00eete \u00e0 cl\u00e9s pavo High SecurityLa bo\u00eete \u00e0 cl\u00e9s Pavo est essentielle dans la vie quotidienne d&rsquo;une entreprise en termes de s\u00e9curit\u00e9 et d&rsquo;organisation. Gr\u00e2ce au pr\u00e9formage sp\u00e9cial du fond, chacun de vos por<\/p>","protected":false},"featured_media":31474,"comment_status":"open","ping_status":"closed","template":"","meta":[],"product_brand":[],"product_cat":[142],"product_tag":[],"class_list":{"0":"post-31475","1":"product","2":"type-product","3":"status-publish","4":"has-post-thumbnail","6":"product_cat-entretien","8":"first","9":"instock","10":"shipping-taxable","11":"purchasable","12":"product-type-simple"},"_links":{"self":[{"href":"https:\/\/topprixsarl.ch\/de\/wp-json\/wp\/v2\/product\/31475","targetHints":{"allow":["GET"]}}],"collection":[{"href":"https:\/\/topprixsarl.ch\/de\/wp-json\/wp\/v2\/product"}],"about":[{"href":"https:\/\/topprixsarl.ch\/de\/wp-json\/wp\/v2\/types\/product"}],"replies":[{"embeddable":true,"href":"https:\/\/topprixsarl.ch\/de\/wp-json\/wp\/v2\/comments?post=31475"}],"version-history":[{"count":2,"href":"https:\/\/topprixsarl.ch\/de\/wp-json\/wp\/v2\/product\/31475\/revisions"}],"predecessor-version":[{"id":33113,"href":"https:\/\/topprixsarl.ch\/de\/wp-json\/wp\/v2\/product\/31475\/revisions\/33113"}],"wp:featuredmedia":[{"embeddable":true,"href":"https:\/\/topprixsarl.ch\/de\/wp-json\/wp\/v2\/media\/31474"}],"wp:attachment":[{"href":"https:\/\/topprixsarl.ch\/de\/wp-json\/wp\/v2\/media?parent=31475"}],"wp:term":[{"taxonomy":"product_brand","embeddable":true,"href":"https:\/\/topprixsarl.ch\/de\/wp-json\/wp\/v2\/product_brand?post=31475"},{"taxonomy":"product_cat","embeddable":true,"href":"https:\/\/topprixsarl.ch\/de\/wp-json\/wp\/v2\/product_cat?post=31475"},{"taxonomy":"product_tag","embeddable":true,"href":"https:\/\/topprixsarl.ch\/de\/wp-json\/wp\/v2\/product_tag?post=31475"}],"curies":[{"name":"wp","href":"https:\/\/api.w.org\/{rel}","templated":true}]}}