{"id":31465,"date":"2026-01-09T17:27:43","date_gmt":"2026-01-09T17:27:43","guid":{"rendered":"https:\/\/topprixsarl.ch\/product\/station-murale-de-rincage-oculaire-plum-4921-1x200ml-ph-ntrl-1x500ml-rince-oeil\/"},"modified":"2026-01-14T14:19:01","modified_gmt":"2026-01-14T14:19:01","slug":"station-murale-de-rincage-oculaire-plum-4921-1x200ml-ph-ntrl-1x500ml-rince-oeil","status":"publish","type":"product","link":"https:\/\/topprixsarl.ch\/de\/product\/station-murale-de-rincage-oculaire-plum-4921-1x200ml-ph-ntrl-1x500ml-rince-oeil\/","title":{"rendered":"Station murale de rin\u00e7age oculaire Plum 4921, 1x200ml pH ntrl, 1x500ml rince-\u0153il"},"content":{"rendered":"<p>Plum 4921 station murale de rin\u00e7age oculaire d&rsquo;urgence r\u00e9volutionnaire &#8211; votre partenaire de confiance pour la s\u00e9curit\u00e9 au travail. <\/p>\n<p>La nouvelle iBox de Plum combine des caract\u00e9ristiques de s\u00e9curit\u00e9 essentielles dans un design esth\u00e9tique et moderne. Fabriqu\u00e9e en mat\u00e9riau EPP robuste et r\u00e9sistant, cette station garantit long\u00e9vit\u00e9 et fiabilit\u00e9 dans les environnements de travail les plus exigeants.<\/p>\n<p>+ Design innovant avec une fen\u00eatre transparente pour v\u00e9rifier la date de p\u00e9remption des bouteilles de lotion oculaire.<\/p>\n<p>En cas d&rsquo;urgence, la bo\u00eete peut \u00eatre facilement retir\u00e9e de son support mural et rapidement transport\u00e9e vers la personne bless\u00e9e pour assurer des premiers soins efficaces. <\/p>\n<p>+ Conform\u00e9ment \u00e0 la recommandation EN 15154-4, la Plum iBox doit \u00eatre install\u00e9e \u00e0 proximit\u00e9 imm\u00e9diate des zones \u00e0 risque chimique. <\/p>\n<p>+ Id\u00e9alement, elle doit \u00eatre accessible en moins de 10 secondes ou dans un rayon de moins de 20 m\u00e8tres. <\/p>\n<p>En effet, dans les situations d&rsquo;urgence, chaque seconde compte. Gr\u00e2ce \u00e0 son design spacieux, la station offre un acc\u00e8s facile aux bouteilles de rin\u00e7age oculaire, qui sont bien visibles et facilement accessibles. <\/p>\n<p>+ La station s&rsquo;ouvre facilement, qu&rsquo;elle soit mont\u00e9e au mur ou pos\u00e9e au sol.<\/p>\n<p>S\u00e9curisez votre \u00e9tablissement avec l&rsquo;iBox de Plum !<\/p>","protected":false},"excerpt":{"rendered":"<p>Plum 4921 station murale de rin\u00e7age oculaire d&rsquo;urgence r\u00e9volutionnaire &#8211; votre partenaire de confiance pour la s\u00e9curit\u00e9 au travail. La nouvelle iBox de Plum combine des caract\u00e9ristiques de s\u00e9curit\u00e9 essentielles dans un design esth\u00e9tique et moderne. F<\/p>","protected":false},"featured_media":31464,"comment_status":"open","ping_status":"closed","template":"","meta":[],"product_brand":[],"product_cat":[143],"product_tag":[],"class_list":{"0":"post-31465","1":"product","2":"type-product","3":"status-publish","4":"has-post-thumbnail","6":"product_cat-nettoyage","8":"first","9":"instock","10":"shipping-taxable","11":"purchasable","12":"product-type-simple"},"_links":{"self":[{"href":"https:\/\/topprixsarl.ch\/de\/wp-json\/wp\/v2\/product\/31465","targetHints":{"allow":["GET"]}}],"collection":[{"href":"https:\/\/topprixsarl.ch\/de\/wp-json\/wp\/v2\/product"}],"about":[{"href":"https:\/\/topprixsarl.ch\/de\/wp-json\/wp\/v2\/types\/product"}],"replies":[{"embeddable":true,"href":"https:\/\/topprixsarl.ch\/de\/wp-json\/wp\/v2\/comments?post=31465"}],"version-history":[{"count":2,"href":"https:\/\/topprixsarl.ch\/de\/wp-json\/wp\/v2\/product\/31465\/revisions"}],"predecessor-version":[{"id":33108,"href":"https:\/\/topprixsarl.ch\/de\/wp-json\/wp\/v2\/product\/31465\/revisions\/33108"}],"wp:featuredmedia":[{"embeddable":true,"href":"https:\/\/topprixsarl.ch\/de\/wp-json\/wp\/v2\/media\/31464"}],"wp:attachment":[{"href":"https:\/\/topprixsarl.ch\/de\/wp-json\/wp\/v2\/media?parent=31465"}],"wp:term":[{"taxonomy":"product_brand","embeddable":true,"href":"https:\/\/topprixsarl.ch\/de\/wp-json\/wp\/v2\/product_brand?post=31465"},{"taxonomy":"product_cat","embeddable":true,"href":"https:\/\/topprixsarl.ch\/de\/wp-json\/wp\/v2\/product_cat?post=31465"},{"taxonomy":"product_tag","embeddable":true,"href":"https:\/\/topprixsarl.ch\/de\/wp-json\/wp\/v2\/product_tag?post=31465"}],"curies":[{"name":"wp","href":"https:\/\/api.w.org\/{rel}","templated":true}]}}