{"id":31463,"date":"2026-01-09T17:27:27","date_gmt":"2026-01-09T17:27:27","guid":{"rendered":"https:\/\/topprixsarl.ch\/product\/tete-de-pulverisation-opus-pour-flacon-gm-1-litre-blanc\/"},"modified":"2026-01-14T14:19:01","modified_gmt":"2026-01-14T14:19:01","slug":"tete-de-pulverisation-opus-pour-flacon-gm-1-litre-blanc","status":"publish","type":"product","link":"https:\/\/topprixsarl.ch\/de\/product\/tete-de-pulverisation-opus-pour-flacon-gm-1-litre-blanc\/","title":{"rendered":"T\u00eate de pulv\u00e9risation Opus, pour flacon GM 1 litre, blanc"},"content":{"rendered":"<p>T\u00eate de pulv\u00e9risation Opus de haute qualit\u00e9 pour flacon GM de 1 litre &#8211; Blanc<\/p>\n<p>Donnez \u00e0 vos produits la fine brume qu&rsquo;ils m\u00e9ritent gr\u00e2ce \u00e0 la t\u00eate de pulv\u00e9risation Opus de premi\u00e8re qualit\u00e9, adapt\u00e9e aux bouteilles GM de 1 litre, d&rsquo;un blanc \u00e9clatant. <\/p>\n<p>En tant que soci\u00e9t\u00e9 sp\u00e9cialis\u00e9e dans les solutions innovantes pour des entreprises comme la v\u00f4tre, nous comprenons l&rsquo;importance d&rsquo;une pulv\u00e9risation pr\u00e9cise et uniforme pour vos produits. La t\u00eate de pulv\u00e9risation Opus a \u00e9t\u00e9 soigneusement con\u00e7ue pour garantir des performances et une fiabilit\u00e9 optimales.<\/p>\n<p>+ Conception de buse avanc\u00e9e : produit un brouillard de pulv\u00e9risation uniforme couvrant parfaitement vos produits. <\/p>\n<p>+ Mat\u00e9riaux durables : fabrication pr\u00e9cise assurant fiabilit\u00e9 et efficacit\u00e9 m\u00eame apr\u00e8s une utilisation r\u00e9p\u00e9t\u00e9e. <\/p>\n<p>+ Polyvalence : id\u00e9ale pour le conditionnement de produits de nettoyage, d\u00e9sinfectants, produits de soin ou d&rsquo;autres liquides. <\/p>\n<p>+ Dosage pr\u00e9cis : permet de donner \u00e0 vos produits un aspect professionnel.<\/p>\n<p>Optimisez le conditionnement de vos produits d\u00e8s aujourd&rsquo;hui !<\/p>","protected":false},"excerpt":{"rendered":"<p>T\u00eate de pulv\u00e9risation Opus de haute qualit\u00e9 pour flacon GM de 1 litre &#8211; BlancDonnez \u00e0 vos produits la fine brume qu&rsquo;ils m\u00e9ritent gr\u00e2ce \u00e0 la t\u00eate de pulv\u00e9risation Opus de premi\u00e8re qualit\u00e9, adapt\u00e9e aux bouteilles GM de 1 litre, d&rsquo;un blanc \u00e9clatant. En <\/p>","protected":false},"featured_media":31462,"comment_status":"open","ping_status":"closed","template":"","meta":[],"product_brand":[],"product_cat":[143],"product_tag":[],"class_list":{"0":"post-31463","1":"product","2":"type-product","3":"status-publish","4":"has-post-thumbnail","6":"product_cat-nettoyage","8":"first","9":"instock","10":"shipping-taxable","11":"purchasable","12":"product-type-simple"},"_links":{"self":[{"href":"https:\/\/topprixsarl.ch\/de\/wp-json\/wp\/v2\/product\/31463","targetHints":{"allow":["GET"]}}],"collection":[{"href":"https:\/\/topprixsarl.ch\/de\/wp-json\/wp\/v2\/product"}],"about":[{"href":"https:\/\/topprixsarl.ch\/de\/wp-json\/wp\/v2\/types\/product"}],"replies":[{"embeddable":true,"href":"https:\/\/topprixsarl.ch\/de\/wp-json\/wp\/v2\/comments?post=31463"}],"version-history":[{"count":2,"href":"https:\/\/topprixsarl.ch\/de\/wp-json\/wp\/v2\/product\/31463\/revisions"}],"predecessor-version":[{"id":33107,"href":"https:\/\/topprixsarl.ch\/de\/wp-json\/wp\/v2\/product\/31463\/revisions\/33107"}],"wp:featuredmedia":[{"embeddable":true,"href":"https:\/\/topprixsarl.ch\/de\/wp-json\/wp\/v2\/media\/31462"}],"wp:attachment":[{"href":"https:\/\/topprixsarl.ch\/de\/wp-json\/wp\/v2\/media?parent=31463"}],"wp:term":[{"taxonomy":"product_brand","embeddable":true,"href":"https:\/\/topprixsarl.ch\/de\/wp-json\/wp\/v2\/product_brand?post=31463"},{"taxonomy":"product_cat","embeddable":true,"href":"https:\/\/topprixsarl.ch\/de\/wp-json\/wp\/v2\/product_cat?post=31463"},{"taxonomy":"product_tag","embeddable":true,"href":"https:\/\/topprixsarl.ch\/de\/wp-json\/wp\/v2\/product_tag?post=31463"}],"curies":[{"name":"wp","href":"https:\/\/api.w.org\/{rel}","templated":true}]}}