{"id":31459,"date":"2026-01-09T17:26:57","date_gmt":"2026-01-09T17:26:57","guid":{"rendered":"https:\/\/topprixsarl.ch\/product\/sac-poubelle-secolan-211027-240-litre-1000x1250mm-50my-vert-rouleau-de-5-sacs\/"},"modified":"2026-01-14T14:19:01","modified_gmt":"2026-01-14T14:19:01","slug":"sac-poubelle-secolan-211027-240-litre-1000x1250mm-50my-vert-rouleau-de-5-sacs","status":"publish","type":"product","link":"https:\/\/topprixsarl.ch\/de\/product\/sac-poubelle-secolan-211027-240-litre-1000x1250mm-50my-vert-rouleau-de-5-sacs\/","title":{"rendered":"M\u00fcllbeutel, Secolan 211027, 240 Liter 1000x1250mm 50my gr\u00fcn, Rolle von 5 Beuteln"},"content":{"rendered":"","protected":false},"excerpt":{"rendered":"<p>M\u00fcllbeutel, Secolan 211027, 240 Liter 1000x1250mm 50my gr\u00fcn, Rolle von 5 Beuteln<\/p>","protected":false},"featured_media":31458,"comment_status":"open","ping_status":"closed","template":"","meta":[],"product_brand":[],"product_cat":[138],"product_tag":[],"class_list":{"0":"post-31459","1":"product","2":"type-product","3":"status-publish","4":"has-post-thumbnail","6":"product_cat-sac-a-dechet","8":"first","9":"instock","10":"shipping-taxable","11":"purchasable","12":"product-type-simple"},"_links":{"self":[{"href":"https:\/\/topprixsarl.ch\/de\/wp-json\/wp\/v2\/product\/31459","targetHints":{"allow":["GET"]}}],"collection":[{"href":"https:\/\/topprixsarl.ch\/de\/wp-json\/wp\/v2\/product"}],"about":[{"href":"https:\/\/topprixsarl.ch\/de\/wp-json\/wp\/v2\/types\/product"}],"replies":[{"embeddable":true,"href":"https:\/\/topprixsarl.ch\/de\/wp-json\/wp\/v2\/comments?post=31459"}],"version-history":[{"count":1,"href":"https:\/\/topprixsarl.ch\/de\/wp-json\/wp\/v2\/product\/31459\/revisions"}],"predecessor-version":[{"id":33105,"href":"https:\/\/topprixsarl.ch\/de\/wp-json\/wp\/v2\/product\/31459\/revisions\/33105"}],"wp:featuredmedia":[{"embeddable":true,"href":"https:\/\/topprixsarl.ch\/de\/wp-json\/wp\/v2\/media\/31458"}],"wp:attachment":[{"href":"https:\/\/topprixsarl.ch\/de\/wp-json\/wp\/v2\/media?parent=31459"}],"wp:term":[{"taxonomy":"product_brand","embeddable":true,"href":"https:\/\/topprixsarl.ch\/de\/wp-json\/wp\/v2\/product_brand?post=31459"},{"taxonomy":"product_cat","embeddable":true,"href":"https:\/\/topprixsarl.ch\/de\/wp-json\/wp\/v2\/product_cat?post=31459"},{"taxonomy":"product_tag","embeddable":true,"href":"https:\/\/topprixsarl.ch\/de\/wp-json\/wp\/v2\/product_tag?post=31459"}],"curies":[{"name":"wp","href":"https:\/\/api.w.org\/{rel}","templated":true}]}}