{"id":31457,"date":"2026-01-09T17:26:45","date_gmt":"2026-01-09T17:26:45","guid":{"rendered":"https:\/\/topprixsarl.ch\/product\/granules-parfumes-granodor-flower-0-25-l\/"},"modified":"2026-01-14T14:19:01","modified_gmt":"2026-01-14T14:19:01","slug":"granules-parfumes-granodor-flower-0-25-l","status":"publish","type":"product","link":"https:\/\/topprixsarl.ch\/de\/product\/granules-parfumes-granodor-flower-0-25-l\/","title":{"rendered":"Granul\u00e9s parfum\u00e9s Granodor Flower, 0.25 l"},"content":{"rendered":"<p>Une exp\u00e9rience olfactive rafra\u00eechissante<\/p>\n<p>Vous connaissez cela aussi? Lorsque vous passez l&rsquo;aspirateur, une odeur d\u00e9sagr\u00e9able se r\u00e9pand souvent dans toute la pi\u00e8ce. Avec les granul\u00e9s parfum\u00e9s Granodor Flower, vous pouvez r\u00e9soudre ce probl\u00e8me de mani\u00e8re simple et efficace.<\/p>\n<p>+ M\u00e9lange sp\u00e9cial de parfums qui masque l&rsquo;odeur typiquement d\u00e9sagr\u00e9able de l&rsquo;aspirateur et laisse \u00e0 la place un agr\u00e9able parfum floral ou fruit\u00e9.<\/p>\n<p>L&rsquo;utilisation est tr\u00e8s simple et le support est compos\u00e9 de mati\u00e8res premi\u00e8res renouvelables, ce qui fait de Granodor Flower un choix \u00e9cologique.<\/p>\n<p>+ Les granul\u00e9s parfum\u00e9s Granodor Flower ne sont pas seulement destin\u00e9s \u00e0 \u00eatre utilis\u00e9s dans les aspirateurs, mais peuvent \u00e9galement \u00eatre plac\u00e9s dans un r\u00e9cipient ouvert comme diffuseur de parfum. <\/p>\n<p>Dans ce cas, les granul\u00e9s diffusent un parfum agr\u00e9able et durable dans la pi\u00e8ce, tout en prot\u00e9geant les enfants et les animaux des dangers.<\/p>\n<p>+ Le support est biod\u00e9gradable et ne laisse aucune d\u00e9coloration sur le rev\u00eatement de sol.<\/p>\n<p>Avec un dosage concentr\u00e9 de 25 ml par application et une dur\u00e9e de conservation d&rsquo;au moins 2 ans, les granul\u00e9s parfum\u00e9s Granodor Flower sont la solution parfaite pour un air int\u00e9rieur frais et agr\u00e9able.<\/p>\n<p>+ Luttez contre les mauvaises odeurs dans votre maison de mani\u00e8re efficace et \u00e9cologique!<\/p>\n<p>Ein gef\u00e4hrliches Produkt. Beachten Sie die Vorsichtsma\u00dfnahmen auf dem Sicherheitsdatenblatt.*.<\/p>","protected":false},"excerpt":{"rendered":"<p>Une exp\u00e9rience olfactive rafra\u00eechissante Vous connaissez cela aussi? Lorsque vous passez l&rsquo;aspirateur, une odeur d\u00e9sagr\u00e9able se r\u00e9pand souvent dans toute la pi\u00e8ce. Avec les granul\u00e9s parfum\u00e9s Granodor Flower, vous pouvez r\u00e9soudre ce probl\u00e8me de mani\u00e8r<\/p>","protected":false},"featured_media":31456,"comment_status":"open","ping_status":"closed","template":"","meta":[],"product_brand":[],"product_cat":[143],"product_tag":[],"class_list":{"0":"post-31457","1":"product","2":"type-product","3":"status-publish","4":"has-post-thumbnail","6":"product_cat-nettoyage","8":"first","9":"instock","10":"shipping-taxable","11":"purchasable","12":"product-type-simple"},"_links":{"self":[{"href":"https:\/\/topprixsarl.ch\/de\/wp-json\/wp\/v2\/product\/31457","targetHints":{"allow":["GET"]}}],"collection":[{"href":"https:\/\/topprixsarl.ch\/de\/wp-json\/wp\/v2\/product"}],"about":[{"href":"https:\/\/topprixsarl.ch\/de\/wp-json\/wp\/v2\/types\/product"}],"replies":[{"embeddable":true,"href":"https:\/\/topprixsarl.ch\/de\/wp-json\/wp\/v2\/comments?post=31457"}],"version-history":[{"count":2,"href":"https:\/\/topprixsarl.ch\/de\/wp-json\/wp\/v2\/product\/31457\/revisions"}],"predecessor-version":[{"id":33104,"href":"https:\/\/topprixsarl.ch\/de\/wp-json\/wp\/v2\/product\/31457\/revisions\/33104"}],"wp:featuredmedia":[{"embeddable":true,"href":"https:\/\/topprixsarl.ch\/de\/wp-json\/wp\/v2\/media\/31456"}],"wp:attachment":[{"href":"https:\/\/topprixsarl.ch\/de\/wp-json\/wp\/v2\/media?parent=31457"}],"wp:term":[{"taxonomy":"product_brand","embeddable":true,"href":"https:\/\/topprixsarl.ch\/de\/wp-json\/wp\/v2\/product_brand?post=31457"},{"taxonomy":"product_cat","embeddable":true,"href":"https:\/\/topprixsarl.ch\/de\/wp-json\/wp\/v2\/product_cat?post=31457"},{"taxonomy":"product_tag","embeddable":true,"href":"https:\/\/topprixsarl.ch\/de\/wp-json\/wp\/v2\/product_tag?post=31457"}],"curies":[{"name":"wp","href":"https:\/\/api.w.org\/{rel}","templated":true}]}}