{"id":31453,"date":"2026-01-09T17:26:12","date_gmt":"2026-01-09T17:26:12","guid":{"rendered":"https:\/\/topprixsarl.ch\/product\/nettoyant-pour-siege-de-toilettes-sc-johnson-stoko-refresh-0-5-litre-parfume\/"},"modified":"2026-01-14T14:19:01","modified_gmt":"2026-01-14T14:19:01","slug":"nettoyant-pour-siege-de-toilettes-sc-johnson-stoko-refresh-0-5-litre-parfume","status":"publish","type":"product","link":"https:\/\/topprixsarl.ch\/de\/product\/nettoyant-pour-siege-de-toilettes-sc-johnson-stoko-refresh-0-5-litre-parfume\/","title":{"rendered":"Nettoyant pour si\u00e8ge de toilettes SC Johnson Stoko Refresh, 0.5 litre, parfum\u00e9"},"content":{"rendered":"<p>Propret\u00e9 hygi\u00e9nique des toilettes<\/p>\n<p>En tant qu&rsquo;entreprise, il est important que vos employ\u00e9s et vos clients se sentent en s\u00e9curit\u00e9 et prot\u00e9g\u00e9s dans votre entreprise &#8211; m\u00eame dans les toilettes. Avec le STOKO Refresh\u00ae Toilet Seat Cleaner, vous leur offrez la solution parfaite pour un nettoyage rapide et hygi\u00e9nique du si\u00e8ge de WC.<\/p>\n<p>+ Nettoyant pour si\u00e8ge de WC \u00e0 base d&rsquo;alcool, facile \u00e0 utiliser<\/p>\n<p>+ S\u00e8che rapidement sur la surface essuy\u00e9e, sans qu&rsquo;il soit n\u00e9cessaire de rincer \u00e0 l&rsquo;eau<\/p>\n<p>+ Moins d&rsquo;efforts et moins de temps perdu pour garantir des toilettes hygi\u00e9niquement propres<\/p>\n<p>Ce nettoyant ne contient pas d&rsquo;agents g\u00e9lifiants et ne laisse pas de r\u00e9sidus collants sur les surfaces essuy\u00e9es. <\/p>\n<p>+ Tr\u00e8s \u00e9conomique, permet jusqu&rsquo;\u00e0 1250 utilisations par cartouche<\/p>\n<p>+ Donne aux utilisateurs des toilettes une sensation de propret\u00e9, am\u00e9liorant leur exp\u00e9rience<\/p>\n<p>Assurez un niveau d&rsquo;hygi\u00e8ne et de propret\u00e9 optimal dans votre entreprise!<\/p>\n<p>Ein gef\u00e4hrliches Produkt. Beachten Sie die Vorsichtsma\u00dfnahmen auf dem Sicherheitsdatenblatt.*.<\/p>","protected":false},"excerpt":{"rendered":"<p>Propret\u00e9 hygi\u00e9nique des toilettes En tant qu&rsquo;entreprise, il est important que vos employ\u00e9s et vos clients se sentent en s\u00e9curit\u00e9 et prot\u00e9g\u00e9s dans votre entreprise &#8211; m\u00eame dans les toilettes. Avec le STOKO Refresh\u00ae Toilet Seat Cleaner, vous leur offrez<\/p>","protected":false},"featured_media":31452,"comment_status":"open","ping_status":"closed","template":"","meta":[],"product_brand":[],"product_cat":[143],"product_tag":[],"class_list":{"0":"post-31453","1":"product","2":"type-product","3":"status-publish","4":"has-post-thumbnail","6":"product_cat-nettoyage","8":"first","9":"instock","10":"shipping-taxable","11":"purchasable","12":"product-type-simple"},"_links":{"self":[{"href":"https:\/\/topprixsarl.ch\/de\/wp-json\/wp\/v2\/product\/31453","targetHints":{"allow":["GET"]}}],"collection":[{"href":"https:\/\/topprixsarl.ch\/de\/wp-json\/wp\/v2\/product"}],"about":[{"href":"https:\/\/topprixsarl.ch\/de\/wp-json\/wp\/v2\/types\/product"}],"replies":[{"embeddable":true,"href":"https:\/\/topprixsarl.ch\/de\/wp-json\/wp\/v2\/comments?post=31453"}],"version-history":[{"count":2,"href":"https:\/\/topprixsarl.ch\/de\/wp-json\/wp\/v2\/product\/31453\/revisions"}],"predecessor-version":[{"id":33102,"href":"https:\/\/topprixsarl.ch\/de\/wp-json\/wp\/v2\/product\/31453\/revisions\/33102"}],"wp:featuredmedia":[{"embeddable":true,"href":"https:\/\/topprixsarl.ch\/de\/wp-json\/wp\/v2\/media\/31452"}],"wp:attachment":[{"href":"https:\/\/topprixsarl.ch\/de\/wp-json\/wp\/v2\/media?parent=31453"}],"wp:term":[{"taxonomy":"product_brand","embeddable":true,"href":"https:\/\/topprixsarl.ch\/de\/wp-json\/wp\/v2\/product_brand?post=31453"},{"taxonomy":"product_cat","embeddable":true,"href":"https:\/\/topprixsarl.ch\/de\/wp-json\/wp\/v2\/product_cat?post=31453"},{"taxonomy":"product_tag","embeddable":true,"href":"https:\/\/topprixsarl.ch\/de\/wp-json\/wp\/v2\/product_tag?post=31453"}],"curies":[{"name":"wp","href":"https:\/\/api.w.org\/{rel}","templated":true}]}}