{"id":31449,"date":"2026-01-09T17:25:36","date_gmt":"2026-01-09T17:25:36","guid":{"rendered":"https:\/\/topprixsarl.ch\/product\/agrafes-a-tete-ronde-omega-4-100-22-mm-argente-pqt-de-100-pcs\/"},"modified":"2026-01-14T14:19:01","modified_gmt":"2026-01-14T14:19:01","slug":"agrafes-a-tete-ronde-omega-4-100-22-mm-argente-pqt-de-100-pcs","status":"publish","type":"product","link":"https:\/\/topprixsarl.ch\/de\/product\/agrafes-a-tete-ronde-omega-4-100-22-mm-argente-pqt-de-100-pcs\/","title":{"rendered":"Omega 4\/100 Rundkopfklammern, 22 mm, versilbert, pqt zu 100 Stk."},"content":{"rendered":"<p>Agrafes \u00e0 t\u00eate ronde pour votre entreprise<\/p>\n<p>Vous avez certainement d\u00e9j\u00e0 \u00e9t\u00e9 confront\u00e9 \u00e0 de nombreuses situations au bureau o\u00f9 vous n&rsquo;aviez pas de moyen de fixation ad\u00e9quat pour vos documents. Qu&rsquo;il s&rsquo;agisse d&rsquo;\u00e9chantillons, de paquets, de collections ou d&rsquo;autres documents importants, il est ennuyeux de ne pas trouver de solution pratique. Mais ne vous inqui\u00e9tez pas, nous avons la solution parfaite pour vous: les agrafes \u00e0 t\u00eate ronde.<\/p>\n<p>Les agrafes \u00e0 t\u00eate ronde sont les auxiliaires universels de votre bureau. Qu&rsquo;il s&rsquo;agisse d&rsquo;\u00e9chantillons, de paquets, de collections ou d&rsquo;autres documents, les agrafes \u00e0 t\u00eate ronde sont polyvalentes et tiennent ensemble de mani\u00e8re fiable.<\/p>\n<p>+ Forme ronde pour une utilisation pratique et esth\u00e9tique<\/p>\n<p>Leur forme ronde les rend non seulement pratiques, mais aussi agr\u00e9ables \u00e0 regarder et conf\u00e8re une certaine \u00e9l\u00e9gance \u00e0 vos documents. <\/p>\n<p>+ Retrait facile sans laisser de traces<\/p>\n<p>Le retrait des agrafes est \u00e9galement un jeu d&rsquo;enfant et ne laisse aucune trace sur le papier. <\/p>\n<p>+ Fabrication en mat\u00e9riau de haute qualit\u00e9<\/p>\n<p>Les agrafes \u00e0 t\u00eate ronde sont fabriqu\u00e9es dans un mat\u00e9riau de haute qualit\u00e9 et garantissent une longue dur\u00e9e de vie. <\/p>\n<p>Facilitez la gestion de vos documents avec ces aides universelles.<\/p>","protected":false},"excerpt":{"rendered":"<p>Agrafes \u00e0 t\u00eate ronde pour votre entrepriseVous avez certainement d\u00e9j\u00e0 \u00e9t\u00e9 confront\u00e9 \u00e0 de nombreuses situations au bureau o\u00f9 vous n&rsquo;aviez pas de moyen de fixation ad\u00e9quat pour vos documents. Qu&rsquo;il s&rsquo;agisse d&rsquo;\u00e9chantillons, de paquets, de collections ou<\/p>","protected":false},"featured_media":31448,"comment_status":"open","ping_status":"closed","template":"","meta":[],"product_brand":[],"product_cat":[137],"product_tag":[],"class_list":{"0":"post-31449","1":"product","2":"type-product","3":"status-publish","4":"has-post-thumbnail","6":"product_cat-papier","8":"first","9":"instock","10":"shipping-taxable","11":"purchasable","12":"product-type-simple"},"_links":{"self":[{"href":"https:\/\/topprixsarl.ch\/de\/wp-json\/wp\/v2\/product\/31449","targetHints":{"allow":["GET"]}}],"collection":[{"href":"https:\/\/topprixsarl.ch\/de\/wp-json\/wp\/v2\/product"}],"about":[{"href":"https:\/\/topprixsarl.ch\/de\/wp-json\/wp\/v2\/types\/product"}],"replies":[{"embeddable":true,"href":"https:\/\/topprixsarl.ch\/de\/wp-json\/wp\/v2\/comments?post=31449"}],"version-history":[{"count":2,"href":"https:\/\/topprixsarl.ch\/de\/wp-json\/wp\/v2\/product\/31449\/revisions"}],"predecessor-version":[{"id":33098,"href":"https:\/\/topprixsarl.ch\/de\/wp-json\/wp\/v2\/product\/31449\/revisions\/33098"}],"wp:featuredmedia":[{"embeddable":true,"href":"https:\/\/topprixsarl.ch\/de\/wp-json\/wp\/v2\/media\/31448"}],"wp:attachment":[{"href":"https:\/\/topprixsarl.ch\/de\/wp-json\/wp\/v2\/media?parent=31449"}],"wp:term":[{"taxonomy":"product_brand","embeddable":true,"href":"https:\/\/topprixsarl.ch\/de\/wp-json\/wp\/v2\/product_brand?post=31449"},{"taxonomy":"product_cat","embeddable":true,"href":"https:\/\/topprixsarl.ch\/de\/wp-json\/wp\/v2\/product_cat?post=31449"},{"taxonomy":"product_tag","embeddable":true,"href":"https:\/\/topprixsarl.ch\/de\/wp-json\/wp\/v2\/product_tag?post=31449"}],"curies":[{"name":"wp","href":"https:\/\/api.w.org\/{rel}","templated":true}]}}