{"id":31439,"date":"2026-01-09T17:24:15","date_gmt":"2026-01-09T17:24:15","guid":{"rendered":"https:\/\/topprixsarl.ch\/product\/veste-sweat-ardon-softfleece-combo-h6497-vert-taille-l\/"},"modified":"2026-01-14T14:19:01","modified_gmt":"2026-01-14T14:19:01","slug":"veste-sweat-ardon-softfleece-combo-h6497-vert-taille-l","status":"publish","type":"product","link":"https:\/\/topprixsarl.ch\/de\/product\/veste-sweat-ardon-softfleece-combo-h6497-vert-taille-l\/","title":{"rendered":"Ardon Softfleece Combo Sweatjacke H6497, gr\u00fcn, Gr\u00f6\u00dfe L"},"content":{"rendered":"<p>Un v\u00eatement de travail et de protection confortable con\u00e7u \u00e0 l&rsquo;aide d&rsquo;un mat\u00e9riau haut de gamme. <\/p>\n<p>Vous pr\u00e9f\u00e9reriez ne pas avoir \u00e0 effectuer certaines t\u00e2ches parce qu&rsquo;elles vous obligent \u00e0 enfiler des v\u00eatements de protection d\u00e9sagr\u00e9ables \u00e0 porter? Avec la veste polaire, ce n&rsquo;est plus un probl\u00e8me. En effet, il s&rsquo;agit d&rsquo;un v\u00eatement agr\u00e9able \u00e0 porter que vous aurez plaisir \u00e0 enfiler dans le cadre de vos diverses activit\u00e9s. <\/p>\n<p>+ Combinaison de polaire, de polyester et d&rsquo;\u00e9lasthanne pour une tenue parfaite et un port agr\u00e9ablement doux. <\/p>\n<p>+ Absence de substances nocives certifi\u00e9e par le label STANDARD 100 d&rsquo;OEKO-TEX\u00ae. <\/p>\n<p>Les manches longues prot\u00e8gent \u00e9galement les bras et les \u00e9paules. Une fermeture \u00e0 glissi\u00e8re permet de fermer rapidement et facilement la veste polaire. <\/p>\n<p>+ Deux poches offrant suffisamment de place pour ranger des cl\u00e9s, le t\u00e9l\u00e9phone ou d&rsquo;autres petits objets importants. <\/p>\n<p>Ne faites pas l&rsquo;\u00e9conomie d&rsquo;un v\u00eatement de protection aussi important, il en va de votre s\u00e9curit\u00e9 et de celle des membres de votre \u00e9quipe. <\/p>\n<p>+ La veste polaire d&rsquo;Ardon facilitera consid\u00e9rablement votre travail quotidien et le rendra plus s\u00fbr. <\/p>\n<p>Saisissez l&rsquo;occasion. Parce que votre s\u00e9curit\u00e9 au travail en vaut la peine! <\/p>\n<p>Andere Gr\u00f6\u00dfen und Farben sind auf Anfrage erh\u00e4ltlich.<\/p>","protected":false},"excerpt":{"rendered":"<p>Un v\u00eatement de travail et de protection confortable con\u00e7u \u00e0 l&rsquo;aide d&rsquo;un mat\u00e9riau haut de gamme. Vous pr\u00e9f\u00e9reriez ne pas avoir \u00e0 effectuer certaines t\u00e2ches parce qu&rsquo;elles vous obligent \u00e0 enfiler des v\u00eatements de protection d\u00e9sagr\u00e9ables \u00e0 porter? Avec <\/p>","protected":false},"featured_media":31438,"comment_status":"open","ping_status":"closed","template":"","meta":[],"product_brand":[],"product_cat":[142],"product_tag":[],"class_list":{"0":"post-31439","1":"product","2":"type-product","3":"status-publish","4":"has-post-thumbnail","6":"product_cat-entretien","8":"first","9":"instock","10":"shipping-taxable","11":"purchasable","12":"product-type-simple"},"_links":{"self":[{"href":"https:\/\/topprixsarl.ch\/de\/wp-json\/wp\/v2\/product\/31439","targetHints":{"allow":["GET"]}}],"collection":[{"href":"https:\/\/topprixsarl.ch\/de\/wp-json\/wp\/v2\/product"}],"about":[{"href":"https:\/\/topprixsarl.ch\/de\/wp-json\/wp\/v2\/types\/product"}],"replies":[{"embeddable":true,"href":"https:\/\/topprixsarl.ch\/de\/wp-json\/wp\/v2\/comments?post=31439"}],"version-history":[{"count":2,"href":"https:\/\/topprixsarl.ch\/de\/wp-json\/wp\/v2\/product\/31439\/revisions"}],"predecessor-version":[{"id":33092,"href":"https:\/\/topprixsarl.ch\/de\/wp-json\/wp\/v2\/product\/31439\/revisions\/33092"}],"wp:featuredmedia":[{"embeddable":true,"href":"https:\/\/topprixsarl.ch\/de\/wp-json\/wp\/v2\/media\/31438"}],"wp:attachment":[{"href":"https:\/\/topprixsarl.ch\/de\/wp-json\/wp\/v2\/media?parent=31439"}],"wp:term":[{"taxonomy":"product_brand","embeddable":true,"href":"https:\/\/topprixsarl.ch\/de\/wp-json\/wp\/v2\/product_brand?post=31439"},{"taxonomy":"product_cat","embeddable":true,"href":"https:\/\/topprixsarl.ch\/de\/wp-json\/wp\/v2\/product_cat?post=31439"},{"taxonomy":"product_tag","embeddable":true,"href":"https:\/\/topprixsarl.ch\/de\/wp-json\/wp\/v2\/product_tag?post=31439"}],"curies":[{"name":"wp","href":"https:\/\/api.w.org\/{rel}","templated":true}]}}