{"id":31437,"date":"2026-01-09T17:23:58","date_gmt":"2026-01-09T17:23:58","guid":{"rendered":"https:\/\/topprixsarl.ch\/product\/veste-sweat-ardon-breeffidry-melange-h9762-slim-fit-vert-taille-xl\/"},"modified":"2026-01-14T14:19:01","modified_gmt":"2026-01-14T14:19:01","slug":"veste-sweat-ardon-breeffidry-melange-h9762-slim-fit-vert-taille-xl","status":"publish","type":"product","link":"https:\/\/topprixsarl.ch\/de\/product\/veste-sweat-ardon-breeffidry-melange-h9762-slim-fit-vert-taille-xl\/","title":{"rendered":"Ardon Sweatshirtjacke Breeffidry Melange H9762, SLIM FIT, gr\u00fcn, Gr\u00f6\u00dfe XL"},"content":{"rendered":"<p>M\u00eame en portant un v\u00eatement de travail et de protection, vous aurez fi\u00e8re allure. <\/p>\n<p>Vous avez pris l&rsquo;habitude de vivre et de travailler selon la devise \u00ab\u00a0on n&rsquo;est jamais mieux servi que par soi-m\u00eame\u00a0\u00bb? Que ce soit dans votre jardin, sur un chantier ou lors de travaux forestiers, la veste en tricot d&rsquo;Ardon est tr\u00e8s r\u00e9sistante et vous prot\u00e8ge parfaitement. <\/p>\n<p>+ Composition : La veste en tricot est compos\u00e9e d&rsquo;un m\u00e9lange de mat\u00e9riaux suivants : le polyester et l&rsquo;\u00e9lasthanne. <\/p>\n<p>+ Certification : La veste en tricot est certifi\u00e9e par le label STANDARD 100 d&rsquo;OEKO-TEX\u00ae.<\/p>\n<p>+ Robustesse : Seuls les tissus robustes sont adapt\u00e9s aux travaux entra\u00eenant une forte usure du mat\u00e9riel. <\/p>\n<p>+ Grammage : Ce v\u00eatement poss\u00e8de un grammage de 300 g\/m\u00b2. <\/p>\n<p>+ Protection : Les bras et les \u00e9paules sont prot\u00e9g\u00e9s par les manches longues. <\/p>\n<p>+ Fermeture : Pour ouvrir et fermer facilement ce v\u00eatement, il suffit d&rsquo;utiliser une fermeture \u00e0 glissi\u00e8re classique mais n\u00e9anmoins robuste. <\/p>\n<p>+ Rangement : Gr\u00e2ce aux trois poches, vous avez suffisamment de place pour ranger les outils importants. <\/p>\n<p>En misant sur la veste en tricot d&rsquo;Ardon, vous vous f\u00e9liciterez du choix que vous avez fait, surtout si vous accordez une importance toute particuli\u00e8re \u00e0 la fonctionnalit\u00e9 et \u00e0 la s\u00e9curit\u00e9. <\/p>\n<p>Pas de doute, il s&rsquo;agit l\u00e0 d&rsquo;un investissement n\u00e9cessaire pour votre s\u00e9curit\u00e9! <\/p>\n<p>+ Coupe : SLIM FIT &#8211; Attention : coupe serr\u00e9e! <\/p>\n<p>Andere Gr\u00f6\u00dfen und Farben sind auf Anfrage erh\u00e4ltlich.<\/p>","protected":false},"excerpt":{"rendered":"<p>M\u00eame en portant un v\u00eatement de travail et de protection vous aurez fi\u00e8re allure. Vous avez pris l&rsquo;habitude de vivre et de travailler selon la devise \u00ab\u00a0on n&rsquo;est jamais mieux servi que par soi-m\u00eame\u00a0\u00bb? Que ce soit dans votre jardin, sur un chantier ou lor<\/p>","protected":false},"featured_media":31436,"comment_status":"open","ping_status":"closed","template":"","meta":[],"product_brand":[],"product_cat":[142],"product_tag":[],"class_list":{"0":"post-31437","1":"product","2":"type-product","3":"status-publish","4":"has-post-thumbnail","6":"product_cat-entretien","8":"first","9":"instock","10":"shipping-taxable","11":"purchasable","12":"product-type-simple"},"_links":{"self":[{"href":"https:\/\/topprixsarl.ch\/de\/wp-json\/wp\/v2\/product\/31437","targetHints":{"allow":["GET"]}}],"collection":[{"href":"https:\/\/topprixsarl.ch\/de\/wp-json\/wp\/v2\/product"}],"about":[{"href":"https:\/\/topprixsarl.ch\/de\/wp-json\/wp\/v2\/types\/product"}],"replies":[{"embeddable":true,"href":"https:\/\/topprixsarl.ch\/de\/wp-json\/wp\/v2\/comments?post=31437"}],"version-history":[{"count":2,"href":"https:\/\/topprixsarl.ch\/de\/wp-json\/wp\/v2\/product\/31437\/revisions"}],"predecessor-version":[{"id":33091,"href":"https:\/\/topprixsarl.ch\/de\/wp-json\/wp\/v2\/product\/31437\/revisions\/33091"}],"wp:featuredmedia":[{"embeddable":true,"href":"https:\/\/topprixsarl.ch\/de\/wp-json\/wp\/v2\/media\/31436"}],"wp:attachment":[{"href":"https:\/\/topprixsarl.ch\/de\/wp-json\/wp\/v2\/media?parent=31437"}],"wp:term":[{"taxonomy":"product_brand","embeddable":true,"href":"https:\/\/topprixsarl.ch\/de\/wp-json\/wp\/v2\/product_brand?post=31437"},{"taxonomy":"product_cat","embeddable":true,"href":"https:\/\/topprixsarl.ch\/de\/wp-json\/wp\/v2\/product_cat?post=31437"},{"taxonomy":"product_tag","embeddable":true,"href":"https:\/\/topprixsarl.ch\/de\/wp-json\/wp\/v2\/product_tag?post=31437"}],"curies":[{"name":"wp","href":"https:\/\/api.w.org\/{rel}","templated":true}]}}