{"id":31431,"date":"2026-01-09T17:23:15","date_gmt":"2026-01-09T17:23:15","guid":{"rendered":"https:\/\/topprixsarl.ch\/product\/pantalon-de-travail-ardon-urban-h6442-polyester-coton-vert-taille-50\/"},"modified":"2026-01-14T14:19:02","modified_gmt":"2026-01-14T14:19:02","slug":"pantalon-de-travail-ardon-urban-h6442-polyester-coton-vert-taille-50","status":"publish","type":"product","link":"https:\/\/topprixsarl.ch\/de\/product\/pantalon-de-travail-ardon-urban-h6442-polyester-coton-vert-taille-50\/","title":{"rendered":"Ardon Urban+ Arbeitshose H6442, Polyester\/Baumwolle, gr\u00fcn, Gr\u00f6\u00dfe 50"},"content":{"rendered":"<p>Les probl\u00e8mes d&rsquo;usure? C&rsquo;est de l&rsquo;histoire ancienne. <\/p>\n<p>Dans votre travail, il vous arrive de manipuler des surfaces rugueuses ou des objets dangereux? Dans ce cas, il est important que vous prot\u00e9giez votre corps avec des tissus robustes. <\/p>\n<p>Le pantalon d&rsquo;Ardon offre \u00e0 cet effet une excellente protection contre l&rsquo;abrasion et les chocs m\u00e9caniques. <\/p>\n<p>+ Confort optimal et fonctionnalit\u00e9 gr\u00e2ce \u00e0 l&rsquo;utilisation intelligente de mat\u00e9riaux en polyester, en coton et en Cordura. <\/p>\n<p>+ Certifi\u00e9 par le label STANDARD 100 d&rsquo;OEKO-TEX\u00ae. <\/p>\n<p>+ Poids de 270 g\/m\u00b2, id\u00e9al pour une utilisation \u00e0 diverses occasions, y compris avec d&rsquo;autres couches de v\u00eatements. <\/p>\n<p>+ Reste bien en place gr\u00e2ce au bouton et au zip. <\/p>\n<p>+ \u00c9quip\u00e9 de onze poches, ce pantalon de travail est un compagnon tr\u00e8s pr\u00e9cieux, car il vous permet de transporter de nombreux outils sans avoir besoin d&rsquo;utiliser un sac ou une caisse. <\/p>\n<p>Nous vous conseillons donc vivement de faire confiance au pantalon de travail d&rsquo;Ardon lorsque vous devez effectuer un travail physiquement intense et que vous \u00e9voluez dans un environnement hostile. <\/p>\n<p>Dieses Kleidungsst\u00fcck \u00fcberzeugt aufgrund seiner hohen Funktionalit\u00e4t bis ins kleinste Detail. <\/p>\n<p>Bref, cet investissement en vaut vraiment la peine. <\/p>\n<p>Andere Gr\u00f6\u00dfen und Farben sind auf Anfrage erh\u00e4ltlich.<\/p>","protected":false},"excerpt":{"rendered":"<p>Les probl\u00e8mes d&rsquo;usure? C&rsquo;est de l&rsquo;histoire ancienne. Dans votre travail, il vous arrive de manipuler des surfaces rugueuses ou des objets dangereux? Dans ce cas, il est important que vous prot\u00e9giez votre corps avec des tissus robustes. Le pantalon d&rsquo;<\/p>","protected":false},"featured_media":31430,"comment_status":"open","ping_status":"closed","template":"","meta":[],"product_brand":[],"product_cat":[142],"product_tag":[],"class_list":{"0":"post-31431","1":"product","2":"type-product","3":"status-publish","4":"has-post-thumbnail","6":"product_cat-entretien","8":"first","9":"instock","10":"shipping-taxable","11":"purchasable","12":"product-type-simple"},"_links":{"self":[{"href":"https:\/\/topprixsarl.ch\/de\/wp-json\/wp\/v2\/product\/31431","targetHints":{"allow":["GET"]}}],"collection":[{"href":"https:\/\/topprixsarl.ch\/de\/wp-json\/wp\/v2\/product"}],"about":[{"href":"https:\/\/topprixsarl.ch\/de\/wp-json\/wp\/v2\/types\/product"}],"replies":[{"embeddable":true,"href":"https:\/\/topprixsarl.ch\/de\/wp-json\/wp\/v2\/comments?post=31431"}],"version-history":[{"count":2,"href":"https:\/\/topprixsarl.ch\/de\/wp-json\/wp\/v2\/product\/31431\/revisions"}],"predecessor-version":[{"id":33088,"href":"https:\/\/topprixsarl.ch\/de\/wp-json\/wp\/v2\/product\/31431\/revisions\/33088"}],"wp:featuredmedia":[{"embeddable":true,"href":"https:\/\/topprixsarl.ch\/de\/wp-json\/wp\/v2\/media\/31430"}],"wp:attachment":[{"href":"https:\/\/topprixsarl.ch\/de\/wp-json\/wp\/v2\/media?parent=31431"}],"wp:term":[{"taxonomy":"product_brand","embeddable":true,"href":"https:\/\/topprixsarl.ch\/de\/wp-json\/wp\/v2\/product_brand?post=31431"},{"taxonomy":"product_cat","embeddable":true,"href":"https:\/\/topprixsarl.ch\/de\/wp-json\/wp\/v2\/product_cat?post=31431"},{"taxonomy":"product_tag","embeddable":true,"href":"https:\/\/topprixsarl.ch\/de\/wp-json\/wp\/v2\/product_tag?post=31431"}],"curies":[{"name":"wp","href":"https:\/\/api.w.org\/{rel}","templated":true}]}}