{"id":31425,"date":"2026-01-09T17:22:34","date_gmt":"2026-01-09T17:22:34","guid":{"rendered":"https:\/\/topprixsarl.ch\/product\/lingettes-nettoyante-elix-universelle-lot-de-100\/"},"modified":"2026-01-14T14:19:02","modified_gmt":"2026-01-14T14:19:02","slug":"lingettes-nettoyante-elix-universelle-lot-de-100","status":"publish","type":"product","link":"https:\/\/topprixsarl.ch\/de\/product\/lingettes-nettoyante-elix-universelle-lot-de-100\/","title":{"rendered":"Lingettes nettoyante Elix universelle &#8211; lot de 100"},"content":{"rendered":"<p>La bo\u00eete de 100 lingettes Elix est un indispensable pour maintenir la propret\u00e9 dans de multiples contextes. <\/p>\n<p>Avec cette quantit\u00e9 g\u00e9n\u00e9reuse de lingettes, vous disposez d&rsquo;une solution polyvalente et pratique pour nettoyer diverses surfaces. Que ce soit \u00e0 la maison, au bureau ou en d\u00e9placement, ces lingettes sont id\u00e9ales pour \u00e9liminer la salet\u00e9, les taches et les traces de doigts. <\/p>\n<p>+ Formulation douce mais efficace pour un nettoyage en profondeur sans endommager les surfaces. <\/p>\n<p>+ Lingettes non abrasives, parfaites pour les \u00e9crans, les appareils \u00e9lectroniques, les meubles et plus encore. <\/p>\n<p>Gr\u00e2ce \u00e0 cette bo\u00eete de 100 lingettes Elix, vous avez toujours \u00e0 port\u00e9e de main une solution pratique pour maintenir un environnement propre et bien entretenu. <\/p>\n<p>+ Simplifiez votre routine de nettoyage avec ces lingettes polyvalentes et assurez-vous de toujours obtenir des r\u00e9sultats impeccables. <\/p>\n<p>*Notes de bas de page: [ajoutez ici les notes si n\u00e9cessaire]*<\/p>\n","protected":false},"excerpt":{"rendered":"<p>La bo\u00eete de 100 lingettes Elix est un indispensable pour maintenir la propret\u00e9 dans de multiples contextes. Avec cette quantit\u00e9 g\u00e9n\u00e9reuse de lingettes, vous disposez d&rsquo;une solution polyvalente et pratique pour nettoyer diverses surfaces. Que ce soit <\/p>","protected":false},"featured_media":31424,"comment_status":"open","ping_status":"closed","template":"","meta":[],"product_brand":[],"product_cat":[143],"product_tag":[],"class_list":{"0":"post-31425","1":"product","2":"type-product","3":"status-publish","4":"has-post-thumbnail","6":"product_cat-nettoyage","8":"first","9":"instock","10":"shipping-taxable","11":"purchasable","12":"product-type-simple"},"_links":{"self":[{"href":"https:\/\/topprixsarl.ch\/de\/wp-json\/wp\/v2\/product\/31425","targetHints":{"allow":["GET"]}}],"collection":[{"href":"https:\/\/topprixsarl.ch\/de\/wp-json\/wp\/v2\/product"}],"about":[{"href":"https:\/\/topprixsarl.ch\/de\/wp-json\/wp\/v2\/types\/product"}],"replies":[{"embeddable":true,"href":"https:\/\/topprixsarl.ch\/de\/wp-json\/wp\/v2\/comments?post=31425"}],"version-history":[{"count":2,"href":"https:\/\/topprixsarl.ch\/de\/wp-json\/wp\/v2\/product\/31425\/revisions"}],"predecessor-version":[{"id":33085,"href":"https:\/\/topprixsarl.ch\/de\/wp-json\/wp\/v2\/product\/31425\/revisions\/33085"}],"wp:featuredmedia":[{"embeddable":true,"href":"https:\/\/topprixsarl.ch\/de\/wp-json\/wp\/v2\/media\/31424"}],"wp:attachment":[{"href":"https:\/\/topprixsarl.ch\/de\/wp-json\/wp\/v2\/media?parent=31425"}],"wp:term":[{"taxonomy":"product_brand","embeddable":true,"href":"https:\/\/topprixsarl.ch\/de\/wp-json\/wp\/v2\/product_brand?post=31425"},{"taxonomy":"product_cat","embeddable":true,"href":"https:\/\/topprixsarl.ch\/de\/wp-json\/wp\/v2\/product_cat?post=31425"},{"taxonomy":"product_tag","embeddable":true,"href":"https:\/\/topprixsarl.ch\/de\/wp-json\/wp\/v2\/product_tag?post=31425"}],"curies":[{"name":"wp","href":"https:\/\/api.w.org\/{rel}","templated":true}]}}