{"id":31423,"date":"2026-01-09T17:22:19","date_gmt":"2026-01-09T17:22:19","guid":{"rendered":"https:\/\/topprixsarl.ch\/product\/recharge-de-lingettes-elix\/"},"modified":"2026-01-14T14:19:02","modified_gmt":"2026-01-14T14:19:02","slug":"recharge-de-lingettes-elix","status":"publish","type":"product","link":"https:\/\/topprixsarl.ch\/de\/product\/recharge-de-lingettes-elix\/","title":{"rendered":"Recharge de lingettes Elix"},"content":{"rendered":"<p>Des appareils informatiques durablement propres<\/p>\n<p>Vous en avez aussi assez d&rsquo;acheter sans cesse de nouvelles lingettes pour nettoyer vos appareils informatiques? Nous avons la solution! Nos recharges sont une alternative \u00e9cologique et rentable pour garder vos appareils toujours propres et frais.<\/p>\n<p>+ Lingettes sp\u00e9cialement con\u00e7ues pour les \u00e9quipements de bureau modernes tels que les claviers, les t\u00e9l\u00e9phones, les photocopieurs, les souris, les imprimantes et les t\u00e9l\u00e9phones portables.<\/p>\n<p>+ Parfum agr\u00e9ablement frais et distributeur pratique, vous \u00eates toujours bien \u00e9quip\u00e9.<\/p>\n<p>Les recharges contiennent 100 lingettes par rouleau, ce qui en fait le choix id\u00e9al pour tout bureau. Elles s&rsquo;adaptent parfaitement \u00e0 nos bo\u00eetes distributrices et vous permettent d&rsquo;avoir toujours suffisamment de lingettes nettoyantes \u00e0 port\u00e9e de main.<\/p>\n<p>+ Emball\u00e9es dans un carton pratique de 12 pi\u00e8ces pour garantir que votre bureau dispose toujours de suffisamment de recharges.<\/p>\n<p>Gardez votre \u00e9quipement informatique propre et frais avec nos recharges \u00e9cologiques et d\u00e9couvrez les avantages d&rsquo;un nettoyage de bureau durable!<\/p>\n<p>+ 20 emballages \/ carton<br \/>\n+ 104 cartons \/ palette (= 2080 emballages \/ palette)<\/p>","protected":false},"excerpt":{"rendered":"<p>Des appareils informatiques durablement propresVous en avez aussi assez d&rsquo;acheter sans cesse de nouvelles lingettes pour nettoyer vos appareils informatiques? Nous avons la solution! Nos recharges sont une alternative \u00e9cologique et rentable pour gard<\/p>","protected":false},"featured_media":31422,"comment_status":"open","ping_status":"closed","template":"","meta":[],"product_brand":[],"product_cat":[143],"product_tag":[],"class_list":{"0":"post-31423","1":"product","2":"type-product","3":"status-publish","4":"has-post-thumbnail","6":"product_cat-nettoyage","8":"first","9":"instock","10":"shipping-taxable","11":"purchasable","12":"product-type-simple"},"_links":{"self":[{"href":"https:\/\/topprixsarl.ch\/de\/wp-json\/wp\/v2\/product\/31423","targetHints":{"allow":["GET"]}}],"collection":[{"href":"https:\/\/topprixsarl.ch\/de\/wp-json\/wp\/v2\/product"}],"about":[{"href":"https:\/\/topprixsarl.ch\/de\/wp-json\/wp\/v2\/types\/product"}],"replies":[{"embeddable":true,"href":"https:\/\/topprixsarl.ch\/de\/wp-json\/wp\/v2\/comments?post=31423"}],"version-history":[{"count":2,"href":"https:\/\/topprixsarl.ch\/de\/wp-json\/wp\/v2\/product\/31423\/revisions"}],"predecessor-version":[{"id":33084,"href":"https:\/\/topprixsarl.ch\/de\/wp-json\/wp\/v2\/product\/31423\/revisions\/33084"}],"wp:featuredmedia":[{"embeddable":true,"href":"https:\/\/topprixsarl.ch\/de\/wp-json\/wp\/v2\/media\/31422"}],"wp:attachment":[{"href":"https:\/\/topprixsarl.ch\/de\/wp-json\/wp\/v2\/media?parent=31423"}],"wp:term":[{"taxonomy":"product_brand","embeddable":true,"href":"https:\/\/topprixsarl.ch\/de\/wp-json\/wp\/v2\/product_brand?post=31423"},{"taxonomy":"product_cat","embeddable":true,"href":"https:\/\/topprixsarl.ch\/de\/wp-json\/wp\/v2\/product_cat?post=31423"},{"taxonomy":"product_tag","embeddable":true,"href":"https:\/\/topprixsarl.ch\/de\/wp-json\/wp\/v2\/product_tag?post=31423"}],"curies":[{"name":"wp","href":"https:\/\/api.w.org\/{rel}","templated":true}]}}