{"id":31419,"date":"2026-01-09T17:21:50","date_gmt":"2026-01-09T17:21:50","guid":{"rendered":"https:\/\/topprixsarl.ch\/product\/lunettes-a-branches-univet-506up-clear-plus-1-verres-clairs-vert-blanc\/"},"modified":"2026-01-14T14:19:02","modified_gmt":"2026-01-14T14:19:02","slug":"lunettes-a-branches-univet-506up-clear-plus-1-verres-clairs-vert-blanc","status":"publish","type":"product","link":"https:\/\/topprixsarl.ch\/de\/product\/lunettes-a-branches-univet-506up-clear-plus-1-verres-clairs-vert-blanc\/","title":{"rendered":"Lunettes \u00e0 branches UNIVET 506UP Clear Plus 1, verres clairs, vert\/blanc"},"content":{"rendered":"<p>Tout en vue en s\u00e9curit\u00e9<\/p>\n<p>Tous les environnements de travail ne sont pas parfaitement adapt\u00e9s \u00e0 nos besoins et il est donc important de se prot\u00e9ger contre les facteurs de risque ext\u00e9rieurs. Le travail en plein air ou avec des corps \u00e9trangers, en particulier, nous expose \u00e0 des conditions difficiles qui peuvent nuire \u00e0 notre s\u00e9curit\u00e9 et \u00e0 nos performances.<\/p>\n<p>Les lunettes de protection pratiques d&rsquo;Univet vous permettent de prot\u00e9ger vos yeux de mani\u00e8re s\u00fbre et fiable. <\/p>\n<p>+ Branches flexibles r\u00e9glables en longueur et en inclinaison pour un confort de port agr\u00e9able.<\/p>\n<p>+ Verres transparents en polycarbonate anti-bu\u00e9e et anti-rayures, adapt\u00e9s \u00e0 une utilisation par luminosit\u00e9 normale ou faible.<\/p>\n<p>+ Protections oculaires utilisables \u00e0 l&rsquo;ext\u00e9rieur comme \u00e0 l&rsquo;int\u00e9rieur, prot\u00e9geant des dommages caus\u00e9s par les particules de poussi\u00e8re ainsi que de la bu\u00e9e.<\/p>\n<p>+ R\u00e9sistantes aux chocs conform\u00e9ment aux normes DIN EN 166 et EN 170.<\/p>\n<p>Gardez vos yeux prot\u00e9g\u00e9s! <\/p>\n<p>> Garantie 1 an<\/p>","protected":false},"excerpt":{"rendered":"<p>Tout en vue en s\u00e9curit\u00e9Tous les environnements de travail ne sont pas parfaitement adapt\u00e9s \u00e0 nos besoins et il est donc important de se prot\u00e9ger contre les facteurs de risque ext\u00e9rieurs. Le travail en plein air ou avec des corps \u00e9trangers, en particu<\/p>","protected":false},"featured_media":31418,"comment_status":"open","ping_status":"closed","template":"","meta":[],"product_brand":[],"product_cat":[142],"product_tag":[],"class_list":{"0":"post-31419","1":"product","2":"type-product","3":"status-publish","4":"has-post-thumbnail","6":"product_cat-protection","8":"first","9":"instock","10":"shipping-taxable","11":"purchasable","12":"product-type-simple"},"_links":{"self":[{"href":"https:\/\/topprixsarl.ch\/de\/wp-json\/wp\/v2\/product\/31419","targetHints":{"allow":["GET"]}}],"collection":[{"href":"https:\/\/topprixsarl.ch\/de\/wp-json\/wp\/v2\/product"}],"about":[{"href":"https:\/\/topprixsarl.ch\/de\/wp-json\/wp\/v2\/types\/product"}],"replies":[{"embeddable":true,"href":"https:\/\/topprixsarl.ch\/de\/wp-json\/wp\/v2\/comments?post=31419"}],"version-history":[{"count":2,"href":"https:\/\/topprixsarl.ch\/de\/wp-json\/wp\/v2\/product\/31419\/revisions"}],"predecessor-version":[{"id":33082,"href":"https:\/\/topprixsarl.ch\/de\/wp-json\/wp\/v2\/product\/31419\/revisions\/33082"}],"wp:featuredmedia":[{"embeddable":true,"href":"https:\/\/topprixsarl.ch\/de\/wp-json\/wp\/v2\/media\/31418"}],"wp:attachment":[{"href":"https:\/\/topprixsarl.ch\/de\/wp-json\/wp\/v2\/media?parent=31419"}],"wp:term":[{"taxonomy":"product_brand","embeddable":true,"href":"https:\/\/topprixsarl.ch\/de\/wp-json\/wp\/v2\/product_brand?post=31419"},{"taxonomy":"product_cat","embeddable":true,"href":"https:\/\/topprixsarl.ch\/de\/wp-json\/wp\/v2\/product_cat?post=31419"},{"taxonomy":"product_tag","embeddable":true,"href":"https:\/\/topprixsarl.ch\/de\/wp-json\/wp\/v2\/product_tag?post=31419"}],"curies":[{"name":"wp","href":"https:\/\/api.w.org\/{rel}","templated":true}]}}