{"id":31415,"date":"2026-01-09T17:21:15","date_gmt":"2026-01-09T17:21:15","guid":{"rendered":"https:\/\/topprixsarl.ch\/product\/nettoyant-pour-sols-diversey-actival-pack-de-2x-5-litres-inodore\/"},"modified":"2026-01-14T14:19:02","modified_gmt":"2026-01-14T14:19:02","slug":"nettoyant-pour-sols-diversey-actival-pack-de-2x-5-litres-inodore","status":"publish","type":"product","link":"https:\/\/topprixsarl.ch\/de\/product\/nettoyant-pour-sols-diversey-actival-pack-de-2x-5-litres-inodore\/","title":{"rendered":"Nettoyant pour sols Diversey Actival, pack de 2x 5 litres, inodore"},"content":{"rendered":"<p>Klick&rsquo;n&rsquo;easy<\/p>\n<p>Si vous disposez de votre syst\u00e8me de nettoyage, il est logique d&rsquo;avoir tout chez le m\u00eame fournisseur pour avoir l&rsquo;assurance d\u2019un fonctionnement parfait des produits. Il faut pouvoir avoir un fournisseur capable de fournir tous les \u00e9quipements et d\u00e9tergents ou s&rsquo;adresser \u00e0 un fournisseur sp\u00e9cialis\u00e9 dans ces domaines.<\/p>\n<p>+ fournit presque toute la gamme des produits Taski, notamment le syst\u00e8me Taski MicroEasy, une gamme con\u00e7ue pour le nettoyage humide de diff\u00e9rentes surfaces.<\/p>\n<p>+ Ce serpilli\u00e8re est parfaite avec la poign\u00e9e t\u00e9lescopique (12.175.117) ou les serpilli\u00e8res 12.175.436, 11218085, 12175447 ou 12.174.989.<\/p>\n<p>Gr\u00e2ce \u00e0 ces accessoires, il est tr\u00e8s facile de passer d&rsquo;une partie \u00e0 l&rsquo;autre du b\u00e2timent et d&rsquo;\u00e9viter la contamination crois\u00e9e par des bact\u00e9ries. <\/p>\n<p>+ Ces \u00e9quipements con\u00e7us pour les professionnels sont un gage d\u2019une qualit\u00e9 et d\u2019une longue dur\u00e9e de vie.<\/p>\n<p>Cliquez, nettoyez et recommencez!<\/p>\n<p>Produit dangereux. <\/p>\n<p>Respecter les pr\u00e9cautions d\u2019emploi indiqu\u00e9es sur la fiche de donn\u00e9es de s\u00e9curit\u00e9*.<\/p>","protected":false},"excerpt":{"rendered":"<p>Klick&rsquo;n&rsquo;easy Si vous disposez de votre syst\u00e8me de nettoyage, il est logique d&rsquo;avoir tout chez le m\u00eame fournisseur pour avoir l&rsquo;assurance d\u2019un fonctionnement parfait des produits. Il faut pouvoir avoir un fournisseur capable de fournir tous les \u00e9quipe<\/p>","protected":false},"featured_media":31414,"comment_status":"open","ping_status":"closed","template":"","meta":[],"product_brand":[],"product_cat":[143],"product_tag":[],"class_list":{"0":"post-31415","1":"product","2":"type-product","3":"status-publish","4":"has-post-thumbnail","6":"product_cat-nettoyage","8":"first","9":"instock","10":"shipping-taxable","11":"purchasable","12":"product-type-simple"},"_links":{"self":[{"href":"https:\/\/topprixsarl.ch\/de\/wp-json\/wp\/v2\/product\/31415","targetHints":{"allow":["GET"]}}],"collection":[{"href":"https:\/\/topprixsarl.ch\/de\/wp-json\/wp\/v2\/product"}],"about":[{"href":"https:\/\/topprixsarl.ch\/de\/wp-json\/wp\/v2\/types\/product"}],"replies":[{"embeddable":true,"href":"https:\/\/topprixsarl.ch\/de\/wp-json\/wp\/v2\/comments?post=31415"}],"version-history":[{"count":3,"href":"https:\/\/topprixsarl.ch\/de\/wp-json\/wp\/v2\/product\/31415\/revisions"}],"predecessor-version":[{"id":33229,"href":"https:\/\/topprixsarl.ch\/de\/wp-json\/wp\/v2\/product\/31415\/revisions\/33229"}],"wp:featuredmedia":[{"embeddable":true,"href":"https:\/\/topprixsarl.ch\/de\/wp-json\/wp\/v2\/media\/31414"}],"wp:attachment":[{"href":"https:\/\/topprixsarl.ch\/de\/wp-json\/wp\/v2\/media?parent=31415"}],"wp:term":[{"taxonomy":"product_brand","embeddable":true,"href":"https:\/\/topprixsarl.ch\/de\/wp-json\/wp\/v2\/product_brand?post=31415"},{"taxonomy":"product_cat","embeddable":true,"href":"https:\/\/topprixsarl.ch\/de\/wp-json\/wp\/v2\/product_cat?post=31415"},{"taxonomy":"product_tag","embeddable":true,"href":"https:\/\/topprixsarl.ch\/de\/wp-json\/wp\/v2\/product_tag?post=31415"}],"curies":[{"name":"wp","href":"https:\/\/api.w.org\/{rel}","templated":true}]}}