{"id":31411,"date":"2026-01-09T17:20:45","date_gmt":"2026-01-09T17:20:45","guid":{"rendered":"https:\/\/topprixsarl.ch\/product\/pile-alcaline-energizer-max-plus-aa-lr06-pack-de-50\/"},"modified":"2026-04-11T01:28:10","modified_gmt":"2026-04-11T01:28:10","slug":"pile-alcaline-energizer-max-plus-aa-lr06-pack-de-50","status":"publish","type":"product","link":"https:\/\/topprixsarl.ch\/de\/product\/pile-alcaline-energizer-max-plus-aa-lr06-pack-de-50\/","title":{"rendered":"Pile alcaline Energizer Max Plus AA\/LR06 &#8211; pack de 50"},"content":{"rendered":"<p>Pour que l&rsquo;\u00e9nergie devienne une force! Vos clients, vos sup\u00e9rieurs et vos employ\u00e9s attendent le meilleur de vous et de votre travail. Nous vous offrons les composantes id\u00e9ales pour cela: <\/p>\n<p>+ Piles standard de la marque Energizer fournissant de l&rsquo;\u00e9nergie permettant aux calculatrices, aux horloges, aux destructeurs de documents, etc. de fonctionner sans souci pendant longtemps. <\/p>\n<p>+ Piles alcalines, le choix id\u00e9al pour tout appareil cens\u00e9 fonctionner pendant longtemps. <\/p>\n<p>+ La pile AA\/LR06 couvre une tr\u00e8s large gamme d&rsquo;applications telles que des t\u00e9l\u00e9commandes, manettes de jeu et appareils sans fil. <\/p>\n<p>+ Tension de sortie de 1.5 V. <\/p>\n<p>+ Capacit\u00e9 de la pile de 2800 mAh. <\/p>\n<p>+ Le paquet contient 50 piles. <\/p>\n<p>Votre ambition est-elle d\u2019offrir la bonne qualit\u00e9 \u00e0 vos clients? Vous obtiendrez de notre part le soutien n\u00e9cessaire pour y parvenir. <\/p>\n<p>+ La pile standard de la marque Energizer r\u00e9pond \u00e0 un large \u00e9ventail d&rsquo;exigences afin que vous puissiez compter sur un approvisionnement \u00e9nerg\u00e9tique fiable \u00e0 tout moment. <\/p>\n<p>> Garantie 12 ans*<\/p>","protected":false},"excerpt":{"rendered":"<p>Pour que l&rsquo;\u00e9nergie devienne une force! Vos clients, vos sup\u00e9rieurs et vos employ\u00e9s attendent le meilleur de vous et de votre travail. Nous vous offrons les composantes id\u00e9ales pour cela: les piles standard de la marque Energizer fournissent de l&rsquo;\u00e9ner<\/p>","protected":false},"featured_media":31410,"comment_status":"open","ping_status":"closed","template":"","meta":[],"product_brand":[],"product_cat":[143],"product_tag":[],"class_list":{"0":"post-31411","1":"product","2":"type-product","3":"status-publish","4":"has-post-thumbnail","6":"product_cat-nettoyage","8":"first","9":"instock","10":"shipping-taxable","11":"purchasable","12":"product-type-simple"},"_links":{"self":[{"href":"https:\/\/topprixsarl.ch\/de\/wp-json\/wp\/v2\/product\/31411","targetHints":{"allow":["GET"]}}],"collection":[{"href":"https:\/\/topprixsarl.ch\/de\/wp-json\/wp\/v2\/product"}],"about":[{"href":"https:\/\/topprixsarl.ch\/de\/wp-json\/wp\/v2\/types\/product"}],"replies":[{"embeddable":true,"href":"https:\/\/topprixsarl.ch\/de\/wp-json\/wp\/v2\/comments?post=31411"}],"version-history":[{"count":2,"href":"https:\/\/topprixsarl.ch\/de\/wp-json\/wp\/v2\/product\/31411\/revisions"}],"predecessor-version":[{"id":33078,"href":"https:\/\/topprixsarl.ch\/de\/wp-json\/wp\/v2\/product\/31411\/revisions\/33078"}],"wp:featuredmedia":[{"embeddable":true,"href":"https:\/\/topprixsarl.ch\/de\/wp-json\/wp\/v2\/media\/31410"}],"wp:attachment":[{"href":"https:\/\/topprixsarl.ch\/de\/wp-json\/wp\/v2\/media?parent=31411"}],"wp:term":[{"taxonomy":"product_brand","embeddable":true,"href":"https:\/\/topprixsarl.ch\/de\/wp-json\/wp\/v2\/product_brand?post=31411"},{"taxonomy":"product_cat","embeddable":true,"href":"https:\/\/topprixsarl.ch\/de\/wp-json\/wp\/v2\/product_cat?post=31411"},{"taxonomy":"product_tag","embeddable":true,"href":"https:\/\/topprixsarl.ch\/de\/wp-json\/wp\/v2\/product_tag?post=31411"}],"curies":[{"name":"wp","href":"https:\/\/api.w.org\/{rel}","templated":true}]}}