{"id":31407,"date":"2026-01-09T17:20:16","date_gmt":"2026-01-09T17:20:16","guid":{"rendered":"https:\/\/topprixsarl.ch\/product\/nettoyant-en-tablette-greenspeed-probio-tab-sanitaires-paquet-de-6\/"},"modified":"2026-01-14T14:19:03","modified_gmt":"2026-01-14T14:19:03","slug":"nettoyant-en-tablette-greenspeed-probio-tab-sanitaires-paquet-de-6","status":"publish","type":"product","link":"https:\/\/topprixsarl.ch\/de\/product\/nettoyant-en-tablette-greenspeed-probio-tab-sanitaires-paquet-de-6\/","title":{"rendered":"Nettoyant en tablette Greenspeed Probio Tab sanitaires &#8211; paquet de 6"},"content":{"rendered":"<p>La propret\u00e9 en toute conscience<\/p>\n<p>Le nettoyage hygi\u00e9nique des sanitaires requiert une attention particuli\u00e8re et des produits sp\u00e9ciaux. Les pastilles probiotiques de Greenspeed prouvent que ces produits ne doivent pas n\u00e9cessairement \u00eatre chimiques et polluants, mais qu&rsquo;ils sont au contraire particuli\u00e8rement puissants et efficaces, justement de mani\u00e8re naturelle.<\/p>\n<p>+ Sp\u00e9cialement con\u00e7ues pour le nettoyage des sanitaires et des toilettes, les tablettes de nettoyage Probio Tab San offrent une formule efficace \u00e0 base d&rsquo;ingr\u00e9dients v\u00e9g\u00e9taux et de probiotiques, qui non seulement agit puissamment contre les salissures, mais neutralise \u00e9galement les mauvaises odeurs.<\/p>\n<p>+ Gr\u00e2ce \u00e0 l&#8217;emballage 100% sans plastique, la consommation de plastique est r\u00e9duite et le CO2 est \u00e9conomis\u00e9.<\/p>\n<p>+ De plus, les pastilles comprim\u00e9es ne n\u00e9cessitent qu&rsquo;un espace de stockage r\u00e9duit et peuvent \u00eatre dos\u00e9es avec pr\u00e9cision et en toute s\u00e9curit\u00e9.<\/p>\n<p>+ Gr\u00e2ce \u00e0 la forme efficace des comprim\u00e9s, il n&rsquo;est pas n\u00e9cessaire de transporter de l&rsquo;eau inutile, il suffit de l&rsquo;ajouter soi-m\u00eame.<\/p>\n<p>+ Les micro-organismes utilis\u00e9s sont 100% naturels, ce qui rend leur utilisation non seulement particuli\u00e8rement s\u00fbre, mais aussi respectueuse de l&rsquo;environnement.<\/p>\n<p>Misez sur la puret\u00e9 naturelle qui agit durablement!<\/p>","protected":false},"excerpt":{"rendered":"<p>La propret\u00e9 en toute conscience Le nettoyage hygi\u00e9nique des sanitaires requiert une attention particuli\u00e8re et des produits sp\u00e9ciaux. Les pastilles probiotiques de Greenspeed prouvent que ces produits ne doivent pas n\u00e9cessairement \u00eatre chimiques et po<\/p>","protected":false},"featured_media":31406,"comment_status":"open","ping_status":"closed","template":"","meta":[],"product_brand":[],"product_cat":[143],"product_tag":[],"class_list":{"0":"post-31407","1":"product","2":"type-product","3":"status-publish","4":"has-post-thumbnail","6":"product_cat-nettoyage","8":"first","9":"instock","10":"shipping-taxable","11":"purchasable","12":"product-type-simple"},"_links":{"self":[{"href":"https:\/\/topprixsarl.ch\/de\/wp-json\/wp\/v2\/product\/31407","targetHints":{"allow":["GET"]}}],"collection":[{"href":"https:\/\/topprixsarl.ch\/de\/wp-json\/wp\/v2\/product"}],"about":[{"href":"https:\/\/topprixsarl.ch\/de\/wp-json\/wp\/v2\/types\/product"}],"replies":[{"embeddable":true,"href":"https:\/\/topprixsarl.ch\/de\/wp-json\/wp\/v2\/comments?post=31407"}],"version-history":[{"count":2,"href":"https:\/\/topprixsarl.ch\/de\/wp-json\/wp\/v2\/product\/31407\/revisions"}],"predecessor-version":[{"id":33076,"href":"https:\/\/topprixsarl.ch\/de\/wp-json\/wp\/v2\/product\/31407\/revisions\/33076"}],"wp:featuredmedia":[{"embeddable":true,"href":"https:\/\/topprixsarl.ch\/de\/wp-json\/wp\/v2\/media\/31406"}],"wp:attachment":[{"href":"https:\/\/topprixsarl.ch\/de\/wp-json\/wp\/v2\/media?parent=31407"}],"wp:term":[{"taxonomy":"product_brand","embeddable":true,"href":"https:\/\/topprixsarl.ch\/de\/wp-json\/wp\/v2\/product_brand?post=31407"},{"taxonomy":"product_cat","embeddable":true,"href":"https:\/\/topprixsarl.ch\/de\/wp-json\/wp\/v2\/product_cat?post=31407"},{"taxonomy":"product_tag","embeddable":true,"href":"https:\/\/topprixsarl.ch\/de\/wp-json\/wp\/v2\/product_tag?post=31407"}],"curies":[{"name":"wp","href":"https:\/\/api.w.org\/{rel}","templated":true}]}}