{"id":31393,"date":"2026-01-09T17:18:29","date_gmt":"2026-01-09T17:18:29","guid":{"rendered":"https:\/\/topprixsarl.ch\/product\/papier-dessuyage-benicart-maxi-blue2-1-plis-bleu-paquet-de-2-rouleaux\/"},"modified":"2026-01-14T14:19:03","modified_gmt":"2026-01-14T14:19:03","slug":"papier-dessuyage-benicart-maxi-blue2-1-plis-bleu-paquet-de-2-rouleaux","status":"publish","type":"product","link":"https:\/\/topprixsarl.ch\/de\/product\/papier-dessuyage-benicart-maxi-blue2-1-plis-bleu-paquet-de-2-rouleaux\/","title":{"rendered":"Papier d\u2019essuyage, Benicart Maxi Blue2, 1-plis, bleu, paquet de 2 rouleaux"},"content":{"rendered":"<p>Comment nettoyer sans produits chimiques<\/p>\n<p>Un objet de petite taille dont on ne peut se passer? Le rouleau industriel pour le nettoyage humide du fabricant Delta absorbe les liquides en toute s\u00e9curit\u00e9 tout en \u00e9tant robuste. <\/p>\n<p>Si l&rsquo;on se r\u00e9f\u00e8re \u00e0 ces points forts, il est impossible de s&rsquo;en passer au quotidien, d&rsquo;autant plus qu&rsquo;il est tr\u00e8s simple d&rsquo;utilisation. <\/p>\n<p>+ Format de chaque feuille : 30 cm x 36 cm<\/p>\n<p>+ Couleur : bleu avec un gaufrage harmonieux qui saura parfaitement \u00e9gayer votre pi\u00e8ce.<\/p>\n<p>+ Double \u00e9paisseur : le rouleau peut tr\u00e8s bien servir \u00e0 essuyer les traces laiss\u00e9es par les aliments.<\/p>\n<p>Un petit d\u00e9sagr\u00e9ment est vite arriv\u00e9 : par exemple, lorsque la cafeti\u00e8re, le distributeur de savon ou le camion de peinture se retrouvent \u00e0 un autre endroit que le leur. <\/p>\n<p>D\u00e9sormais, gr\u00e2ce au rouleau industriel pour le nettoyage humide de la marque Delta, les petites gaffes sont vite r\u00e9par\u00e9es et tout est \u00e0 nouveau propre en un rien de temps. <\/p>\n<p>Un produit incontournable pour vous aider \u00e0 \u00e9liminer les petites taches!*<\/p>","protected":false},"excerpt":{"rendered":"<p>Comment nettoyer sans produits chimiques Un objet de petite taille dont on ne peut se passer? Le rouleau industriel pour le nettoyage humide du fabricant Delta absorbe les liquides en toute s\u00e9curit\u00e9 tout en \u00e9tant robuste. Si l&rsquo;on se r\u00e9f\u00e8re \u00e0 ces poin<\/p>","protected":false},"featured_media":31392,"comment_status":"open","ping_status":"closed","template":"","meta":[],"product_brand":[],"product_cat":[143],"product_tag":[],"class_list":{"0":"post-31393","1":"product","2":"type-product","3":"status-publish","4":"has-post-thumbnail","6":"product_cat-nettoyage","8":"first","9":"instock","10":"shipping-taxable","11":"purchasable","12":"product-type-simple"},"_links":{"self":[{"href":"https:\/\/topprixsarl.ch\/de\/wp-json\/wp\/v2\/product\/31393","targetHints":{"allow":["GET"]}}],"collection":[{"href":"https:\/\/topprixsarl.ch\/de\/wp-json\/wp\/v2\/product"}],"about":[{"href":"https:\/\/topprixsarl.ch\/de\/wp-json\/wp\/v2\/types\/product"}],"replies":[{"embeddable":true,"href":"https:\/\/topprixsarl.ch\/de\/wp-json\/wp\/v2\/comments?post=31393"}],"version-history":[{"count":2,"href":"https:\/\/topprixsarl.ch\/de\/wp-json\/wp\/v2\/product\/31393\/revisions"}],"predecessor-version":[{"id":33068,"href":"https:\/\/topprixsarl.ch\/de\/wp-json\/wp\/v2\/product\/31393\/revisions\/33068"}],"wp:featuredmedia":[{"embeddable":true,"href":"https:\/\/topprixsarl.ch\/de\/wp-json\/wp\/v2\/media\/31392"}],"wp:attachment":[{"href":"https:\/\/topprixsarl.ch\/de\/wp-json\/wp\/v2\/media?parent=31393"}],"wp:term":[{"taxonomy":"product_brand","embeddable":true,"href":"https:\/\/topprixsarl.ch\/de\/wp-json\/wp\/v2\/product_brand?post=31393"},{"taxonomy":"product_cat","embeddable":true,"href":"https:\/\/topprixsarl.ch\/de\/wp-json\/wp\/v2\/product_cat?post=31393"},{"taxonomy":"product_tag","embeddable":true,"href":"https:\/\/topprixsarl.ch\/de\/wp-json\/wp\/v2\/product_tag?post=31393"}],"curies":[{"name":"wp","href":"https:\/\/api.w.org\/{rel}","templated":true}]}}