{"id":31391,"date":"2026-01-09T17:18:14","date_gmt":"2026-01-09T17:18:14","guid":{"rendered":"https:\/\/topprixsarl.ch\/product\/notes-adhesives-post-it-super-sticky-cosmic-pack-promo-76x76mm-84-pcs\/"},"modified":"2026-01-14T14:19:04","modified_gmt":"2026-01-14T14:19:04","slug":"notes-adhesives-post-it-super-sticky-cosmic-pack-promo-76x76mm-84-pcs","status":"publish","type":"product","link":"https:\/\/topprixsarl.ch\/de\/product\/notes-adhesives-post-it-super-sticky-cosmic-pack-promo-76x76mm-84-pcs\/","title":{"rendered":"Notes adh\u00e9sives Post-it Super Sticky Cosmic pack promo, 76x76mm, 8+4 pcs."},"content":{"rendered":"<p>Toujours en vue, et pas seulement en cas d&rsquo;urgence : vos notes. Lorsque le t\u00e9l\u00e9phone sonne et que le rendez-vous attendu avec un client ou un partenaire commercial se pr\u00e9sente enfin, un bloc-notes doit toujours \u00eatre \u00e0 port\u00e9e de main pour noter les informations importantes. Sinon, votre joie sera de courte dur\u00e9e et il sera d\u00e9sagr\u00e9able de devoir redemander. <\/p>\n<p>C&rsquo;est justement \u00e0 cela que servent les petites papillons autocollants de la marque Post-it ! Gr\u00e2ce \u00e0 la surface adh\u00e9sive, vous ne perdrez jamais de vue les d\u00e9tails importants \u2013 au sens propre du mot. <\/p>\n<p>+ Un paquet se compose de douze blocs. <\/p>\n<p>+ Gr\u00e2ce aux couleurs assorties, les notes sont toujours \u00e0 port\u00e9e de main et ne se perdront pas facilement. <\/p>\n<p>+ Les feuilles sont au format 76 x 76 mm, autrement dit elles sont de forme carr\u00e9e. <\/p>\n<p>+ L&rsquo;article a une force adh\u00e9sive \u00e9lev\u00e9e. <\/p>\n<p>Vous trouverez douze blocs dans un seul paquet ! De cette fa\u00e7on, vous aurez toujours une note de la marque Post-it \u00e0 port\u00e9e de main quand vous en aurez besoin. <\/p>\n<p>Vous pouvez donc vous simplifier la vie sur votre lieu de travail \u00e0 peu de frais. Faites l&rsquo;acquisition de ces petits pense-b\u00eates pratiques d\u00e8s maintenant !<\/p>","protected":false},"excerpt":{"rendered":"<p>Toujours en vue, et pas seulement en cas d&rsquo;urgence: vos notes. Lorsque le t\u00e9l\u00e9phone sonne et que le rendez-vous attendu avec un client ou un partenaire commercial se pr\u00e9sente enfin, un bloc-notes doit toujours \u00eatre \u00e0 port\u00e9e de main pour noter les inf<\/p>","protected":false},"featured_media":31390,"comment_status":"open","ping_status":"closed","template":"","meta":[],"product_brand":[],"product_cat":[137],"product_tag":[],"class_list":{"0":"post-31391","1":"product","2":"type-product","3":"status-publish","4":"has-post-thumbnail","6":"product_cat-article-offic","8":"first","9":"instock","10":"shipping-taxable","11":"purchasable","12":"product-type-simple"},"_links":{"self":[{"href":"https:\/\/topprixsarl.ch\/de\/wp-json\/wp\/v2\/product\/31391","targetHints":{"allow":["GET"]}}],"collection":[{"href":"https:\/\/topprixsarl.ch\/de\/wp-json\/wp\/v2\/product"}],"about":[{"href":"https:\/\/topprixsarl.ch\/de\/wp-json\/wp\/v2\/types\/product"}],"replies":[{"embeddable":true,"href":"https:\/\/topprixsarl.ch\/de\/wp-json\/wp\/v2\/comments?post=31391"}],"version-history":[{"count":2,"href":"https:\/\/topprixsarl.ch\/de\/wp-json\/wp\/v2\/product\/31391\/revisions"}],"predecessor-version":[{"id":33067,"href":"https:\/\/topprixsarl.ch\/de\/wp-json\/wp\/v2\/product\/31391\/revisions\/33067"}],"wp:featuredmedia":[{"embeddable":true,"href":"https:\/\/topprixsarl.ch\/de\/wp-json\/wp\/v2\/media\/31390"}],"wp:attachment":[{"href":"https:\/\/topprixsarl.ch\/de\/wp-json\/wp\/v2\/media?parent=31391"}],"wp:term":[{"taxonomy":"product_brand","embeddable":true,"href":"https:\/\/topprixsarl.ch\/de\/wp-json\/wp\/v2\/product_brand?post=31391"},{"taxonomy":"product_cat","embeddable":true,"href":"https:\/\/topprixsarl.ch\/de\/wp-json\/wp\/v2\/product_cat?post=31391"},{"taxonomy":"product_tag","embeddable":true,"href":"https:\/\/topprixsarl.ch\/de\/wp-json\/wp\/v2\/product_tag?post=31391"}],"curies":[{"name":"wp","href":"https:\/\/api.w.org\/{rel}","templated":true}]}}