{"id":31389,"date":"2026-01-09T17:17:58","date_gmt":"2026-01-09T17:17:58","guid":{"rendered":"https:\/\/topprixsarl.ch\/product\/lingettes-nettoyantes-deltawipe-paquet-de-100-pieces\/"},"modified":"2026-01-14T14:19:04","modified_gmt":"2026-01-14T14:19:04","slug":"lingettes-nettoyantes-deltawipe-paquet-de-100-pieces","status":"publish","type":"product","link":"https:\/\/topprixsarl.ch\/de\/product\/lingettes-nettoyantes-deltawipe-paquet-de-100-pieces\/","title":{"rendered":"Lingettes nettoyantes Deltawipe, paquet de 100 pi\u00e8ces"},"content":{"rendered":"<p>De petites solutions pour tous les cas<\/p>\n<p>De vilaines traces de caf\u00e9 sur le bureau, des tables collantes dans la cuisine du bureau ou un nettoyage rapide \u00e0 la main &#8211; on n&rsquo;a pas toujours un chiffon sous la main ou un lavabo avec du savon \u00e0 proximit\u00e9 au moment o\u00f9 on en aurait besoin. C&rsquo;est bien d&rsquo;avoir toujours une solution pratique \u00e0 port\u00e9e de main pour les petites \u00ab\u00a0urgences\u00a0\u00bb&#8230;<\/p>\n<p>Les lingettes nettoyantes humides DELTAWIPE Hand `n` More sont de v\u00e9ritables armes \u00e0 tout faire pour les petites m\u00e9saventures ou pour un nettoyage. <\/p>\n<p>+ Action nettoyante et soignante : id\u00e9ales pour nettoyer les mains et les surfaces.<\/p>\n<p>+ Efficacit\u00e9 remarquable : la substance active nettoyante dissout m\u00eame la graisse, l&rsquo;huile, les graisses, le goudron, la suie, le graphite, la poussi\u00e8re de charbon, les peintures ou la cire.<\/p>\n<p>+ Utilisation polyvalente : permet d&rsquo;utiliser les lingettes pratiquement partout o\u00f9 il n&rsquo;y a pas d&rsquo;acc\u00e8s aux toilettes ou aux robinets.<\/p>\n<p>+ Douceur pour la peau : gr\u00e2ce aux extraits de soin suppl\u00e9mentaires, elles sont particuli\u00e8rement douces pour la peau, sans pour autant compromettre l&rsquo;efficacit\u00e9 du nettoyage.<\/p>\n<p>+ Distributeur pratique : permet de contr\u00f4ler la consommation ; les lingettes individuelles peuvent \u00eatre retir\u00e9es rapidement et facilement \u00e0 tout moment en cas de besoin.<\/p>\n<p>Gardez votre environnement et vous-m\u00eame propres \u00e0 tout moment!<\/p>","protected":false},"excerpt":{"rendered":"<p>De petites solutions pour tous les casDe vilaines traces de caf\u00e9 sur le bureau, des tables collantes dans la cuisine du bureau ou un nettoyage rapide \u00e0 la main &#8211; on n&rsquo;a pas toujours un chiffon sous la main ou un lavabo avec du savon \u00e0 proximit\u00e9 au mo<\/p>","protected":false},"featured_media":31388,"comment_status":"open","ping_status":"closed","template":"","meta":[],"product_brand":[],"product_cat":[143],"product_tag":[],"class_list":{"0":"post-31389","1":"product","2":"type-product","3":"status-publish","4":"has-post-thumbnail","6":"product_cat-nettoyage","8":"first","9":"instock","10":"shipping-taxable","11":"purchasable","12":"product-type-simple"},"_links":{"self":[{"href":"https:\/\/topprixsarl.ch\/de\/wp-json\/wp\/v2\/product\/31389","targetHints":{"allow":["GET"]}}],"collection":[{"href":"https:\/\/topprixsarl.ch\/de\/wp-json\/wp\/v2\/product"}],"about":[{"href":"https:\/\/topprixsarl.ch\/de\/wp-json\/wp\/v2\/types\/product"}],"replies":[{"embeddable":true,"href":"https:\/\/topprixsarl.ch\/de\/wp-json\/wp\/v2\/comments?post=31389"}],"version-history":[{"count":2,"href":"https:\/\/topprixsarl.ch\/de\/wp-json\/wp\/v2\/product\/31389\/revisions"}],"predecessor-version":[{"id":33066,"href":"https:\/\/topprixsarl.ch\/de\/wp-json\/wp\/v2\/product\/31389\/revisions\/33066"}],"wp:featuredmedia":[{"embeddable":true,"href":"https:\/\/topprixsarl.ch\/de\/wp-json\/wp\/v2\/media\/31388"}],"wp:attachment":[{"href":"https:\/\/topprixsarl.ch\/de\/wp-json\/wp\/v2\/media?parent=31389"}],"wp:term":[{"taxonomy":"product_brand","embeddable":true,"href":"https:\/\/topprixsarl.ch\/de\/wp-json\/wp\/v2\/product_brand?post=31389"},{"taxonomy":"product_cat","embeddable":true,"href":"https:\/\/topprixsarl.ch\/de\/wp-json\/wp\/v2\/product_cat?post=31389"},{"taxonomy":"product_tag","embeddable":true,"href":"https:\/\/topprixsarl.ch\/de\/wp-json\/wp\/v2\/product_tag?post=31389"}],"curies":[{"name":"wp","href":"https:\/\/api.w.org\/{rel}","templated":true}]}}