{"id":31383,"date":"2026-01-09T17:17:15","date_gmt":"2026-01-09T17:17:15","guid":{"rendered":"https:\/\/topprixsarl.ch\/product\/pochette-de-plastification-a-chaud-a4-2x125-%c2%b5-par-100\/"},"modified":"2026-01-14T14:19:04","modified_gmt":"2026-01-14T14:19:04","slug":"pochette-de-plastification-a-chaud-a4-2x125-%c2%b5-par-100","status":"publish","type":"product","link":"https:\/\/topprixsarl.ch\/de\/product\/pochette-de-plastification-a-chaud-a4-2x125-%c2%b5-par-100\/","title":{"rendered":"Pochette de plastification \u00e0 chaud  A4 &#8211; 2&#215;125 \u00b5 &#8211; par 100"},"content":{"rendered":"<p>Pochette de plastification de qualit\u00e9 sup\u00e9rieure \u00e0 finition mate.<\/p>\n<p>+ Format A4.<\/p>\n<p>+ \u00c9paisseur 250 microns.<\/p>","protected":false},"excerpt":{"rendered":"<p>Pochette de plastification de qualit\u00e9 sup\u00e9rieure \u00e0 finition mate.- Format A4.- Epaisseur 250 microns.<\/p>","protected":false},"featured_media":31382,"comment_status":"open","ping_status":"closed","template":"","meta":[],"product_brand":[],"product_cat":[137],"product_tag":[],"class_list":{"0":"post-31383","1":"product","2":"type-product","3":"status-publish","4":"has-post-thumbnail","6":"product_cat-article-offic","8":"first","9":"instock","10":"shipping-taxable","11":"purchasable","12":"product-type-simple"},"_links":{"self":[{"href":"https:\/\/topprixsarl.ch\/de\/wp-json\/wp\/v2\/product\/31383","targetHints":{"allow":["GET"]}}],"collection":[{"href":"https:\/\/topprixsarl.ch\/de\/wp-json\/wp\/v2\/product"}],"about":[{"href":"https:\/\/topprixsarl.ch\/de\/wp-json\/wp\/v2\/types\/product"}],"replies":[{"embeddable":true,"href":"https:\/\/topprixsarl.ch\/de\/wp-json\/wp\/v2\/comments?post=31383"}],"version-history":[{"count":2,"href":"https:\/\/topprixsarl.ch\/de\/wp-json\/wp\/v2\/product\/31383\/revisions"}],"predecessor-version":[{"id":33063,"href":"https:\/\/topprixsarl.ch\/de\/wp-json\/wp\/v2\/product\/31383\/revisions\/33063"}],"wp:featuredmedia":[{"embeddable":true,"href":"https:\/\/topprixsarl.ch\/de\/wp-json\/wp\/v2\/media\/31382"}],"wp:attachment":[{"href":"https:\/\/topprixsarl.ch\/de\/wp-json\/wp\/v2\/media?parent=31383"}],"wp:term":[{"taxonomy":"product_brand","embeddable":true,"href":"https:\/\/topprixsarl.ch\/de\/wp-json\/wp\/v2\/product_brand?post=31383"},{"taxonomy":"product_cat","embeddable":true,"href":"https:\/\/topprixsarl.ch\/de\/wp-json\/wp\/v2\/product_cat?post=31383"},{"taxonomy":"product_tag","embeddable":true,"href":"https:\/\/topprixsarl.ch\/de\/wp-json\/wp\/v2\/product_tag?post=31383"}],"curies":[{"name":"wp","href":"https:\/\/api.w.org\/{rel}","templated":true}]}}