{"id":31381,"date":"2026-01-09T17:17:00","date_gmt":"2026-01-09T17:17:00","guid":{"rendered":"https:\/\/topprixsarl.ch\/product\/tableau-blanc-franken-uactline-mobile-150-x-100-cm-cadre-en-aluminium\/"},"modified":"2026-01-14T14:19:04","modified_gmt":"2026-01-14T14:19:04","slug":"tableau-blanc-franken-uactline-mobile-150-x-100-cm-cadre-en-aluminium","status":"publish","type":"product","link":"https:\/\/topprixsarl.ch\/de\/product\/tableau-blanc-franken-uactline-mobile-150-x-100-cm-cadre-en-aluminium\/","title":{"rendered":"Tableau blanc Franken UActLine, mobile, 150 x 100 cm, cadre en aluminium"},"content":{"rendered":"<p>Quand le mur fait sa part du travail<\/p>\n<p>Qu&rsquo;il s&rsquo;agisse d&rsquo;un lieu regroupant divers objets de d\u00e9coration attrayants ou d&rsquo;un outil vous permettant d&rsquo;\u00e9laborer d&rsquo;importants processus de travail, votre bureau a tout simplement besoin de quelque chose qui permette de donner un coup de pouce \u00e0 votre \u00e9quipe. <\/p>\n<p>Misez donc sur le tableau blanc de Franken. <\/p>\n<p>+ Surface d&rsquo;\u00e9criture de 150 cm x 100 cm, offrant suffisamment de place pour afficher tout type de notes et des polices de caract\u00e8res tr\u00e8s vari\u00e9es.<\/p>\n<p>+ Surface d&rsquo;un blanc neutre en acier, pour un aspect professionnel et \u00e9pur\u00e9.<\/p>\n<p>+ Cadre en aluminium argent\u00e9, alliant robustesse et \u00e9l\u00e9gance.<\/p>\n<p>+ Tableau blanc magn\u00e9tique, permettant de fixer des imprim\u00e9s \u00e0 l&rsquo;aide d&rsquo;aimants.<\/p>\n<p>Ainsi, pourquoi ne pas planifier \u00e0 l&rsquo;avenir vos prochaines r\u00e9unions strat\u00e9giques ou les \u00e9v\u00e9nements \u00e0 venir autour du tableau blanc Franken? <\/p>\n<p>Facilitez-vous donc la vie. Et t\u00e2chez de garder une bonne vue d&rsquo;ensemble en toute occasion. <\/p>\n<p>Soyez-en s\u00fbr, ce produit ouvre le champ des possibles! <\/p>\n<p>> Garantie 2 ans*<\/p>","protected":false},"excerpt":{"rendered":"<p>Quand le mur fait sa part du travail Qu&rsquo;il s&rsquo;agisse d&rsquo;un lieu regroupant divers objets de d\u00e9coration attrayants ou d&rsquo;un outil vous permettant d&rsquo;\u00e9laborer d&rsquo;importants processus de travail, votre bureau a tout simplement besoin de quelque chose qui per<\/p>","protected":false},"featured_media":31380,"comment_status":"open","ping_status":"closed","template":"","meta":[],"product_brand":[],"product_cat":[137],"product_tag":[],"class_list":{"0":"post-31381","1":"product","2":"type-product","3":"status-publish","4":"has-post-thumbnail","6":"product_cat-article-offic","8":"first","9":"instock","10":"shipping-taxable","11":"purchasable","12":"product-type-simple"},"_links":{"self":[{"href":"https:\/\/topprixsarl.ch\/de\/wp-json\/wp\/v2\/product\/31381","targetHints":{"allow":["GET"]}}],"collection":[{"href":"https:\/\/topprixsarl.ch\/de\/wp-json\/wp\/v2\/product"}],"about":[{"href":"https:\/\/topprixsarl.ch\/de\/wp-json\/wp\/v2\/types\/product"}],"replies":[{"embeddable":true,"href":"https:\/\/topprixsarl.ch\/de\/wp-json\/wp\/v2\/comments?post=31381"}],"version-history":[{"count":2,"href":"https:\/\/topprixsarl.ch\/de\/wp-json\/wp\/v2\/product\/31381\/revisions"}],"predecessor-version":[{"id":33061,"href":"https:\/\/topprixsarl.ch\/de\/wp-json\/wp\/v2\/product\/31381\/revisions\/33061"}],"wp:featuredmedia":[{"embeddable":true,"href":"https:\/\/topprixsarl.ch\/de\/wp-json\/wp\/v2\/media\/31380"}],"wp:attachment":[{"href":"https:\/\/topprixsarl.ch\/de\/wp-json\/wp\/v2\/media?parent=31381"}],"wp:term":[{"taxonomy":"product_brand","embeddable":true,"href":"https:\/\/topprixsarl.ch\/de\/wp-json\/wp\/v2\/product_brand?post=31381"},{"taxonomy":"product_cat","embeddable":true,"href":"https:\/\/topprixsarl.ch\/de\/wp-json\/wp\/v2\/product_cat?post=31381"},{"taxonomy":"product_tag","embeddable":true,"href":"https:\/\/topprixsarl.ch\/de\/wp-json\/wp\/v2\/product_tag?post=31381"}],"curies":[{"name":"wp","href":"https:\/\/api.w.org\/{rel}","templated":true}]}}