{"id":31379,"date":"2026-01-09T17:16:48","date_gmt":"2026-01-09T17:16:48","guid":{"rendered":"https:\/\/topprixsarl.ch\/product\/tableau-blanc-franken-uactline-mobile-120-x-90-cm-cadre-en-aluminium\/"},"modified":"2026-04-11T01:27:14","modified_gmt":"2026-04-11T01:27:14","slug":"tableau-blanc-franken-uactline-mobile-120-x-90-cm-cadre-en-aluminium","status":"publish","type":"product","link":"https:\/\/topprixsarl.ch\/de\/product\/tableau-blanc-franken-uactline-mobile-120-x-90-cm-cadre-en-aluminium\/","title":{"rendered":"Tableau blanc Franken UActLine, mobile, 120 x 90 cm, cadre en aluminium"},"content":{"rendered":"<p>Cr\u00e9atif, durable &#038; flexible<\/p>\n<p>La cr\u00e9ativit\u00e9 a besoin d&rsquo;espace! Ne vous laissez pas limiter et exploitez pleinement votre potentiel. Quel que soit l&rsquo;endroit o\u00f9 vous en avez besoin &#8211; conf\u00e9rences, ateliers, s\u00e9minaires &#8211; le tableau d&rsquo;\u00e9criture r\u00e9versible et pivotant vous rendra de pr\u00e9cieux services: Pour une flexibilit\u00e9 pivotante de tous les c\u00f4t\u00e9s!<\/p>\n<p>+ Tableau tournant sur pied de la gamme durable U-Act! de FRANKEN, fabriqu\u00e9 \u00e0 60% \u00e0 partir de mat\u00e9riaux recycl\u00e9s.<\/p>\n<p>+ Tr\u00e8s grand tableau blanc inscriptible de 1.200 x 900 mm, pivotant \u00e0 360 degr\u00e9s et verrouillable en continu.<\/p>\n<p>+ Utilisation particuli\u00e8rement flexible avec une surface magn\u00e9tique laqu\u00e9e blanche permettant d&rsquo;\u00e9crire des deux c\u00f4t\u00e9s.<\/p>\n<p>+ Surface effa\u00e7able \u00e0 sec ou par voie humide.<\/p>\n<p>+ Bac de rangement g\u00e9n\u00e9reusement dimensionn\u00e9 s&rsquo;\u00e9tendant sur toute la largeur pour accueillir accessoires tels que les aimants ou les marqueurs.<\/p>\n<p>+ Quatre roulettes \u00e0 double articulation et un ch\u00e2ssis stable avec cadre en m\u00e9tal assurent la stabilit\u00e9 et la flexibilit\u00e9.<\/p>\n<p>Montrez votre cr\u00e9ativit\u00e9 sous tous les angles!<\/p>\n<p>> Garantie 2 ans*<\/p>","protected":false},"excerpt":{"rendered":"<p>Cr\u00e9atif, durable &#038; flexible La cr\u00e9ativit\u00e9 a besoin d&rsquo;espace! Ne vous laissez pas limiter et exploitez pleinement votre potentiel. Quel que soit l&rsquo;endroit o\u00f9 vous en avez besoin &#8211; conf\u00e9rences, ateliers, s\u00e9minaires &#8211; le tableau d&rsquo;\u00e9criture r\u00e9versible et<\/p>","protected":false},"featured_media":31378,"comment_status":"open","ping_status":"closed","template":"","meta":[],"product_brand":[],"product_cat":[143],"product_tag":[],"class_list":{"0":"post-31379","1":"product","2":"type-product","3":"status-publish","4":"has-post-thumbnail","6":"product_cat-nettoyage","8":"first","9":"instock","10":"shipping-taxable","11":"purchasable","12":"product-type-simple"},"_links":{"self":[{"href":"https:\/\/topprixsarl.ch\/de\/wp-json\/wp\/v2\/product\/31379","targetHints":{"allow":["GET"]}}],"collection":[{"href":"https:\/\/topprixsarl.ch\/de\/wp-json\/wp\/v2\/product"}],"about":[{"href":"https:\/\/topprixsarl.ch\/de\/wp-json\/wp\/v2\/types\/product"}],"replies":[{"embeddable":true,"href":"https:\/\/topprixsarl.ch\/de\/wp-json\/wp\/v2\/comments?post=31379"}],"version-history":[{"count":2,"href":"https:\/\/topprixsarl.ch\/de\/wp-json\/wp\/v2\/product\/31379\/revisions"}],"predecessor-version":[{"id":33060,"href":"https:\/\/topprixsarl.ch\/de\/wp-json\/wp\/v2\/product\/31379\/revisions\/33060"}],"wp:featuredmedia":[{"embeddable":true,"href":"https:\/\/topprixsarl.ch\/de\/wp-json\/wp\/v2\/media\/31378"}],"wp:attachment":[{"href":"https:\/\/topprixsarl.ch\/de\/wp-json\/wp\/v2\/media?parent=31379"}],"wp:term":[{"taxonomy":"product_brand","embeddable":true,"href":"https:\/\/topprixsarl.ch\/de\/wp-json\/wp\/v2\/product_brand?post=31379"},{"taxonomy":"product_cat","embeddable":true,"href":"https:\/\/topprixsarl.ch\/de\/wp-json\/wp\/v2\/product_cat?post=31379"},{"taxonomy":"product_tag","embeddable":true,"href":"https:\/\/topprixsarl.ch\/de\/wp-json\/wp\/v2\/product_tag?post=31379"}],"curies":[{"name":"wp","href":"https:\/\/api.w.org\/{rel}","templated":true}]}}