{"id":31371,"date":"2026-01-09T17:15:48","date_gmt":"2026-01-09T17:15:48","guid":{"rendered":"https:\/\/topprixsarl.ch\/product\/gants-en-latex-jetables-mercator-santex-powdered-taille-s-pqt-de-100-pcsblanc\/"},"modified":"2026-01-21T00:21:32","modified_gmt":"2026-01-21T00:21:32","slug":"latex-einweghandschuhe-mercator-santex-powdered-grose-s-pqt-a-100-st-weis","status":"publish","type":"product","link":"https:\/\/topprixsarl.ch\/de\/product\/latex-einweghandschuhe-mercator-santex-powdered-grose-s-pqt-a-100-st-weis\/","title":{"rendered":"MERCATOR Santex Powdered Einweg-Latexhandschuhe, Gr\u00f6\u00dfe S, 100 St\u00fcck, wei\u00df"},"content":{"rendered":"<p>Hautfreundlich und elastisch: Unsere Qualit\u00e4t f\u00fcr Ihren Schutz. Arbeiten Sie reibungslos. <\/p>\n<p>Die Einmal-Schutzhandschuhe aus Latex der Marke Mercator Medical lassen sich in Sekundenschnelle an- und ausziehen. Sie sch\u00fctzen wirksam vor Keimen oder hautsch\u00e4digenden Reizungen und bieten gleichzeitig einen guten Tragekomfort. <\/p>\n<p>+ Latexmaterial, sehr angenehm und strapazierf\u00e4hig. <\/p>\n<p>Dieses Accessoire hat eine Fingerspitzenbeschichtung aus Latex. Der Artikel wurde au\u00dferdem so konzipiert, dass er chemischen Risiken des Typs C vorbeugt. Ein Schutz gegen Mikroorganismen (Bakterien, Pilze und Viren) ist ebenfalls integriert. <\/p>\n<p>+ Farbe: Wei\u00df.<br \/>\n+ L\u00e4nge: 24 cm.<br \/>\n+ Kategorie III: Schutz vor potenziell t\u00f6dlichen Risiken.<br \/>\n+ F\u00fcr die medizinische und chemische Handhabung konzipiert.<br \/>\n+ F\u00fcr den Kontakt mit Lebensmitteln zugelassen.  <\/p>\n<p>Wir haben diese gepuderten Handschuhe in Gr\u00f6\u00dfe S in unserem Gesch\u00e4ft. Entscheiden Sie sich f\u00fcr die Latex-Einweg-Schutzhandschuhe der Marke Mercator Medical, wenn Sie heikle Arbeiten ausf\u00fchren m\u00fcssen. Dank ihrer Vielseitigkeit k\u00f6nnen sie in vielen verschiedenen Branchen und Anwendungsbereichen eingesetzt werden. <\/p>\n<p>+ Ein echtes Plus an Sicherheit!  <\/p>\n<p>&gt; 5 Jahre Garantie.<\/p>","protected":false},"excerpt":{"rendered":"<p>Doux pour la peau et \u00e9lastique: notre qualit\u00e9 pour votre protection Travaillez sans anicroche. Les gants de protection jetables en latex de la marque Mercator Medical s&rsquo;enfilent et s&rsquo;enl\u00e8vent en quelques secondes. Ils prot\u00e8gent efficacement contre le<\/p>","protected":false},"featured_media":31370,"comment_status":"open","ping_status":"closed","template":"","meta":[],"product_brand":[],"product_cat":[140],"product_tag":[],"class_list":{"0":"post-31371","1":"product","2":"type-product","3":"status-publish","4":"has-post-thumbnail","6":"product_cat-gants","7":"pa_taille-l","8":"pa_taille-m","9":"pa_taille-s","10":"pa_taille-xl","12":"first","13":"instock","14":"shipping-taxable","15":"purchasable","16":"product-type-variable"},"_links":{"self":[{"href":"https:\/\/topprixsarl.ch\/de\/wp-json\/wp\/v2\/product\/31371","targetHints":{"allow":["GET"]}}],"collection":[{"href":"https:\/\/topprixsarl.ch\/de\/wp-json\/wp\/v2\/product"}],"about":[{"href":"https:\/\/topprixsarl.ch\/de\/wp-json\/wp\/v2\/types\/product"}],"replies":[{"embeddable":true,"href":"https:\/\/topprixsarl.ch\/de\/wp-json\/wp\/v2\/comments?post=31371"}],"version-history":[{"count":2,"href":"https:\/\/topprixsarl.ch\/de\/wp-json\/wp\/v2\/product\/31371\/revisions"}],"predecessor-version":[{"id":33055,"href":"https:\/\/topprixsarl.ch\/de\/wp-json\/wp\/v2\/product\/31371\/revisions\/33055"}],"wp:featuredmedia":[{"embeddable":true,"href":"https:\/\/topprixsarl.ch\/de\/wp-json\/wp\/v2\/media\/31370"}],"wp:attachment":[{"href":"https:\/\/topprixsarl.ch\/de\/wp-json\/wp\/v2\/media?parent=31371"}],"wp:term":[{"taxonomy":"product_brand","embeddable":true,"href":"https:\/\/topprixsarl.ch\/de\/wp-json\/wp\/v2\/product_brand?post=31371"},{"taxonomy":"product_cat","embeddable":true,"href":"https:\/\/topprixsarl.ch\/de\/wp-json\/wp\/v2\/product_cat?post=31371"},{"taxonomy":"product_tag","embeddable":true,"href":"https:\/\/topprixsarl.ch\/de\/wp-json\/wp\/v2\/product_tag?post=31371"}],"curies":[{"name":"wp","href":"https:\/\/api.w.org\/{rel}","templated":true}]}}