{"id":31369,"date":"2026-01-09T17:15:31","date_gmt":"2026-01-09T17:15:31","guid":{"rendered":"https:\/\/topprixsarl.ch\/product\/serviettes-pliees-hartmann-pli-en-v-2-couches-paquet-de-20x250-feuilles\/"},"modified":"2026-01-14T14:19:05","modified_gmt":"2026-01-14T14:19:05","slug":"serviettes-pliees-hartmann-pli-en-v-2-couches-paquet-de-20x250-feuilles","status":"publish","type":"product","link":"https:\/\/topprixsarl.ch\/de\/product\/serviettes-pliees-hartmann-pli-en-v-2-couches-paquet-de-20x250-feuilles\/","title":{"rendered":"Serviettes pli\u00e9es HARTMANN, pli en V, 2 couches, paquet de 20&#215;250 feuilles"},"content":{"rendered":"<p>Comment absorber facilement et de mani\u00e8re efficace ? <\/p>\n<p>Vous aimez avoir tout sous contr\u00f4le ? Dans ce cas, commandez les syst\u00e8mes de serviettes pli\u00e9es du fabricant Hartmann. Il s&rsquo;agit d&rsquo;un \u00e9quipement d&rsquo;excellent choix. <\/p>\n<p>+ Hygi\u00e8ne : Le fait de ne toucher qu&rsquo;une seule serviette \u00e0 la fois lorsqu&rsquo;on les retire rend ce produit tr\u00e8s hygi\u00e9nique. <\/p>\n<p>+ \u00c9conomie de ressources : En outre, les ressources sont pr\u00e9serv\u00e9es, car elles s\u00e8chent tr\u00e8s vite. <\/p>\n<p>+ Gain de place : De plus, elles prennent tr\u00e8s peu de place puisqu&rsquo;elles sont pli\u00e9es. <\/p>\n<p>+ Composition : Gr\u00e2ce \u00e0 sa composition 100% pure ouate, ce produit est polyvalent et difficile \u00e0 d\u00e9chirer. <\/p>\n<p>Dimensions : 25&#215;20.5 cm : ce sont l\u00e0 les dimensions d&rsquo;une seule feuille. Apr\u00e8s avoir r\u00e9alis\u00e9 un pliage enchev\u00eatr\u00e9, les dimensions ne sont plus que de 25&#215;10.5 cm. Ce type de pliage est somme toute assez r\u00e9pandu et il fonctionne donc avec la plupart des distributeurs. <\/p>\n<p>+ Couleur : Pour ce qui est de la couleur, le fabricant a opt\u00e9 pour un blanc classique. <\/p>\n<p>+ Double \u00e9paisseur : Un autre avantage du rouleau double \u00e9paisseur : il convient au contact avec les aliments. <\/p>\n<p>Une main, une serviette. C&rsquo;est tout ce dont vous avez besoin pour que l&rsquo;hygi\u00e8ne de vos mains soit parfaite apr\u00e8s lavage. <\/p>\n<p>Les syst\u00e8mes de serviettes pli\u00e9es de la marque Hartmann sont non seulement faciles \u00e0 manipuler, mais ils restent aussi agr\u00e9ables pour la peau m\u00eame en cas d&rsquo;utilisation fr\u00e9quente. Cela vous permettra de rester propre !<\/p>","protected":false},"excerpt":{"rendered":"<p>Comment absorber facilement et de mani\u00e8re efficace Vous aimez avoir tout sous contr\u00f4le? Dans ce cas, commandez les syst\u00e8mes de serviettes pli\u00e9es du fabricant Hartmann. Il s&rsquo;agit d&rsquo;un \u00e9quipement d&rsquo;excellent choix. Le fait de ne toucher qu&rsquo;une seule se<\/p>","protected":false},"featured_media":31368,"comment_status":"open","ping_status":"closed","template":"","meta":[],"product_brand":[],"product_cat":[137],"product_tag":[],"class_list":{"0":"post-31369","1":"product","2":"type-product","3":"status-publish","4":"has-post-thumbnail","6":"product_cat-papier","8":"first","9":"instock","10":"shipping-taxable","11":"purchasable","12":"product-type-simple"},"_links":{"self":[{"href":"https:\/\/topprixsarl.ch\/de\/wp-json\/wp\/v2\/product\/31369","targetHints":{"allow":["GET"]}}],"collection":[{"href":"https:\/\/topprixsarl.ch\/de\/wp-json\/wp\/v2\/product"}],"about":[{"href":"https:\/\/topprixsarl.ch\/de\/wp-json\/wp\/v2\/types\/product"}],"replies":[{"embeddable":true,"href":"https:\/\/topprixsarl.ch\/de\/wp-json\/wp\/v2\/comments?post=31369"}],"version-history":[{"count":2,"href":"https:\/\/topprixsarl.ch\/de\/wp-json\/wp\/v2\/product\/31369\/revisions"}],"predecessor-version":[{"id":33053,"href":"https:\/\/topprixsarl.ch\/de\/wp-json\/wp\/v2\/product\/31369\/revisions\/33053"}],"wp:featuredmedia":[{"embeddable":true,"href":"https:\/\/topprixsarl.ch\/de\/wp-json\/wp\/v2\/media\/31368"}],"wp:attachment":[{"href":"https:\/\/topprixsarl.ch\/de\/wp-json\/wp\/v2\/media?parent=31369"}],"wp:term":[{"taxonomy":"product_brand","embeddable":true,"href":"https:\/\/topprixsarl.ch\/de\/wp-json\/wp\/v2\/product_brand?post=31369"},{"taxonomy":"product_cat","embeddable":true,"href":"https:\/\/topprixsarl.ch\/de\/wp-json\/wp\/v2\/product_cat?post=31369"},{"taxonomy":"product_tag","embeddable":true,"href":"https:\/\/topprixsarl.ch\/de\/wp-json\/wp\/v2\/product_tag?post=31369"}],"curies":[{"name":"wp","href":"https:\/\/api.w.org\/{rel}","templated":true}]}}