{"id":31361,"date":"2026-01-09T17:14:16","date_gmt":"2026-01-09T17:14:16","guid":{"rendered":"https:\/\/topprixsarl.ch\/product\/chiffon-de-nettoyage-ultra-resistant-non-tisse-tork-blanc-paquet-de-105\/"},"modified":"2026-01-14T14:19:05","modified_gmt":"2026-01-14T14:19:05","slug":"chiffon-de-nettoyage-ultra-resistant-non-tisse-tork-blanc-paquet-de-105","status":"publish","type":"product","link":"https:\/\/topprixsarl.ch\/de\/product\/chiffon-de-nettoyage-ultra-resistant-non-tisse-tork-blanc-paquet-de-105\/","title":{"rendered":"Chiffon de nettoyage ultra-r\u00e9sistant non tiss\u00e9 Tork &#8211; blanc &#8211; paquet de 105"},"content":{"rendered":"<p>Nettoyer n&rsquo;importe quelle surface dans n&rsquo;importe quelle condition.<\/p>\n<p>Quel produit utilisez-vous si vous voulez nettoyer quelque chose? Un chiffon? Peut-\u00eatre. Du papier toilette? Esp\u00e9rons que non. Une serviette en papier? C\u2019est probable. Le papier m\u00e9nage standard convient pour nettoyer de petites taches d&rsquo;eau ou un peu de salet\u00e9 sur vos chaussures&#8230; mais que faire si vous avez une grosse tache? Une tache graisseuse, sale et industrielle. <\/p>\n<p>Utilisez le papier m\u00e9nage Tork Heavy Duty.<\/p>\n<p>+ Tissu sp\u00e9cial, molletonn\u00e9, non-tiss\u00e9, extr\u00eamement r\u00e9sistant \u00e0 l\u2019usure et ne se d\u00e9chire pas quand il est humide. <\/p>\n<p>+ Lingettes tr\u00e8s absorbantes qui prot\u00e8gent m\u00eame vos mains des coupures ou br\u00fblures lorsque vous frottez des surfaces tranchantes ou chaudes. <\/p>\n<p>+ Quelques lingettes suffisent pour nettoyer tout votre lieu de travail. <\/p>\n<p>+ Plus efficaces avec les distributeurs Tork du syst\u00e8me W4, qui d\u00e9livrent la bonne quantit\u00e9 de lingettes, ce qui am\u00e9liore l&rsquo;efficacit\u00e9 du nettoyage et r\u00e9duit davantage la consommation en maintenant la feuille suivante propre. <\/p>\n<p>Fini les probl\u00e8mes de rangement et les taches, ces lingettes s\u2019en occupent. <\/p>\n<p>Choisissez des lingettes r\u00e9sistantes!<\/p>","protected":false},"excerpt":{"rendered":"<p>Nettoyer n&rsquo;importe quelle surface dans n&rsquo;importe quelle condition Quel produit utilisez-vous si vous voulez nettoyer quelque chose? Un chiffon? Peut-\u00eatre. Du papier toilette? Esp\u00e9rons que non. Une serviette en papier? C\u2019est probable. Le papier m\u00e9nage<\/p>","protected":false},"featured_media":31360,"comment_status":"open","ping_status":"closed","template":"","meta":[],"product_brand":[],"product_cat":[143],"product_tag":[],"class_list":{"0":"post-31361","1":"product","2":"type-product","3":"status-publish","4":"has-post-thumbnail","6":"product_cat-nettoyage","8":"first","9":"instock","10":"shipping-taxable","11":"purchasable","12":"product-type-simple"},"_links":{"self":[{"href":"https:\/\/topprixsarl.ch\/de\/wp-json\/wp\/v2\/product\/31361","targetHints":{"allow":["GET"]}}],"collection":[{"href":"https:\/\/topprixsarl.ch\/de\/wp-json\/wp\/v2\/product"}],"about":[{"href":"https:\/\/topprixsarl.ch\/de\/wp-json\/wp\/v2\/types\/product"}],"replies":[{"embeddable":true,"href":"https:\/\/topprixsarl.ch\/de\/wp-json\/wp\/v2\/comments?post=31361"}],"version-history":[{"count":2,"href":"https:\/\/topprixsarl.ch\/de\/wp-json\/wp\/v2\/product\/31361\/revisions"}],"predecessor-version":[{"id":33048,"href":"https:\/\/topprixsarl.ch\/de\/wp-json\/wp\/v2\/product\/31361\/revisions\/33048"}],"wp:featuredmedia":[{"embeddable":true,"href":"https:\/\/topprixsarl.ch\/de\/wp-json\/wp\/v2\/media\/31360"}],"wp:attachment":[{"href":"https:\/\/topprixsarl.ch\/de\/wp-json\/wp\/v2\/media?parent=31361"}],"wp:term":[{"taxonomy":"product_brand","embeddable":true,"href":"https:\/\/topprixsarl.ch\/de\/wp-json\/wp\/v2\/product_brand?post=31361"},{"taxonomy":"product_cat","embeddable":true,"href":"https:\/\/topprixsarl.ch\/de\/wp-json\/wp\/v2\/product_cat?post=31361"},{"taxonomy":"product_tag","embeddable":true,"href":"https:\/\/topprixsarl.ch\/de\/wp-json\/wp\/v2\/product_tag?post=31361"}],"curies":[{"name":"wp","href":"https:\/\/api.w.org\/{rel}","templated":true}]}}