{"id":31359,"date":"2026-01-09T17:14:02","date_gmt":"2026-01-09T17:14:02","guid":{"rendered":"https:\/\/topprixsarl.ch\/product\/sac-a-ordures-cordon-coulissant-quickbag-pe-recycle-110l-rouleau-de-10-pcs\/"},"modified":"2026-01-14T14:19:05","modified_gmt":"2026-01-14T14:19:05","slug":"sac-a-ordures-cordon-coulissant-quickbag-pe-recycle-110l-rouleau-de-10-pcs","status":"publish","type":"product","link":"https:\/\/topprixsarl.ch\/de\/product\/sac-a-ordures-cordon-coulissant-quickbag-pe-recycle-110l-rouleau-de-10-pcs\/","title":{"rendered":"QuickBag M\u00fcllsack mit Kordelzug, recyceltes PE, 110l, Rolle \u00e0 10 Stk."},"content":{"rendered":"<p>Le recyclage jusqu&rsquo;au bout<\/p>\n<p>Le recyclage est sur toutes les l\u00e8vres. Et c&rsquo;est parfaitement logique. Apr\u00e8s tout, les mati\u00e8res premi\u00e8res doivent \u00eatre recycl\u00e9es aussi souvent que possible afin que l&rsquo;impact sur la nature soit le plus faible possible. En choisissant les bons produits consommables, les consommateurs ont \u00e9galement une influence sur le fait que les mat\u00e9riaux qu&rsquo;ils utilisent sont d\u00e9j\u00e0 pass\u00e9s par plusieurs cycles de production, d&rsquo;utilisation et de recyclage.<\/p>\n<p>Quickbag soutient les consommateurs dans cette d\u00e9marche avec le sac \u00e0 ordures en PE recycl\u00e9. <\/p>\n<p>+ Ces sacs poubelle ont \u00e9t\u00e9 conserv\u00e9s en noir classique et sont \u00e9quip\u00e9s d&rsquo;un cordon de serrage.<br \/>\n+ C&rsquo;est pourquoi vous ne remarquerez pratiquement aucune diff\u00e9rence avec les sacs poubelle classiques.<br \/>\n+ Pour \u00e9conomiser de l&rsquo;espace, ces sacs poubelle ont \u00e9galement \u00e9t\u00e9 enroul\u00e9s de sorte qu&rsquo;ils ne prennent pratiquement pas de place jusqu&rsquo;\u00e0 ce qu&rsquo;ils soient ouverts et plac\u00e9s dans la poubelle appropri\u00e9e.<\/p>\n<p>Utilisez des sacs de poubelle recycl\u00e9s!<\/p>\n<p>+ 15 rouleaux \/ carton<br \/>\n+ 50 cartons \/ palette (=750 rouleaux \/ palette) <\/p>\n<p>*Notes de bas de page*<\/p>","protected":false},"excerpt":{"rendered":"<p>Le recyclage jusqu&rsquo;au boutLe recyclage est sur toutes les l\u00e8vres. Et c&rsquo;est parfaitement logique. Apr\u00e8s tout, les mati\u00e8res premi\u00e8res doivent \u00eatre recycl\u00e9es aussi souvent que possible afin que l&rsquo;impact sur la nature soit le plus faible possible. En cho<\/p>","protected":false},"featured_media":31358,"comment_status":"open","ping_status":"closed","template":"","meta":[],"product_brand":[],"product_cat":[138],"product_tag":[],"class_list":{"0":"post-31359","1":"product","2":"type-product","3":"status-publish","4":"has-post-thumbnail","6":"product_cat-sac-a-dechet","8":"first","9":"instock","10":"shipping-taxable","11":"purchasable","12":"product-type-simple"},"_links":{"self":[{"href":"https:\/\/topprixsarl.ch\/de\/wp-json\/wp\/v2\/product\/31359","targetHints":{"allow":["GET"]}}],"collection":[{"href":"https:\/\/topprixsarl.ch\/de\/wp-json\/wp\/v2\/product"}],"about":[{"href":"https:\/\/topprixsarl.ch\/de\/wp-json\/wp\/v2\/types\/product"}],"replies":[{"embeddable":true,"href":"https:\/\/topprixsarl.ch\/de\/wp-json\/wp\/v2\/comments?post=31359"}],"version-history":[{"count":2,"href":"https:\/\/topprixsarl.ch\/de\/wp-json\/wp\/v2\/product\/31359\/revisions"}],"predecessor-version":[{"id":33047,"href":"https:\/\/topprixsarl.ch\/de\/wp-json\/wp\/v2\/product\/31359\/revisions\/33047"}],"wp:featuredmedia":[{"embeddable":true,"href":"https:\/\/topprixsarl.ch\/de\/wp-json\/wp\/v2\/media\/31358"}],"wp:attachment":[{"href":"https:\/\/topprixsarl.ch\/de\/wp-json\/wp\/v2\/media?parent=31359"}],"wp:term":[{"taxonomy":"product_brand","embeddable":true,"href":"https:\/\/topprixsarl.ch\/de\/wp-json\/wp\/v2\/product_brand?post=31359"},{"taxonomy":"product_cat","embeddable":true,"href":"https:\/\/topprixsarl.ch\/de\/wp-json\/wp\/v2\/product_cat?post=31359"},{"taxonomy":"product_tag","embeddable":true,"href":"https:\/\/topprixsarl.ch\/de\/wp-json\/wp\/v2\/product_tag?post=31359"}],"curies":[{"name":"wp","href":"https:\/\/api.w.org\/{rel}","templated":true}]}}