{"id":31357,"date":"2026-01-09T17:13:49","date_gmt":"2026-01-09T17:13:49","guid":{"rendered":"https:\/\/topprixsarl.ch\/product\/cartouche-dencre-brother-lc-422xlm-500-pages-magenta\/"},"modified":"2026-01-14T14:19:05","modified_gmt":"2026-01-14T14:19:05","slug":"cartouche-dencre-brother-lc-422xlm-500-pages-magenta","status":"publish","type":"product","link":"https:\/\/topprixsarl.ch\/de\/product\/cartouche-dencre-brother-lc-422xlm-500-pages-magenta\/","title":{"rendered":"Cartouche d&rsquo;encre Brother LC-422XLM, 500 pages, magenta"},"content":{"rendered":"<p>Assurez-vous que vous b\u00e9n\u00e9ficiez d&rsquo;une qualit\u00e9 fluide pour l&rsquo;impression. Une pr\u00e9sentation importante est \u00e0 l&rsquo;ordre du jour et vous avez avant tout besoin d&rsquo;une chose: de pouvoir imprimer des documents dans des couleurs pr\u00e9cises.<\/p>\n<p>Vos cartouches d&rsquo;encre sont vides? Avec la Cartouche d&rsquo;encre Brother LC-422XLM, 500 pages, magenta, vous assurez un remplissage efficace. <\/p>\n<p>+ Cartouche parfaitement adapt\u00e9e \u00e0 la technologie des imprimantes \u00e0 jet d&rsquo;encre<br \/>\n+ Fournit le meilleur r\u00e9sultat dans une belle r\u00e9solution<br \/>\n+ Article contenant le magenta comme encre d&rsquo;impression<br \/>\n+ Produit enti\u00e8rement neuf et vendu dans son emballage d&rsquo;origine<br \/>\n+ Contenu du paquet: 1 article  <\/p>\n<p>Imprimez sans probl\u00e8me! Imprimez avec de bons r\u00e9sultats \u00e0 la cl\u00e9! Assurez votre flux de travail! Profitez d&rsquo;une qualit\u00e9 optimale!<\/p>","protected":false},"excerpt":{"rendered":"<p>Assurez-vous que vous b\u00e9n\u00e9ficiez d&rsquo;une qualit\u00e9 fluide pour l&rsquo;impression. Une pr\u00e9sentation importante est \u00e0 l&rsquo;ordre du jour et vous avez avant tout besoin d&rsquo;une chose: de pouvoir imprimer des documents dans des couleurs pr\u00e9cises. Vos cartouches d&rsquo;encr<\/p>","protected":false},"featured_media":31356,"comment_status":"open","ping_status":"closed","template":"","meta":[],"product_brand":[],"product_cat":[137],"product_tag":[],"class_list":{"0":"post-31357","1":"product","2":"type-product","3":"status-publish","4":"has-post-thumbnail","6":"product_cat-papier","8":"first","9":"instock","10":"shipping-taxable","11":"purchasable","12":"product-type-simple"},"_links":{"self":[{"href":"https:\/\/topprixsarl.ch\/de\/wp-json\/wp\/v2\/product\/31357","targetHints":{"allow":["GET"]}}],"collection":[{"href":"https:\/\/topprixsarl.ch\/de\/wp-json\/wp\/v2\/product"}],"about":[{"href":"https:\/\/topprixsarl.ch\/de\/wp-json\/wp\/v2\/types\/product"}],"replies":[{"embeddable":true,"href":"https:\/\/topprixsarl.ch\/de\/wp-json\/wp\/v2\/comments?post=31357"}],"version-history":[{"count":2,"href":"https:\/\/topprixsarl.ch\/de\/wp-json\/wp\/v2\/product\/31357\/revisions"}],"predecessor-version":[{"id":33046,"href":"https:\/\/topprixsarl.ch\/de\/wp-json\/wp\/v2\/product\/31357\/revisions\/33046"}],"wp:featuredmedia":[{"embeddable":true,"href":"https:\/\/topprixsarl.ch\/de\/wp-json\/wp\/v2\/media\/31356"}],"wp:attachment":[{"href":"https:\/\/topprixsarl.ch\/de\/wp-json\/wp\/v2\/media?parent=31357"}],"wp:term":[{"taxonomy":"product_brand","embeddable":true,"href":"https:\/\/topprixsarl.ch\/de\/wp-json\/wp\/v2\/product_brand?post=31357"},{"taxonomy":"product_cat","embeddable":true,"href":"https:\/\/topprixsarl.ch\/de\/wp-json\/wp\/v2\/product_cat?post=31357"},{"taxonomy":"product_tag","embeddable":true,"href":"https:\/\/topprixsarl.ch\/de\/wp-json\/wp\/v2\/product_tag?post=31357"}],"curies":[{"name":"wp","href":"https:\/\/api.w.org\/{rel}","templated":true}]}}