{"id":31349,"date":"2026-01-09T17:12:51","date_gmt":"2026-01-09T17:12:51","guid":{"rendered":"https:\/\/topprixsarl.ch\/product\/multifonction-jet-dencre-couleur-brother-mfc-j5740dw-a3\/"},"modified":"2026-01-14T14:19:06","modified_gmt":"2026-01-14T14:19:06","slug":"multifonction-jet-dencre-couleur-brother-mfc-j5740dw-a3","status":"publish","type":"product","link":"https:\/\/topprixsarl.ch\/de\/product\/multifonction-jet-dencre-couleur-brother-mfc-j5740dw-a3\/","title":{"rendered":"Multifonction jet d&rsquo;encre couleur Brother MFC-J5740DW- A3"},"content":{"rendered":"<p>L&rsquo;imprimante multifonction Brother : un choix judicieux qui associe rapidit\u00e9 et s\u00e9curit\u00e9 pour optimiser vos impressions !<\/p>\n<p>Performance, fiabilit\u00e9 et co\u00fbt ma\u00eetris\u00e9 : l&rsquo;imprimante multifonction jet d&rsquo;encre Brother r\u00e9unit tous les atouts pour r\u00e9pondre aux besoins d&rsquo;impression des professionnels. <\/p>\n<p>Avec un volume d&rsquo;impression conseill\u00e9 de 2500 pages\/mois, cette machine s&rsquo;adapte parfaitement aux environnements o\u00f9 les besoins en impression sont restreints. <\/p>\n<p>Avec sa compatibilit\u00e9 pour les formats A3, A4, A5 et A6, cette imprimante est parfaitement calibr\u00e9e pour r\u00e9pondre aux besoins d\u2019impression de haute pr\u00e9cision des professionnels de l\u2019architecture, de l\u2019ing\u00e9nierie et du graphisme. <\/p>\n<p>En alliant les connectivit\u00e9s USB, RJ-45 et Wifi, vous assurez une connexion stable par c\u00e2ble tout en ayant la possibilit\u00e9 d&rsquo;un acc\u00e8s sans fil pratique. <\/p>\n<p>Elle dispose de plusieurs bacs (3 en option) qui limitent les r\u00e9approvisionnements fr\u00e9quents et simplifient la gestion des supports. <\/p>\n<p>**Caract\u00e9ristiques cl\u00e9s :**<\/p>\n<p>+ Technologie d&rsquo;impression : jet d&rsquo;encre<br \/> + Fonctions : imprimer, copier, scanner, faxer<br \/> + Cycle de travail : 2500 pages\/mois<br \/> + Connectivit\u00e9s : USB, RJ-45 et Wifi<br \/> + Format de feuille : A3, A4, A5 et A6<br \/> + R\u00e9solution maximale d&rsquo;impression : 1200 x 4800 dpi<br \/> + Vitesse d&rsquo;impression en noir : 28 ppm<br \/> + Vitesse d&rsquo;impression en couleur : 28 ppm<br \/> + Nombre de bacs d\u2019entr\u00e9e papier standard : 3<br \/> + Nombre de bacs d\u2019entr\u00e9e papier avec bacs optionnels : 3 <\/p>\n<p>Cette imprimante multifonction est un choix strat\u00e9gique pour les professionnels soucieux de performance et de rentabilit\u00e9. <\/p>\n<p>Bien plus qu\u2019un fournisseur, vous accompagne avec des services con\u00e7us pour votre tranquillit\u00e9. <\/p>\n<p>Gagnez du temps et \u00e9vitez toute interruption d\u2019activit\u00e9 gr\u00e2ce \u00e0 notre service de r\u00e9approvisionnement automatique de cartouches : une solution intelligente qui anticipe vos besoins, d\u00e9c\u2026 <\/p>\n<p>Garantie 2 ans.<\/p>","protected":false},"excerpt":{"rendered":"<p>L&rsquo;imprimante multifonction Brother : un choix judicieux qui associe rapidit\u00e9 et s\u00e9curit\u00e9 pour optimiser vos impressions ! Performance, fiabilit\u00e9 et co\u00fbt ma\u00eetris\u00e9 : l&rsquo;imprimante multifonction jet d&rsquo;encre Brother r\u00e9unit tous les atouts pour r\u00e9pondre au<\/p>","protected":false},"featured_media":31348,"comment_status":"open","ping_status":"closed","template":"","meta":[],"product_brand":[],"product_cat":[137],"product_tag":[],"class_list":{"0":"post-31349","1":"product","2":"type-product","3":"status-publish","4":"has-post-thumbnail","6":"product_cat-papier","8":"first","9":"instock","10":"shipping-taxable","11":"purchasable","12":"product-type-simple"},"_links":{"self":[{"href":"https:\/\/topprixsarl.ch\/de\/wp-json\/wp\/v2\/product\/31349","targetHints":{"allow":["GET"]}}],"collection":[{"href":"https:\/\/topprixsarl.ch\/de\/wp-json\/wp\/v2\/product"}],"about":[{"href":"https:\/\/topprixsarl.ch\/de\/wp-json\/wp\/v2\/types\/product"}],"replies":[{"embeddable":true,"href":"https:\/\/topprixsarl.ch\/de\/wp-json\/wp\/v2\/comments?post=31349"}],"version-history":[{"count":3,"href":"https:\/\/topprixsarl.ch\/de\/wp-json\/wp\/v2\/product\/31349\/revisions"}],"predecessor-version":[{"id":33233,"href":"https:\/\/topprixsarl.ch\/de\/wp-json\/wp\/v2\/product\/31349\/revisions\/33233"}],"wp:featuredmedia":[{"embeddable":true,"href":"https:\/\/topprixsarl.ch\/de\/wp-json\/wp\/v2\/media\/31348"}],"wp:attachment":[{"href":"https:\/\/topprixsarl.ch\/de\/wp-json\/wp\/v2\/media?parent=31349"}],"wp:term":[{"taxonomy":"product_brand","embeddable":true,"href":"https:\/\/topprixsarl.ch\/de\/wp-json\/wp\/v2\/product_brand?post=31349"},{"taxonomy":"product_cat","embeddable":true,"href":"https:\/\/topprixsarl.ch\/de\/wp-json\/wp\/v2\/product_cat?post=31349"},{"taxonomy":"product_tag","embeddable":true,"href":"https:\/\/topprixsarl.ch\/de\/wp-json\/wp\/v2\/product_tag?post=31349"}],"curies":[{"name":"wp","href":"https:\/\/api.w.org\/{rel}","templated":true}]}}