{"id":31347,"date":"2026-01-09T17:12:36","date_gmt":"2026-01-09T17:12:36","guid":{"rendered":"https:\/\/topprixsarl.ch\/product\/brother-mfc-j5340dw-imprimante-a-jet-dencre\/"},"modified":"2026-01-14T14:19:06","modified_gmt":"2026-01-14T14:19:06","slug":"brother-mfc-j5340dw-imprimante-a-jet-dencre","status":"publish","type":"product","link":"https:\/\/topprixsarl.ch\/de\/product\/brother-mfc-j5340dw-imprimante-a-jet-dencre\/","title":{"rendered":"Brother MFC-J5340DW imprimante \u00e0 jet d&rsquo;encre"},"content":{"rendered":"<p>Offrez \u00e0 votre papier la meilleure qualit\u00e9 d&rsquo;impression. <\/p>\n<p>Un produit \u00ab\u00a0formule tout compris\u00a0\u00bb pour le bureau? Commandez la pr\u00e9cision et imprimez en un clic pour un super rapport qualit\u00e9-prix! <\/p>\n<p>L&rsquo;imprimante jet d\u2019encre de la marque Brother pourra imprimer, copier, faxer et scanner sans probl\u00e8me vos textes, documents et dossiers de pr\u00e9sentation. <\/p>\n<p>+ Peu bruyante<br \/>\n+ Prend peu de place<br \/>\n+ Peu \u00e9nergivore  <\/p>\n<p>En d\u00e9pit de sa petite taille, ce produit de qualit\u00e9 offre toute la polyvalence d&rsquo;une imprimante couleur classique. <\/p>\n<p>Par ailleurs, vous pouvez simplement relier l&rsquo;appareil \u00e0 votre Wi-Fi et ainsi transf\u00e9rer les donn\u00e9es d&rsquo;impression rapidement et en toute simplicit\u00e9. <\/p>\n<p>Ou bien vous vous servez de l&rsquo;Ethernet pour cela, car il peut aussi \u00eatre reli\u00e9 \u00e0 l&rsquo;imprimante. <\/p>\n<p>+ Capacit\u00e9 de 250 pages appr\u00e9ciable<br \/>\n+ Pages au format A3  <\/p>\n<p>Lorsqu&rsquo;il s&rsquo;agit de qualit\u00e9, pas question de l\u00e9siner. Optez ainsi pour des normes \u00e9prouv\u00e9es sur lesquelles vous pourrez compter en toute occasion. <\/p>\n<p>Commandez l&rsquo;imprimante jet d\u2019encre de la marque Brother. Elle imprimera vos projets \u00e0 temps ou imprimera des contrats irr\u00e9prochables sur le plan visuel lors de vos diverses n\u00e9gociations. <\/p>\n<p>Misez d\u00e8s maintenant sur la pr\u00e9cision! <\/p>\n<p>> Garantie 2 ans<\/p>","protected":false},"excerpt":{"rendered":"<p>Offrez \u00e0 votre papier la meilleure qualit\u00e9 d&rsquo;impression Un produit \u00ab\u00a0formule tout compris\u00a0\u00bb pour le bureau? Commandez la pr\u00e9cision et imprimez en un clic pour un super rapport qualit\u00e9-prix! L&rsquo;imprimante jet d\u2019encre de la marque Brother pourra imprimer,<\/p>","protected":false},"featured_media":31346,"comment_status":"open","ping_status":"closed","template":"","meta":[],"product_brand":[],"product_cat":[137],"product_tag":[],"class_list":{"0":"post-31347","1":"product","2":"type-product","3":"status-publish","4":"has-post-thumbnail","6":"product_cat-papier","8":"first","9":"instock","10":"shipping-taxable","11":"purchasable","12":"product-type-simple"},"_links":{"self":[{"href":"https:\/\/topprixsarl.ch\/de\/wp-json\/wp\/v2\/product\/31347","targetHints":{"allow":["GET"]}}],"collection":[{"href":"https:\/\/topprixsarl.ch\/de\/wp-json\/wp\/v2\/product"}],"about":[{"href":"https:\/\/topprixsarl.ch\/de\/wp-json\/wp\/v2\/types\/product"}],"replies":[{"embeddable":true,"href":"https:\/\/topprixsarl.ch\/de\/wp-json\/wp\/v2\/comments?post=31347"}],"version-history":[{"count":2,"href":"https:\/\/topprixsarl.ch\/de\/wp-json\/wp\/v2\/product\/31347\/revisions"}],"predecessor-version":[{"id":33041,"href":"https:\/\/topprixsarl.ch\/de\/wp-json\/wp\/v2\/product\/31347\/revisions\/33041"}],"wp:featuredmedia":[{"embeddable":true,"href":"https:\/\/topprixsarl.ch\/de\/wp-json\/wp\/v2\/media\/31346"}],"wp:attachment":[{"href":"https:\/\/topprixsarl.ch\/de\/wp-json\/wp\/v2\/media?parent=31347"}],"wp:term":[{"taxonomy":"product_brand","embeddable":true,"href":"https:\/\/topprixsarl.ch\/de\/wp-json\/wp\/v2\/product_brand?post=31347"},{"taxonomy":"product_cat","embeddable":true,"href":"https:\/\/topprixsarl.ch\/de\/wp-json\/wp\/v2\/product_cat?post=31347"},{"taxonomy":"product_tag","embeddable":true,"href":"https:\/\/topprixsarl.ch\/de\/wp-json\/wp\/v2\/product_tag?post=31347"}],"curies":[{"name":"wp","href":"https:\/\/api.w.org\/{rel}","templated":true}]}}